
{"id":8502,"date":"2016-04-12T15:27:11","date_gmt":"2016-04-12T13:27:11","guid":{"rendered":"http:\/\/www.senas.lasf.lt\/?page_id=8502"},"modified":"2025-01-09T19:04:13","modified_gmt":"2025-01-09T17:04:13","slug":"kontaktai","status":"publish","type":"page","link":"https:\/\/www.senas.lasf.lt\/lt\/kitos-sakos\/kontaktai\/","title":{"rendered":"Kontaktai"},"content":{"rendered":"<p><strong>LIETUVOS AUTOMOBILI\u0172 SPORTO FEDERACIJA<\/strong><\/p>\n<p>Savanori\u0173 pr. 56, 44210 Kaunas<\/p>\n<p>tel.\/fax.: +370 (37) 35 00 26, mob.: +370 615 46 710 el. pa\u0161tas: <a href=\"mailto:lasf@lasf.lt\">lasf@lasf.lt<\/a><\/p>\n<p><strong>Kit\u0173 sporto \u0161ak\u0173 komiteto pirmininkas: <\/strong><strong>SILVERIJUS LAP\u0116NAS<\/strong><\/p>\n<p>mob.: +370 614 10 069<\/p>\n<p>el.pa\u0161tas: slalomas@lasf.lt<\/p>\n<p><strong>Kit\u0173 sporto \u0161ak\u0173 komiteto pirmininko pavaduotojas: EUGENIJUS ANDRULIS<\/strong><\/p>\n<p><strong>Komiteto nariai:<\/strong><\/p>\n<ul>\n<li>Darius Mork\u016bnas<\/li>\n<li>Saulius Stanaitis<\/li>\n<\/ul>\n<p><\/p>","protected":false},"excerpt":{"rendered":"<p>LIETUVOS AUTOMOBILI\u0172 SPORTO FEDERACIJA Savanori\u0173 pr. 56, 44210 Kaunas tel.\/fax.: +370 (37) 35 00 26, mob.: +370 615 46 710 el. pa\u0161tas: lasf@lasf.lt Kit\u0173 sporto &#8230;<\/p>\n","protected":false},"author":19,"featured_media":0,"parent":128,"menu_order":0,"comment_status":"closed","ping_status":"closed","template":"","meta":{"footnotes":""},"class_list":["post-8502","page","type-page","status-publish","hentry"],"_links":{"self":[{"href":"https:\/\/www.senas.lasf.lt\/lt\/wp-json\/wp\/v2\/pages\/8502"}],"collection":[{"href":"https:\/\/www.senas.lasf.lt\/lt\/wp-json\/wp\/v2\/pages"}],"about":[{"href":"https:\/\/www.senas.lasf.lt\/lt\/wp-json\/wp\/v2\/types\/page"}],"author":[{"embeddable":true,"href":"https:\/\/www.senas.lasf.lt\/lt\/wp-json\/wp\/v2\/users\/19"}],"replies":[{"embeddable":true,"href":"https:\/\/www.senas.lasf.lt\/lt\/wp-json\/wp\/v2\/comments?post=8502"}],"version-history":[{"count":17,"href":"https:\/\/www.senas.lasf.lt\/lt\/wp-json\/wp\/v2\/pages\/8502\/revisions"}],"predecessor-version":[{"id":39784,"href":"https:\/\/www.senas.lasf.lt\/lt\/wp-json\/wp\/v2\/pages\/8502\/revisions\/39784"}],"up":[{"embeddable":true,"href":"https:\/\/www.senas.lasf.lt\/lt\/wp-json\/wp\/v2\/pages\/128"}],"wp:attachment":[{"href":"https:\/\/www.senas.lasf.lt\/lt\/wp-json\/wp\/v2\/media?parent=8502"}],"curies":[{"name":"wp","href":"https:\/\/api.w.org\/{rel}","templated":true}]}}