
{"id":8041,"date":"2016-03-01T15:27:58","date_gmt":"2016-03-01T13:27:58","guid":{"rendered":"http:\/\/www.senas.lasf.lt\/?page_id=8041"},"modified":"2023-08-23T13:02:08","modified_gmt":"2023-08-23T11:02:08","slug":"tapk-savanoriu","status":"publish","type":"page","link":"https:\/\/www.senas.lasf.lt\/lt\/tapk-savanoriu\/","title":{"rendered":"Tapk savanoriu"},"content":{"rendered":"<p><\/p>\n<div class=\"x11i5rnm xat24cr x1mh8g0r x1vvkbs xtlvy1s x126k92a\" style=\"text-align: justify;\">\n<div dir=\"auto\">\n<p style=\"text-align: justify;\"><img decoding=\"async\" class=\"alignleft\" src=\"https:\/\/www.senas.lasf.lt\/wp-content\/uploads\/2023\/06\/Kvietimas-savanoriauti-287x191.png\"><\/p>\n<p>Domiesi automobili\u0173 sportu, bet ne\u017einai nuo ko prad\u0117ti ?<\/p>\n<p>Kvie\u010diame tave savanoriauti automobili\u0173 sporto var\u017eybose.<\/p>\n<p>Viskas, ko reikia, tai u\u017epildyti \u0161i\u0105 <a href=\"https:\/\/docs.google.com\/forms\/d\/e\/1FAIpQLSfG4xyMiudvWF5odDxmWEgzI9mz_HBGCffExbISGITz4YgwrQ\/viewform?usp=sf_link\">anket\u0105<\/a> (nuoroda aktyvi) ir organizatoriai pagal tavo pateiktus duomenis su tavimi susisieks.<\/p>\n<\/div>\n<\/div>\n<p>&nbsp;<\/p>\n<p>&nbsp;<\/p>\n<div class=\"x11i5rnm xat24cr x1mh8g0r x1vvkbs xtlvy1s x126k92a\" style=\"text-align: justify;\">\n<div dir=\"auto\">\n<p>Automobili\u0173 sportas palankus tuo, kad susideda i\u0161 daugyb\u0117s disciplin\u0173:<\/p>\n<ul>\n<li>Ralis<\/li>\n<li>Krosas<\/li>\n<li>Ralio-krosas<\/li>\n<li>\u017diedin\u0117s lenktyn\u0117s<\/li>\n<li>Driftas<\/li>\n<li>Dragas<\/li>\n<li>Slalomas<\/li>\n<li>Street Race<\/li>\n<li>Kartingai<\/li>\n<\/ul>\n<p>Svarstai kod\u0117l tur\u0117tum savanoriauti ? \u0160tai keli privalumai:<\/p>\n<ul>\n<li>\u012egyjamos kompetencijos tobul\u0117ti toje srityje ir galimyb\u0117 tapti tos srities profesionalu;<\/li>\n<li>Pa\u017eintys;<\/li>\n<li>Sav\u0119s realizacija naujoje ir dar nebandytoje aplinkoje;<\/li>\n<li>Asmeninis tobul\u0117jimas;<\/li>\n<li>Nauji i\u0161\u0161\u016bkiai;<\/li>\n<li>Karjeros galimyb\u0117s;<\/li>\n<li>Galimyb\u0117 susipa\u017einti su geriausiais Lietuvos ir Pasaulio sportininkais;<\/li>\n<li>Disciplin\u0173 \u012fvairov\u0117;<\/li>\n<li>Savanoryst\u0117s galimyb\u0117s u\u017esienio \u0161alyse, tad tuo pa\u010diu metu tobulinamos u\u017esienio kalbos \u017einios.<\/li>\n<\/ul>\n<p>Iki susitikimo trasose!<\/p>\n<\/div>\n<\/div>\n<p><\/p>","protected":false},"excerpt":{"rendered":"<p>Domiesi automobili\u0173 sportu, bet ne\u017einai nuo ko prad\u0117ti ? Kvie\u010diame tave savanoriauti automobili\u0173 sporto var\u017eybose. Viskas, ko reikia, tai u\u017epildyti \u0161i\u0105 anket\u0105 (nuoroda aktyvi) ir &#8230;<\/p>\n","protected":false},"author":19,"featured_media":0,"parent":0,"menu_order":0,"comment_status":"closed","ping_status":"closed","template":"","meta":{"footnotes":""},"class_list":["post-8041","page","type-page","status-publish","hentry"],"_links":{"self":[{"href":"https:\/\/www.senas.lasf.lt\/lt\/wp-json\/wp\/v2\/pages\/8041"}],"collection":[{"href":"https:\/\/www.senas.lasf.lt\/lt\/wp-json\/wp\/v2\/pages"}],"about":[{"href":"https:\/\/www.senas.lasf.lt\/lt\/wp-json\/wp\/v2\/types\/page"}],"author":[{"embeddable":true,"href":"https:\/\/www.senas.lasf.lt\/lt\/wp-json\/wp\/v2\/users\/19"}],"replies":[{"embeddable":true,"href":"https:\/\/www.senas.lasf.lt\/lt\/wp-json\/wp\/v2\/comments?post=8041"}],"version-history":[{"count":11,"href":"https:\/\/www.senas.lasf.lt\/lt\/wp-json\/wp\/v2\/pages\/8041\/revisions"}],"predecessor-version":[{"id":34530,"href":"https:\/\/www.senas.lasf.lt\/lt\/wp-json\/wp\/v2\/pages\/8041\/revisions\/34530"}],"wp:attachment":[{"href":"https:\/\/www.senas.lasf.lt\/lt\/wp-json\/wp\/v2\/media?parent=8041"}],"curies":[{"name":"wp","href":"https:\/\/api.w.org\/{rel}","templated":true}]}}