
{"id":34540,"date":"2023-08-24T12:29:10","date_gmt":"2023-08-24T10:29:10","guid":{"rendered":"https:\/\/www.senas.lasf.lt\/?page_id=34540"},"modified":"2023-11-27T12:49:21","modified_gmt":"2023-11-27T10:49:21","slug":"fia-norminiai-aktai","status":"publish","type":"page","link":"https:\/\/www.senas.lasf.lt\/lt\/dokumentai\/fia-norminiai-aktai\/","title":{"rendered":"FIA Norminiai aktai"},"content":{"rendered":"<p><\/p>\n<ul>\n<li><a href=\"https:\/\/www.senas.lasf.lt\/wp-content\/uploads\/2023\/11\/ASN-saugumo-biuletenis-34.pdf\" class=\"mtli_attachment mtli_pdf\">FIA saugumo biuletenis #34 Kombinezonai<\/a><\/li>\n<\/ul>\n<p>&nbsp;<\/p>\n<p><strong><a href=\"https:\/\/www.fia.com\/regulation\/category\/123\">FIA sporto kodeksas<\/a><\/strong><\/p>\n<ul>\n<li>Priedas A-<a href=\"https:\/\/www.fia.com\/regulation\/category\/123\"> FIA Anti-dopingo taisykl\u0117s<\/a><\/li>\n<li>Priedas C- <a href=\"https:\/\/www.fia.com\/regulation\/category\/123\">FIA Anti-alkoholio taisykl\u0117s<\/a><\/li>\n<li>Priedas D- <a href=\"https:\/\/www.fia.com\/regulation\/category\/123\">Taisykl\u0117s sausumos rekord\u0173 bandymui<\/a><\/li>\n<li>Priedas G- <a href=\"https:\/\/www.fia.com\/international-sporting-calendar\">Tarptautinis kalendorius<\/a><\/li>\n<li>Priedas H- <a href=\"https:\/\/www.fia.com\/regulation\/category\/123\">Keli\u0173 ir avarini\u0173 tarnyb\u0173 prie\u017ei\u016bros rekomendacijos<\/a><\/li>\n<li>Priedas J- <a href=\"https:\/\/www.fia.com\/regulation\/category\/123\">Techniniai reglamentai<\/a><\/li>\n<li>Priedas L- <a href=\"https:\/\/www.fia.com\/regulation\/category\/123\">Vairuotojo licencijos, medicinin\u0117 ap\u017ei\u016bra, vairuotojo \u012franga ir elgesys<\/a><\/li>\n<li>Priedas M- <a href=\"https:\/\/www.fia.com\/regulation\/category\/123\">Manipuliavimas var\u017eybose<\/a><\/li>\n<li>Priedas O- <a href=\"https:\/\/www.fia.com\/regulation\/category\/123\">Lenktyni\u0173 tras\u0173 tikrinimo tvarka<\/a><\/li>\n<li>Priedas P- <a href=\"https:\/\/www.fia.com\/regulation\/category\/123\">FIA bendri nurodymai, taikomi Tarptautin\u0117ms var\u017eyb\u0173 serijoms<\/a><\/li>\n<li>Priedas S- <a href=\"https:\/\/www.fia.com\/regulation\/category\/123\">COVID 19 elgesio taisykl\u0117s<\/a><\/li>\n<li>Priedas V- <a href=\"https:\/\/www.fia.com\/regulation\/category\/123\">Taisykl\u0117s ir proced\u016bros, susijusios su savanoriais ir oficialiais asmenims<\/a><\/li>\n<li>Priedas Z- <a href=\"https:\/\/www.fia.com\/regulation\/category\/123\">Bendrieji principai taikomi FIA zonose<\/a><\/li>\n<\/ul>\n<p>P.S. Naujausias dokument\u0173 versijas rasite paspaud\u0119 <a href=\"https:\/\/www.fia.com\/regulation\/category\/123\">LATEST DOCUMENTS <\/a><\/p>\n<p><strong>Informacija apie atskiras disciplinas:&nbsp;<\/strong><\/p>\n<ul>\n<li><a href=\"https:\/\/www.fia.com\/events\/world-rally-championship\/season-2023\/2023-world-rally-championship\">Pasaulio ralio \u010dempionatas<\/a><\/li>\n<li><a href=\"https:\/\/www.fia.com\/events\/fia-world-rally-raid-championship\/season-2023\/2023-fia-world-rally-raid-championship-w2rc\">Pasaulio rally-raid \u010dempionatas<\/a><\/li>\n<li><a href=\"https:\/\/www.fia.com\/events\/world-endurance-championship\/season-2023\/fia-world-endurance-championship\">Pasaulio Endurance \u010dempionatas<\/a><\/li>\n<li><a href=\"https:\/\/www.fia.com\/events\/world-rallycross-championship\/season-2023\/world-rallycross-championship\">Pasaulio ralio kroso \u010dempionatas<\/a><\/li>\n<li><a href=\"https:\/\/www.fia.com\/events\/european-rally-championship\/season-2023\/fia-european-rally-championship\">FIA Europos ralio \u010dempionatas<\/a><\/li>\n<li><a href=\"https:\/\/www.fia.com\/events\/world-cup-cross-country-bajas\/season-2023\/world-cup-cross-country-bajas\">FIA&nbsp; Pasaulio Cross country Baja taur\u0117<\/a><\/li>\n<li><a href=\"https:\/\/www.fia.com\/events\/fia-european-cup-cross-country-bajas\/season-2023\/fia-european-cup-cross-country-bajas\">FIA&nbsp; Europos Cross country Baja taur\u0117<\/a><\/li>\n<li><a href=\"https:\/\/www.fia.com\/events\/european-rallycross-championship\/season-2022\/fia-european-rallycross-championship\">FIA Europos ralio kroso \u010dempionatas<\/a><\/li>\n<li><a href=\"https:\/\/www.fia.com\/events\/european-historic-rally-championship\/season-2023\/european-historic-rally-championship\">FIA Europos istorini\u0173 automobili\u0173 \u010dempionatas<\/a><\/li>\n<li><a href=\"https:\/\/www.fia.com\/events\/karting\/season-2022\/karting\">Kartingai<\/a><\/li>\n<li><a href=\"https:\/\/www.fia.com\/esports\">E sportas<\/a><\/li>\n<li><a href=\"https:\/\/www.fia.com\/events\/fia-motorsport-games\/season-2024\/dates-and-26-categories-already-confirmed-2024-fia\">Morsport Games<\/a><\/li>\n<\/ul>\n<p><a href=\"https:\/\/www.fia.com\/regulations#homologations\"><strong>Informacija apie homologacijas<\/strong><\/a><\/p>\n<p><strong><a href=\"https:\/\/www.fia.com\/safety-0\">Saugumo reikalavimai<\/a><\/strong><\/p>\n<p>&nbsp;<\/p>\n<p>Informacija naudojama i\u0161 tinklapio www.fia.com&nbsp;<\/p>","protected":false},"excerpt":{"rendered":"<p>FIA saugumo biuletenis #34 Kombinezonai &nbsp; FIA sporto kodeksas Priedas A- FIA Anti-dopingo taisykl\u0117s Priedas C- FIA Anti-alkoholio taisykl\u0117s Priedas D- Taisykl\u0117s sausumos rekord\u0173 bandymui &#8230;<\/p>\n","protected":false},"author":21,"featured_media":0,"parent":96,"menu_order":0,"comment_status":"closed","ping_status":"closed","template":"","meta":{"footnotes":""},"class_list":["post-34540","page","type-page","status-publish","hentry"],"_links":{"self":[{"href":"https:\/\/www.senas.lasf.lt\/lt\/wp-json\/wp\/v2\/pages\/34540"}],"collection":[{"href":"https:\/\/www.senas.lasf.lt\/lt\/wp-json\/wp\/v2\/pages"}],"about":[{"href":"https:\/\/www.senas.lasf.lt\/lt\/wp-json\/wp\/v2\/types\/page"}],"author":[{"embeddable":true,"href":"https:\/\/www.senas.lasf.lt\/lt\/wp-json\/wp\/v2\/users\/21"}],"replies":[{"embeddable":true,"href":"https:\/\/www.senas.lasf.lt\/lt\/wp-json\/wp\/v2\/comments?post=34540"}],"version-history":[{"count":7,"href":"https:\/\/www.senas.lasf.lt\/lt\/wp-json\/wp\/v2\/pages\/34540\/revisions"}],"predecessor-version":[{"id":35601,"href":"https:\/\/www.senas.lasf.lt\/lt\/wp-json\/wp\/v2\/pages\/34540\/revisions\/35601"}],"up":[{"embeddable":true,"href":"https:\/\/www.senas.lasf.lt\/lt\/wp-json\/wp\/v2\/pages\/96"}],"wp:attachment":[{"href":"https:\/\/www.senas.lasf.lt\/lt\/wp-json\/wp\/v2\/media?parent=34540"}],"curies":[{"name":"wp","href":"https:\/\/api.w.org\/{rel}","templated":true}]}}