
{"id":2233,"date":"2013-12-06T08:54:50","date_gmt":"2013-12-06T06:54:50","guid":{"rendered":"http:\/\/www.senas.lasf.lt\/?page_id=2233"},"modified":"2025-02-12T11:12:09","modified_gmt":"2025-02-12T09:12:09","slug":"protokolai","status":"publish","type":"page","link":"https:\/\/www.senas.lasf.lt\/lt\/dragas\/protokolai\/","title":{"rendered":"Protokolai"},"content":{"rendered":"<p><strong>2025 m. Drago komisijos pos\u0117d\u017ei\u0173 protokolai:<\/strong><\/p>\n<p><a href=\"https:\/\/www.senas.lasf.lt\/wp-content\/uploads\/2025\/02\/Drag-komisijos-posedis-01.pdf\" class=\"mtli_attachment mtli_pdf\">Protokolas Nr. 2025-01, 2025-02-04<\/a><\/p>\n<p><a href=\"https:\/\/www.senas.lasf.lt\/wp-content\/uploads\/2025\/02\/Drag-komisijos-posedis-02.pdf\" class=\"mtli_attachment mtli_pdf\">Protokolas Nr. 2025-02, 2025-02-11<\/a><\/p>\n<p><strong>2024 m. Drago komisijos pos\u0117d\u017ei\u0173 protokolai:<\/strong><\/p>\n<p><a href=\"https:\/\/www.senas.lasf.lt\/wp-content\/uploads\/2024\/05\/Drag-komisijos-posedis-Nr.-03.pdf\" class=\"mtli_attachment mtli_pdf\">Protokolas Nr. 2024-03, 2024-05-23<\/a>; <a href=\"https:\/\/www.senas.lasf.lt\/wp-content\/uploads\/2024\/05\/Drago-komisijos-Isaiskinimas-2-002.pdf\" class=\"mtli_attachment mtli_pdf\">I\u0161ai\u0161kinimas<\/a><\/p>\n<p><a href=\"https:\/\/www.senas.lasf.lt\/wp-content\/uploads\/2024\/03\/Drag-komisijos-posedis.pdf\" class=\"mtli_attachment mtli_pdf\">Protokolas Nr. 2024-02, 2024-03-21 ; <\/a><a href=\"https:\/\/www.senas.lasf.lt\/wp-content\/uploads\/2024\/03\/Drago-komisijos-Isaiskinimas.pdf\" class=\"mtli_attachment mtli_pdf\">Priedas Nr. 1 Drago komisijos I\u0161ai\u0161kinimas d\u0117l papildom\u0173 med\u017eiag\u0173 \u012fpur\u0161kimo sistem\u0173 naudojimo<\/a><\/p>\n<p><a href=\"https:\/\/www.senas.lasf.lt\/wp-content\/uploads\/2024\/02\/Drag-komisijos-posedis.pdf\" class=\"mtli_attachment mtli_pdf\">Protokolas Nr. 2024-01, 2024-02-13<\/a><\/p>\n<p><strong>2023 m. Drag komiteto pos\u0117d\u017ei\u0173 protokolai:<\/strong><\/p>\n<p><a href=\"https:\/\/www.senas.lasf.lt\/wp-content\/uploads\/2023\/10\/Drag-protokolas-Nr.-2023-10-11-1.pdf\" class=\"mtli_attachment mtli_pdf\">Protokolas Nr. 2023-10-11<\/a>; <a href=\"https:\/\/www.senas.lasf.lt\/lt\/dragas\/rezultatai\/\">Rezultatai<\/a><\/p>\n<p><a href=\"https:\/\/www.senas.lasf.lt\/wp-content\/uploads\/2023\/07\/LASF-Drago-komiteto-protokolas-07.14.docx-1.pdf\" class=\"mtli_attachment mtli_pdf\">Protokolas Nr. 2023-07-14<\/a><\/p>\n<p><a href=\"https:\/\/www.senas.lasf.lt\/wp-content\/uploads\/2023\/07\/LASF-Drago-komiteto-protokolas-07.10.docx.pdf\" class=\"mtli_attachment mtli_pdf\">Protokolas Nr. 2023-07-10<\/a><\/p>\n<p><a href=\"https:\/\/www.senas.lasf.lt\/wp-content\/uploads\/2023\/05\/Protokolas-2023-05-26.docx.pdf\" class=\"mtli_attachment mtli_pdf\">Protokolas Nr. 2023-05-26<\/a><\/p>\n<p><a href=\"https:\/\/www.senas.lasf.lt\/wp-content\/uploads\/2023\/05\/Protokolas-Nr.-2023-05-19-1.pdf\" class=\"mtli_attachment mtli_pdf\">Protokolas Nr. 2023-05-19<\/a><\/p>\n<p><a href=\"https:\/\/www.senas.lasf.lt\/wp-content\/uploads\/2023\/04\/Protokolas-Nr.-2023_03-30_2.pdf\" class=\"mtli_attachment mtli_pdf\">Protokolas Nr. 2023-03-30<\/a><\/p>\n<p><a href=\"https:\/\/www.senas.lasf.lt\/wp-content\/uploads\/2023\/03\/Protokolas-2023-03-21-1.pdf\" class=\"mtli_attachment mtli_pdf\">Protokolas Nr. 2023-03-21<\/a><\/p>\n<p><strong>2022 m. Drag komiteto pos\u0117d\u017ei\u0173 protokolai:<\/strong><\/p>\n<p><a href=\"https:\/\/www.senas.lasf.lt\/wp-content\/uploads\/2022\/05\/2022-05-15-LASF-Drag-komiteto-posedzio-protokolas-Nr.-2022-05.pdf\" class=\"mtli_attachment mtli_pdf\">Protokolas Nr. 2022-05, 2022-05-15<\/a><\/p>\n<p><a href=\"https:\/\/www.senas.lasf.lt\/wp-content\/uploads\/2022\/04\/Drag-posedzio-prokolas_2022-04_F.pdf\" class=\"mtli_attachment mtli_pdf\">Pos\u0117d\u017eio protokolas Nr. 2022-04, 2022-04-14<\/a>&nbsp; patikslintas<\/p>\n<p><a href=\"https:\/\/www.senas.lasf.lt\/wp-content\/uploads\/2022\/02\/2022-02-14-LASF-Drag-komiteto-posedzio-protokolas-Nr.-2022-03.pdf\" class=\"mtli_attachment mtli_pdf\">Pos\u0117d\u017eio protokolas Nr. 2022-03, 2022-02-14<\/a><\/p>\n<p><a href=\"https:\/\/www.senas.lasf.lt\/wp-content\/uploads\/2022\/01\/2022-01-29-LASF-Drag-komiteto-posedzio-protokolas-Nr.-2022-02.pdf\" class=\"mtli_attachment mtli_pdf\">Pos\u0117d\u017eio protokolas Nr. 2022-02, 2022-01-29<\/a>&nbsp;<\/p>\n<p><a href=\"https:\/\/www.senas.lasf.lt\/wp-content\/uploads\/2022\/01\/2022-01-26-LASF-Drag-komiteto-posedzio-protokolas-Nr.-2022-01.pdf\" class=\"mtli_attachment mtli_pdf\">Pos\u0117d\u017eio protokolas Nr. 2022-01, 2022-01-26 <\/a><a href=\"https:\/\/www.senas.lasf.lt\/wp-content\/uploads\/2022\/01\/saugos-lanku-resertifikavimas-finaline-versija1.docx\" class=\"mtli_attachment mtli_docx\">Priedas Nr. 1 Saugos lank\u0173 sertifikavimas<\/a><\/p>\n<p><strong>2021 m. Drag komiteto pos\u0117d\u017ei\u0173 protokolai:<\/strong><\/p>\n<p><a href=\"https:\/\/www.senas.lasf.lt\/wp-content\/uploads\/2021\/08\/Posedzio-protokolas-2021-08-18-2021-08-1.pdf\" class=\"mtli_attachment mtli_pdf\">Pos\u0117d\u017eio protokolas 2021-08-18, 2021-08<\/a><\/p>\n<p><a href=\"https:\/\/www.senas.lasf.lt\/wp-content\/uploads\/2021\/08\/2021-08-04-LASF-Drag-komiteto-posedzio-protokolas-Nr.-2021-07-1.pdf\" class=\"mtli_attachment mtli_pdf\">Pos\u0117d\u017eio protokolas Nr. 2021-07, 2021-08-15<\/a><\/p>\n<p><a href=\"https:\/\/www.senas.lasf.lt\/wp-content\/uploads\/2021\/07\/Posedzio-protokolas-2021-07-14-2021-06.pdf\" class=\"mtli_attachment mtli_pdf\">Protokolas Nr. 2021-07-14, 2021-06<\/a><\/p>\n<p><a href=\"https:\/\/www.senas.lasf.lt\/wp-content\/uploads\/2021\/07\/2021-06-22-LASF-Drag-komiteto-posedzio-protokolas-Nr.-2021-04-002.pdf\" class=\"mtli_attachment mtli_pdf\">Protokolas Nr. 2021-04, 2021-06-23\/01<\/a><\/p>\n<p><a href=\"https:\/\/www.senas.lasf.lt\/wp-content\/uploads\/2021\/06\/2021-06-22-LASF-Drag-komiteto-posedzio-protokolas-Nr.-2021-03-antra-versija.pdf\" class=\"mtli_attachment mtli_pdf\">Pos\u0117d\u017eio protokolas Nr. 2021-03<\/a>, 2021-06-22<\/p>\n<p><a href=\"https:\/\/www.senas.lasf.lt\/wp-content\/uploads\/2021\/06\/2021-03-30-LASF-Drag-komiteto-posedzio-protokolas-Nr.-2021-02.pdf\" class=\"mtli_attachment mtli_pdf\">Protokolas Nr. 2021-02<\/a>, 2021-03-30<\/p>\n<p><a href=\"https:\/\/www.senas.lasf.lt\/wp-content\/uploads\/2021\/03\/Posedzio-protokolas_atnaujintas_20200325.pdf\" class=\"mtli_attachment mtli_pdf\">Protokolas Nr.2021-01, 2021-03-25<\/a><\/p>\n<p><strong>2020 m. Drag komiteto pos\u0117d\u017ei\u0173 protokolai:<\/strong><\/p>\n<p><a href=\"https:\/\/www.senas.lasf.lt\/wp-content\/uploads\/2020\/08\/Posedzio-protokolas-2020-08-18-v2.pdf\" class=\"mtli_attachment mtli_pdf\">Protokolas 2020-08-18 , Nr. 2<\/a><\/p>\n<p><a href=\"https:\/\/www.senas.lasf.lt\/wp-content\/uploads\/2020\/01\/Posedzio-protokolas-2020_01_02.pdf\" class=\"mtli_attachment mtli_pdf\">Protokolas Nr. 2020 0102\/1<\/a><\/p>\n<p><strong>2019 m. Drag&#8217;o komiteto pos\u0117d\u017ei\u0173 protokolai<\/strong><\/p>\n<p><a href=\"https:\/\/www.senas.lasf.lt\/wp-content\/uploads\/2019\/12\/Posedzio-protokolas-2019-12-19.pdf\" class=\"mtli_attachment mtli_pdf\">Protokolas Nr. 2019-12-19\/1&nbsp;<\/a><a href=\"https:\/\/www.senas.lasf.lt\/wp-content\/uploads\/2019\/12\/Priedas.pdf\" class=\"mtli_attachment mtli_pdf\">Priedas Nr.1<\/a><\/p>\n<p><a href=\"https:\/\/www.senas.lasf.lt\/wp-content\/uploads\/2020\/01\/Posedzio-protokolas-2019-10-31.pdf\" class=\"mtli_attachment mtli_pdf\">Protokolas Nr.20191031\/1, 2019-10-31<\/a><\/p>\n<p><a href=\"https:\/\/www.senas.lasf.lt\/wp-content\/uploads\/2019\/11\/Protokolas-Nr.-2019-07-24-.pdf\" class=\"mtli_attachment mtli_pdf\">Protokolas Nr. 2019-07-24<\/a><\/p>\n<p><strong>2018 m. Drag&#8217;o komiteto pos\u0117d\u017ei\u0173 protokolai<\/strong><\/p>\n<p><a href=\"https:\/\/www.senas.lasf.lt\/wp-content\/uploads\/2013\/12\/Protokolas-Nr.-2018-09-06.pdf\" class=\"mtli_attachment mtli_pdf\">Protokolas Nr.2018-09-06<\/a><\/p>\n<p><a href=\"https:\/\/www.senas.lasf.lt\/wp-content\/uploads\/2013\/12\/Protokolas-Nr.-2018-06-131.pdf\" class=\"mtli_attachment mtli_pdf\">Protokolas Nr.2018-06-13<\/a><\/p>\n<p><strong>2017 m. Drag&#8217;o komiteto pos\u0117d\u017ei\u0173 protokolai<\/strong><\/p>\n<p><a href=\"https:\/\/www.senas.lasf.lt\/wp-content\/uploads\/2013\/12\/Protokolas-Nr.1-2017-03-15.pdf\" class=\"mtli_attachment mtli_pdf\">Protokolas Nr. 2017-01 (2017-03-15)<\/a><\/p>\n<hr>\n<p><strong>2016 m.Drag&#8217;o komiteto pos\u0117d\u017ei\u0173 protokolai<\/strong><\/p>\n<p><a href=\"https:\/\/www.senas.lasf.lt\/wp-content\/uploads\/2013\/12\/DRAG-Protokolas-Nr.-2016-11-17.pdf\" class=\"mtli_attachment mtli_pdf\">Protokolas Nr. 2016-03 (2016-11-17)<\/a><\/p>\n<p><a href=\"https:\/\/www.senas.lasf.lt\/wp-content\/uploads\/2013\/12\/Protokolas-Nr.-2016-2-2016-03-26.pdf\" class=\"mtli_attachment mtli_pdf\">Protokolas Nr. 2016-02 (2016-03-26)<\/a><\/p>\n<p><a href=\"https:\/\/www.senas.lasf.lt\/wp-content\/uploads\/2013\/12\/Drag-komiteto-susirinkimo-protokolas-Nr.-01.pdf\" class=\"mtli_attachment mtli_pdf\">Protokolas Nr. 2016-01 (2016-02-18<\/a>)<\/p>\n<hr>\n<p><strong>2015 m. Drag&#8217;o komiteto pos\u0117d\u017ei\u0173 protokolai<\/strong><\/p>\n<p><a href=\"https:\/\/www.senas.lasf.lt\/wp-content\/uploads\/2013\/12\/Protokolas-Nr.-2015-08-20.pdf\" class=\"mtli_attachment mtli_pdf\">Protokolas Nr. 2015-08\/20<\/a><\/p>\n<p><a href=\"https:\/\/www.senas.lasf.lt\/wp-content\/uploads\/2013\/12\/Protokolas-Nr.-2015-0728.pdf\" class=\"mtli_attachment mtli_pdf\">Protokolas Nr. 2015-07\/28<\/a><\/p>\n<p><a href=\"https:\/\/www.senas.lasf.lt\/wp-content\/uploads\/2013\/12\/DRAG-komiteto-protokolas.pdf\" class=\"mtli_attachment mtli_pdf\" target=\"_blank\" rel=\"noopener\">Protokolas Nr. 2015-06\/04<\/a>.<\/p>","protected":false},"excerpt":{"rendered":"<p>2025 m. Drago komisijos pos\u0117d\u017ei\u0173 protokolai: Protokolas Nr. 2025-01, 2025-02-04 Protokolas Nr. 2025-02, 2025-02-11 2024 m. Drago komisijos pos\u0117d\u017ei\u0173 protokolai: Protokolas Nr. 2024-03, 2024-05-23; I\u0161ai\u0161kinimas &#8230;<\/p>\n","protected":false},"author":19,"featured_media":0,"parent":126,"menu_order":0,"comment_status":"closed","ping_status":"closed","template":"","meta":{"footnotes":""},"class_list":["post-2233","page","type-page","status-publish","hentry"],"_links":{"self":[{"href":"https:\/\/www.senas.lasf.lt\/lt\/wp-json\/wp\/v2\/pages\/2233"}],"collection":[{"href":"https:\/\/www.senas.lasf.lt\/lt\/wp-json\/wp\/v2\/pages"}],"about":[{"href":"https:\/\/www.senas.lasf.lt\/lt\/wp-json\/wp\/v2\/types\/page"}],"author":[{"embeddable":true,"href":"https:\/\/www.senas.lasf.lt\/lt\/wp-json\/wp\/v2\/users\/19"}],"replies":[{"embeddable":true,"href":"https:\/\/www.senas.lasf.lt\/lt\/wp-json\/wp\/v2\/comments?post=2233"}],"version-history":[{"count":63,"href":"https:\/\/www.senas.lasf.lt\/lt\/wp-json\/wp\/v2\/pages\/2233\/revisions"}],"predecessor-version":[{"id":40226,"href":"https:\/\/www.senas.lasf.lt\/lt\/wp-json\/wp\/v2\/pages\/2233\/revisions\/40226"}],"up":[{"embeddable":true,"href":"https:\/\/www.senas.lasf.lt\/lt\/wp-json\/wp\/v2\/pages\/126"}],"wp:attachment":[{"href":"https:\/\/www.senas.lasf.lt\/lt\/wp-json\/wp\/v2\/media?parent=2233"}],"curies":[{"name":"wp","href":"https:\/\/api.w.org\/{rel}","templated":true}]}}