
{"id":2092,"date":"2013-12-03T15:56:44","date_gmt":"2013-12-03T13:56:44","guid":{"rendered":"http:\/\/www.senas.lasf.lt\/?page_id=2092"},"modified":"2024-12-09T17:22:16","modified_gmt":"2024-12-09T15:22:16","slug":"nuostatai","status":"publish","type":"page","link":"https:\/\/www.senas.lasf.lt\/lt\/nuostatai\/","title":{"rendered":"Nuostatai"},"content":{"rendered":"<p><a href=\"https:\/\/www.senas.lasf.lt\/wp-content\/uploads\/2023\/06\/2023-Tarybos-darbo-nuostatai.pdf\" class=\"mtli_attachment mtli_pdf\">Tarybos darbo nuostatai (Patvirtinti 2023-03-27\/28)<\/a><\/p>\n<p><strong>Komitet\u0173 darbo nuostatai<\/strong><\/p>\n<p><a href=\"https:\/\/www.senas.lasf.lt\/wp-content\/uploads\/2024\/08\/Sporto-disciplinu-komitetu-darbo-nuostatai.pdf\" class=\"mtli_attachment mtli_pdf\">Sporto disciplin\u0173 komitet\u0173 darbo nuostatai<\/a> (atnaujinta 2024-08-06)<\/p>\n<p><a href=\"https:\/\/www.senas.lasf.lt\/wp-content\/uploads\/2013\/12\/LASF-sporto-Senjoru-komiteto-darbo-nuostatai-2017.pdf\" class=\"mtli_attachment mtli_pdf\">LASF sporto Senjor\u0173 komiteto darbo nuostatai&nbsp;<\/a><\/p>\n<p><strong>Komisij\u0173 darbo nuostatai<\/strong><\/p>\n<p><a href=\"https:\/\/www.senas.lasf.lt\/wp-content\/uploads\/2024\/12\/Kroso-komisijos-darbo-nuostatai.pdf\" class=\"mtli_attachment mtli_pdf\">Kroso komisijos darbo nuostatai<\/a><\/p>\n<p><a href=\"https:\/\/www.senas.lasf.lt\/wp-content\/uploads\/2023\/09\/Teiseju-komisijos-darbo-nuostatai.pdf\" class=\"mtli_attachment mtli_pdf\">Teis\u0117j\u0173 komisijos darbo nuostatai<\/a><\/p>\n<p><a href=\"https:\/\/www.senas.lasf.lt\/wp-content\/uploads\/2023\/12\/2023-ralio-kroso-komisijos-darbo-nuostatai.pdf\" class=\"mtli_attachment mtli_pdf\">Ralio kroso komisijos darbo nuostatai<\/a><\/p>\n<p><a href=\"https:\/\/www.senas.lasf.lt\/wp-content\/uploads\/2023\/10\/2023-drago-komisijos-darbo-nuostatai.pdf\" class=\"mtli_attachment mtli_pdf\">Drago komisijos darbo nuostatai<\/a><\/p>\n<p><strong>FIA dokumentai:<\/strong><\/p>\n<p><a href=\"https:\/\/www.wada-ama.org\/en\/what-we-do\/the-prohibited-list\" target=\"_blank\" rel=\"noopener\">2021 m. Pasaulin\u0117s antidopingo agent\u016bros Draud\u017eiamasis s\u0105ra\u0161as<\/a>&nbsp;(galioja nuo 2020 m. sausio 1 d.)<\/p>\n<p><a href=\"https:\/\/www.fia.com\/sites\/default\/files\/2019_06_annexe_a_clean.pdf\" class=\"mtli_attachment mtli_pdf\" target=\"_blank\" rel=\"noopener\">FIA anti-dopingo reglamentas<\/a><\/p>\n<p><a href=\"https:\/\/www.fia.com\/sites\/default\/files\/appendix_c_-_fia_anti-alcohol_regulations_-_2020.pdf\" class=\"mtli_attachment mtli_pdf\" target=\"_blank\" rel=\"noopener\">FIA anti-alkoholio reglamentas<\/a><\/p>","protected":false},"excerpt":{"rendered":"<p>Tarybos darbo nuostatai (Patvirtinti 2023-03-27\/28) Komitet\u0173 darbo nuostatai Sporto disciplin\u0173 komitet\u0173 darbo nuostatai (atnaujinta 2024-08-06) LASF sporto Senjor\u0173 komiteto darbo nuostatai&nbsp; Komisij\u0173 darbo nuostatai Kroso &#8230;<\/p>\n","protected":false},"author":19,"featured_media":0,"parent":0,"menu_order":0,"comment_status":"closed","ping_status":"closed","template":"","meta":{"footnotes":""},"class_list":["post-2092","page","type-page","status-publish","hentry"],"_links":{"self":[{"href":"https:\/\/www.senas.lasf.lt\/lt\/wp-json\/wp\/v2\/pages\/2092"}],"collection":[{"href":"https:\/\/www.senas.lasf.lt\/lt\/wp-json\/wp\/v2\/pages"}],"about":[{"href":"https:\/\/www.senas.lasf.lt\/lt\/wp-json\/wp\/v2\/types\/page"}],"author":[{"embeddable":true,"href":"https:\/\/www.senas.lasf.lt\/lt\/wp-json\/wp\/v2\/users\/19"}],"replies":[{"embeddable":true,"href":"https:\/\/www.senas.lasf.lt\/lt\/wp-json\/wp\/v2\/comments?post=2092"}],"version-history":[{"count":49,"href":"https:\/\/www.senas.lasf.lt\/lt\/wp-json\/wp\/v2\/pages\/2092\/revisions"}],"predecessor-version":[{"id":39616,"href":"https:\/\/www.senas.lasf.lt\/lt\/wp-json\/wp\/v2\/pages\/2092\/revisions\/39616"}],"wp:attachment":[{"href":"https:\/\/www.senas.lasf.lt\/lt\/wp-json\/wp\/v2\/media?parent=2092"}],"curies":[{"name":"wp","href":"https:\/\/api.w.org\/{rel}","templated":true}]}}