
{"id":186,"date":"2013-11-22T09:07:44","date_gmt":"2013-11-22T07:07:44","guid":{"rendered":"http:\/\/www.senas.lasf.lt\/?page_id=186"},"modified":"2022-12-09T10:39:59","modified_gmt":"2022-12-09T08:39:59","slug":"senjoru-komitetas","status":"publish","type":"page","link":"https:\/\/www.senas.lasf.lt\/lt\/kitos-strukturos\/senjoru-komitetas\/","title":{"rendered":"LASF sporto Senjor\u0173 komitetas"},"content":{"rendered":"<p><a href=\"https:\/\/www.senas.lasf.lt\/wp-content\/uploads\/2022\/12\/LASF-sporto-veteranu-susirinkimo-2022.12.09-protokolas.pdf\" class=\"mtli_attachment mtli_pdf\">LASF sporto veteran\u0173 susirinkimo 2022.12.09 protokolas<\/a><\/p>\n<p><a href=\"https:\/\/www.senas.lasf.lt\/wp-content\/uploads\/2022\/03\/LASF-Sporto-Veteranu-Komiteto-susirinkimo-2021.12.14-protokolas-su-priedais-koreguotas-galutinis.pdf\" class=\"mtli_attachment mtli_pdf\">LASF sporto veteran\u0173 susirinkimo 2021.12.14 protokolas <\/a><\/p>\n<p><a href=\"https:\/\/www.senas.lasf.lt\/wp-content\/uploads\/2022\/03\/LASF-Sporto-Veteranu-prasymai-2022.docx\" class=\"mtli_attachment mtli_docx\">LASF Sporto Veteran\u0173 pra\u0161ym\u0173 formos<\/a><\/p>\n<p><a href=\"https:\/\/www.senas.lasf.lt\/wp-content\/uploads\/2020\/12\/Sporto-senjoru-komiteto-nuostatai-2020-11-30-1.doc\" class=\"mtli_attachment mtli_doc\">Senjor\u0173 komiteto darbo nuostatai (Atnaujinta 2020-12-21)<\/a><\/p>\n<p><a href=\"https:\/\/www.senas.lasf.lt\/wp-content\/uploads\/2013\/11\/LASF-2017m-komi-veiklo-ataskait\u0105-1.pdf\" class=\"mtli_attachment mtli_pdf\">LASF sporto Senjor\u0173 komiteto ataskaita u\u017e 2017 metus<\/a><\/p>\n<p><a href=\"https:\/\/www.senas.lasf.lt\/wp-content\/uploads\/2013\/11\/LASF-SENJOR\u0172-KOMITETO-ATASKAITA-U\u017d-2016m.pdf\" class=\"mtli_attachment mtli_pdf\" target=\"_blank\" rel=\"noopener\">LASF sporto Senjor\u0173 komiteto ataskaita u\u017e 2016 metus<\/a><\/p>\n<p><a href=\"https:\/\/www.senas.lasf.lt\/wp-content\/uploads\/2013\/11\/2016-03-26-Suvaziavimo-medziaga-2016doc-copy.pdf\" class=\"mtli_attachment mtli_pdf\" target=\"_blank\" rel=\"noopener\">LASF sporto Senjor\u0173 komiteto ataskaita u\u017e 2015 metus<\/a><\/p>\n<p><a href=\"https:\/\/www.senas.lasf.lt\/wp-content\/uploads\/2013\/11\/Senjoru-komiteto-ataskaita-uz-2014.pdf\" class=\"mtli_attachment mtli_pdf\" target=\"_blank\" rel=\"noopener\">LASF sporto Senjor\u0173 komiteto ataskaita u\u017e 2014 metus<\/a><\/p>\n<p><a href=\"https:\/\/www.senas.lasf.lt\/wp-content\/uploads\/2013\/11\/senjoru_ataskaita_uz_2013.pdf\" class=\"mtli_attachment mtli_pdf\">LASF sporto Senjor\u0173 komiteto ataskaita u\u017e 2013 metus<\/a><\/p>\n<p><a href=\"https:\/\/www.senas.lasf.lt\/wp-content\/uploads\/2013\/11\/senjoru_ataskaita_uz_2012.pdf\" class=\"mtli_attachment mtli_pdf\">LASF sporto Senjor\u0173 komiteto ataskaita u\u017e 2012 metus<\/a><\/p>\n<hr>\n<p><strong>2014 metais savo jubiliejus \u0161ven\u010dia \u0161ie Lietuvos automobili\u0173 sporto federacijos sporto Senjorai<\/strong>:<br \/>\n<span style=\"text-decoration: underline;\">Sausio m\u0117n<\/span>. Bagdanskis K\u0119stutis &#8211; 55 m., 1959.01.04 Ma\u017eeikien\u0117 Aldona &#8211; 55m., 1959.01.22 Adomatis Vigantas &#8211; 60 m., 1954.01.23 Onu\u0161kevi\u010dius Vidas -60 m., 1954.01.28<br \/>\n<span style=\"text-decoration: underline;\">Vasario m\u0117n<\/span>. Beresnevi\u010dius Romualdas &#8211; 65 m., 1949.02.15<br \/>\n<span style=\"text-decoration: underline;\">Kovo m\u0117n<\/span>. Pagirskas Edvinas &#8211; 50 m., 1964.03.04 Aleksiejus Algirdas &#8211; 50 m., 1964.03.08 Zujevas Rolandas &#8211; 50 m., 1964.03.11 Barila Algimantas &#8211; 60 m., 1954.03.11 Gylys&nbsp;K\u0119stutis &#8211; 50 m., 1964.03.12 Markevi\u010dius Edmundas &#8211; 65 m., 1949.03.27 Anusauskas Rimvydas &#8211; 60 m. , 1954.03.27<br \/>\n<span style=\"text-decoration: underline;\">Baland\u017eio m\u0117n<\/span>. Butvilas Valdas &#8211; 50 m. , 1964.04.16 Vajinskis Vitas &#8211; 50 m., 1964.04.17<br \/>\n<em>Lietuvos automobili\u0173 sporto federacija sveikina visus sportininkus, teis\u0117jus, parei\u0161k\u0117jus bei sporto senjorus, kurie \u0161ven\u010dia jubiliejus 2014 m.&nbsp;<\/em> <em> D\u0117kojame Jums u\u017e ind\u0117l\u012f \u012f Lietuvos automobili\u0173 sporto vystym\u0105 bei linkime geros sveikatos, nei\u0161senkan\u010dios energijos, k\u016brybin\u0117s s\u0117km\u0117s j\u016bs\u0173 pam\u0117gtuose darbuose bei sumanymuose.<\/em> <strong><br \/>\n2010 metais savo jubiliejus min\u0117jo \u0161ie Lietuvos automobili\u0173 sporto federacijos sporto Senjorai<\/strong> Kostas Tamulionis &#8211; 80 m. 1930 04 05 Andris Zvingevics &#8211; 60 m. 1950 05 06 Michail Ivanov &#8211; 70 m. 1940 06 04 Rimgaudas Statnickas &#8211; 55 m. 1955 06 14 Jevgenij Beznogov &#8211; 60 m. 1950 06 21 Georg Valdek &#8211; 60 m. 1950 07 22 Diteris Manfredas Gocentas &#8211; 70 m. 1940 08 20 Raimondas Zinkevi\u010dius &#8211; 70 m. 1940 08 31 Darius Grinbergas &#8211; 40 m. 1970 09 01 Edvardas \u2013 Juozas Ramonas &#8211; 70 m. 1940 09 22 Michail Titov &#8211; 60 m. 1950 09 28 Vytautas Gaspari\u016bnas &#8211; 75 m. 1935 10 20 Vidmantas \u010ciutel\u0117 &#8211; 75 m. 1935 11 03 Via\u010deslav Ku\u010derov &#8211; 55 m. 1955 11 11 Eugenijus Martin\u0117nas &#8211; 75 m. 1935 11 22 Vitas Mar\u010diukaitis &#8211; 55 m. 1955 12 06 Algirdas Gricius &#8211; 60 m. 1950 12 11 Viktorija Vaicekauskien\u0117 &#8211; 70 m. 1940 12 17 Sveikiname jubiliatus ir linkime did\u017eiausios s\u0117km\u0117s!<\/p>","protected":false},"excerpt":{"rendered":"<p>LASF sporto veteran\u0173 susirinkimo 2022.12.09 protokolas LASF sporto veteran\u0173 susirinkimo 2021.12.14 protokolas LASF Sporto Veteran\u0173 pra\u0161ym\u0173 formos Senjor\u0173 komiteto darbo nuostatai (Atnaujinta 2020-12-21) LASF sporto &#8230;<\/p>\n","protected":false},"author":19,"featured_media":0,"parent":172,"menu_order":0,"comment_status":"closed","ping_status":"closed","template":"","meta":{"footnotes":""},"class_list":["post-186","page","type-page","status-publish","hentry"],"_links":{"self":[{"href":"https:\/\/www.senas.lasf.lt\/lt\/wp-json\/wp\/v2\/pages\/186"}],"collection":[{"href":"https:\/\/www.senas.lasf.lt\/lt\/wp-json\/wp\/v2\/pages"}],"about":[{"href":"https:\/\/www.senas.lasf.lt\/lt\/wp-json\/wp\/v2\/types\/page"}],"author":[{"embeddable":true,"href":"https:\/\/www.senas.lasf.lt\/lt\/wp-json\/wp\/v2\/users\/19"}],"replies":[{"embeddable":true,"href":"https:\/\/www.senas.lasf.lt\/lt\/wp-json\/wp\/v2\/comments?post=186"}],"version-history":[{"count":35,"href":"https:\/\/www.senas.lasf.lt\/lt\/wp-json\/wp\/v2\/pages\/186\/revisions"}],"predecessor-version":[{"id":31099,"href":"https:\/\/www.senas.lasf.lt\/lt\/wp-json\/wp\/v2\/pages\/186\/revisions\/31099"}],"up":[{"embeddable":true,"href":"https:\/\/www.senas.lasf.lt\/lt\/wp-json\/wp\/v2\/pages\/172"}],"wp:attachment":[{"href":"https:\/\/www.senas.lasf.lt\/lt\/wp-json\/wp\/v2\/media?parent=186"}],"curies":[{"name":"wp","href":"https:\/\/api.w.org\/{rel}","templated":true}]}}