
{"id":172,"date":"2013-11-22T09:05:34","date_gmt":"2013-11-22T07:05:34","guid":{"rendered":"http:\/\/www.senas.lasf.lt\/?page_id=172"},"modified":"2024-10-31T14:00:25","modified_gmt":"2024-10-31T12:00:25","slug":"kitos-strukturos","status":"publish","type":"page","link":"https:\/\/www.senas.lasf.lt\/lt\/kitos-strukturos\/","title":{"rendered":"Kitos strukt\u016bros"},"content":{"rendered":"<p>\u0160ioje LASF puslapio dalyje galite susipa\u017einti su kitomis LASF strukt\u016bromis.<\/p>\n<ul>\n<li><a href=\"https:\/\/www.senas.lasf.lt\/kitos-strukturos\/etikos-komisija\/\">Etikos komisija<\/a><\/li>\n<li><a title=\"Apeliacinis teismas\" href=\"https:\/\/www.senas.lasf.lt\/kitos-strukturos\/apeliacinis-teismas\/\">Apeliacinis teismas<\/a><\/li>\n<li><a title=\"LASF technini\u0173 reikalavim\u0173 komitetas\" href=\"https:\/\/www.senas.lasf.lt\/kitos-strukturos\/lasf-techniniu-reikalavimu-komitetas\/\">Technini\u0173 reikalavim\u0173 komitetas<\/a> <span style=\"color: #ff0000;\">(Panaikintas LASF Tarybos sprendimu 2020-11-06, protokolo Nr. 2020-18)<\/span><\/li>\n<li><a title=\"LASF teis\u0117j\u0173 komitetas\" href=\"https:\/\/www.senas.lasf.lt\/kitos-strukturos\/lasf-teiseju-komitetas\/\">Teis\u0117j\u0173 komisija<\/a><\/li>\n<li><a title=\"Saugaus var\u017eyb\u0173 organizavimo komitetas\" href=\"https:\/\/www.senas.lasf.lt\/kitos-strukturos\/saugaus-varzybu-organizavimo-komitetas\/\">Saugaus var\u017eyb\u0173 organizavimo komitetas <\/a>&nbsp;<span style=\"color: #ff0000;\">(Panaikintas LASF Tarybos sprendimu 2020-11-06, protokolo Nr. 2020-18)<\/span><\/li>\n<li><a title=\"Senjor\u0173 komitetas\" href=\"https:\/\/www.senas.lasf.lt\/kitos-strukturos\/senjoru-komitetas\/\">LASF sporto Veteran\u0173 komitetas<\/a><\/li>\n<\/ul>\n<p><\/p>","protected":false},"excerpt":{"rendered":"<p>\u0160ioje LASF puslapio dalyje galite susipa\u017einti su kitomis LASF strukt\u016bromis. Etikos komisija Apeliacinis teismas Technini\u0173 reikalavim\u0173 komitetas (Panaikintas LASF Tarybos sprendimu 2020-11-06, protokolo Nr. 2020-18) &#8230;<\/p>\n","protected":false},"author":19,"featured_media":0,"parent":0,"menu_order":0,"comment_status":"closed","ping_status":"closed","template":"","meta":{"footnotes":""},"class_list":["post-172","page","type-page","status-publish","hentry"],"_links":{"self":[{"href":"https:\/\/www.senas.lasf.lt\/lt\/wp-json\/wp\/v2\/pages\/172"}],"collection":[{"href":"https:\/\/www.senas.lasf.lt\/lt\/wp-json\/wp\/v2\/pages"}],"about":[{"href":"https:\/\/www.senas.lasf.lt\/lt\/wp-json\/wp\/v2\/types\/page"}],"author":[{"embeddable":true,"href":"https:\/\/www.senas.lasf.lt\/lt\/wp-json\/wp\/v2\/users\/19"}],"replies":[{"embeddable":true,"href":"https:\/\/www.senas.lasf.lt\/lt\/wp-json\/wp\/v2\/comments?post=172"}],"version-history":[{"count":14,"href":"https:\/\/www.senas.lasf.lt\/lt\/wp-json\/wp\/v2\/pages\/172\/revisions"}],"predecessor-version":[{"id":39445,"href":"https:\/\/www.senas.lasf.lt\/lt\/wp-json\/wp\/v2\/pages\/172\/revisions\/39445"}],"wp:attachment":[{"href":"https:\/\/www.senas.lasf.lt\/lt\/wp-json\/wp\/v2\/media?parent=172"}],"curies":[{"name":"wp","href":"https:\/\/api.w.org\/{rel}","templated":true}]}}