
{"id":162,"date":"2013-11-22T09:04:23","date_gmt":"2013-11-22T07:04:23","guid":{"rendered":"http:\/\/www.senas.lasf.lt\/?page_id=162"},"modified":"2025-03-27T13:57:53","modified_gmt":"2025-03-27T11:57:53","slug":"lasf-struktura","status":"publish","type":"page","link":"https:\/\/www.senas.lasf.lt\/lt\/lasf-struktura\/","title":{"rendered":"LASF strukt\u016bra"},"content":{"rendered":"<p><\/p>\n<h2>SEKRETORIATO STRUKT\u016aRA<\/h2>\n<ul>\n<li>LASF prezidentas &#8211; <strong>Egidijus<\/strong> <strong>JANAVI\u010cIUS <\/strong>&#8211;&nbsp;mob.: +370 685 01 303, el. p: <a href=\"mailto:egidijus.janavicius@lasf.lt\">egidijus.janavicius@lasf.lt&nbsp; &nbsp;<\/a><\/li>\n<li>LASF garb\u0117s prezidentas &#8211;&nbsp;<strong>Arnas PALIUK\u0116NAS<\/strong><\/li>\n<li>LASF generalin\u0117 sekretor\u0117 &#8211; <strong>Indr\u0117 JANAUSKAIT\u0116 <\/strong>&#8211; mob.: +370 631 21319, el. p: <a href=\"projektai@lasf.lt\">projektai@lasf.lt<\/a><\/li>\n<li>LASF administratorius &#8211; <strong>Tomas BIELEVI\u010cIUS <\/strong>&#8211; mob.: +370 615 46710, tel.\/fax.: +370 37 350026, el. p:<a href=\"mailto: lasf@lasf.lt\"> lasf@lasf.lt<\/a><\/li>\n<li>LASF finansinink\u0117 &#8211; <strong>Svetlana KNIURIEN\u0116 <\/strong>&#8211; mob.: +370 653 70019, tel.\/fax.: +370 37 787534, el. p: <a href=\"mailto:buhalterija@lasf.lt\">buhalterija@lasf.lt<\/a><\/li>\n<\/ul>\n<h2>LASF TARYBA<\/h2>\n<ul>\n<li>LASF Prezidentas &#8211; <strong>Egidijus JANAVI\u010cIUS<br \/>\n<\/strong>Kadencijos prad\u017eia: 2020-07-28<br \/>\nKadencijos pabaiga: 2028-03-25<br \/>\nKadencij\u0173 skai\u010dius: 2<br \/>\nI\u0161silavinimas: Auk\u0161tasis<br \/>\nPareigos kitose organizacijose: &#8211;<\/li>\n<\/ul>\n<ul>\n<li>LASF Viceprezidentas &#8211; <strong>Vladas PLESKOVAS<br \/>\n<\/strong>Kadencijos prad\u017eia: 2020-08-19<br \/>\nKadencijos pabaiga: 2028-03-25<br \/>\nKadencij\u0173 skai\u010dius: 2<br \/>\nI\u0161silavinimas: Auk\u0161tasis<br \/>\nPareigos kitose organizacijose: UAB \u201eKLASERA\u201c Generalinis direktorius, UAB \u201eTRANSKONA\u201c Prezidentas, UAB \u201eBALTIC AUTO\u201c Valdybos pirmininkas, Technini\u0173 ap\u017ei\u016br\u0173 \u012fmoni\u0173 asociacija \u201eTRANSEKSTA\u201c \u2013 Valdybos pirmininkas, Klaip\u0117dos prekybos, pramon\u0117s ir amat\u0173 r\u016bmai- Prezidentas<\/li>\n<\/ul>\n<ul>\n<li>LASF Tarybos narys &#8211; <strong>Sandra JANU\u0160AUSKAIT\u0116<br \/>\n<\/strong>Kadencijos prad\u017eia: 2024-04-29<br \/>\nKadencijos pabaiga: 2028-03-25<br \/>\nKadencij\u0173 skai\u010dius: 1<br \/>\nI\u0161silavinimas: Auk\u0161tasis<br \/>\nPareigos kitose organizacijose: Darboviet\u0117 Asociacija EEPA, V\u0161\u012e Drifthappens klubo savinink\u0117<\/li>\n<\/ul>\n<ul>\n<li>LASF Tarybos narys &#8211; <strong>Ona JASINSKAIT\u0116<br \/>\n<\/strong>Kadencijos prad\u017eia: 2024-04-29<br \/>\nKadencijos pabaiga: 2028-03-25<br \/>\nKadencij\u0173 skai\u010dius: 1<br \/>\nI\u0161silavinimas: Auk\u0161tasis<br \/>\nPareigos kitose organizacijose: Direktor\u0117 , Lietuvos nacionalin\u0117s konk\u016br\u0173 disciplinos teis\u0117ja, sportinink\u0117 &#8211; jojimo sporto \u0161aka, sportinink\u0117 &#8211; klasikinis ralis<\/li>\n<\/ul>\n<ul>\n<li>LASF Tarybos narys &#8211; <strong>Vitalijus PLASTININAS<br \/>\n<\/strong>Kadencijos prad\u017eia: 2022-05-11<br \/>\nKadencijos pabaiga: 2028-03-25<br \/>\nKadencij\u0173 skai\u010dius: 2<br \/>\nI\u0161silavinimas: Auk\u0161tasis<br \/>\nPareigos kitose organizacijose: Ma\u017eeiki\u0173 Auto Sporto klubo pirmininkas<\/li>\n<\/ul>\n<ul>\n<li>LASF Tarybos narys &#8211; <strong>Povilas JANKAVI\u010cIUS<br \/>\n<\/strong>Kadencijos prad\u017eia: 2022-05-11<br \/>\nKadencijos pabaiga: 2028-03-25<br \/>\nKadencij\u0173 skai\u010dius: 2<br \/>\nI\u0161silavinimas: Vidurinis<br \/>\nPareigos kitose organizacijose: V\u0160\u012e One Racing direktorius<\/li>\n<\/ul>\n<ul>\n<li>LASF Tarybos narys &#8211; <strong>Jonas DERE\u0160KEVI\u010cIUS<br \/>\n<\/strong>Kadencijos prad\u017eia: 2024-04-29<br \/>\nKadencijos pabaiga: 2028-03-25<br \/>\nKadencij\u0173 skai\u010dius: 1<br \/>\nI\u0161silavinimas: Auk\u0161tasis<br \/>\nPareigos kitose organizacijose: &#8211;<\/li>\n<\/ul>\n<h2>APELIACINIS TEISMAS&nbsp;<\/h2>\n<p>Pirmininkas \u2013 <strong>Kazimieras<\/strong> <strong>VASILIAUSKAS<\/strong><\/p>\n<p><strong>&nbsp;Arbitrai:<\/strong><\/p>\n<ul>\n<li>Tadas Vasiliauskas<\/li>\n<li>Ugn\u0117 Ruk\u0161\u0117nait\u0117<\/li>\n<li>Saulius Jodeika<\/li>\n<li>Tomas Kuzmarskas<\/li>\n<li>\u0160ar\u016bnas Liesis<\/li>\n<li>Ingrida Savickien\u0117<\/li>\n<li>Kipras Aleknavi\u010dius<\/li>\n<li>Ieva Kliminskait\u0117 &#8211; Ju\u0161k\u0117<\/li>\n<\/ul>\n<h2>LASF ETIKOS KOMISIJA<\/h2>\n<p>B.P.<\/p>\n<p><strong>Komisijos nariai:<\/strong><\/p>\n<ul>\n<li>Laurynas Matonis<\/li>\n<li>Aurimas Eid\u017ei\u016bnas<\/li>\n<li>Gediminas Levickas<\/li>\n<li>Gediminas Sriubas<\/li>\n<\/ul>\n<h2>\u017dIEDO KOMITETAS<\/h2>\n<ul>\n<li style=\"text-align: left;\">Pirmininkas &#8211; <b>TOMAS MARTINKUS<\/b><\/li>\n<li style=\"text-align: left;\">Pirmininko pavaduotojas &#8211; <strong>TOMAS LIUTKUS<\/strong><\/li>\n<\/ul>\n<p><strong>Komiteto nariai:<\/strong><\/p>\n<ul>\n<li>Vidmantas Poci\u016bnas<\/li>\n<li>Paulius Mile\u0161ka<\/li>\n<\/ul>\n<h2>LASF VETERAN\u0172 KOMITETAS<\/h2>\n<p>B.P.<\/p>\n<h2>RALIO KOMITETAS<\/h2>\n<ul>\n<li>Pirmininkas &nbsp;&#8211;<strong> DARIUS \u0160ILEIKIS<\/strong><\/li>\n<li>Pirmininko pavaduotojas &#8211; <strong>EUGENIJUS ANDRULIS<\/strong><\/li>\n<\/ul>\n<p><strong>Komiteto nariai:&nbsp;<\/strong><\/p>\n<ul>\n<li>Paulius Mile\u0161ka<\/li>\n<li>Ram\u016bnas \u010capkauskas<\/li>\n<li>Mantas Kutka<\/li>\n<li>Ignas Augustonis<\/li>\n<li>Tadas Vasiliauskas<\/li>\n<\/ul>\n<h2>KROSO KOMISIJA<\/h2>\n<ul>\n<li>Pirminink\u0117- <strong>INDR\u0116 JANAUSKAIT\u0116<\/strong><\/li>\n<\/ul>\n<p><strong> Komisijos nariai:&nbsp;<\/strong><\/p>\n<ul>\n<li>Egidijus Janavi\u010dius<\/li>\n<li>\u017dydr\u016bnas \u0160ark\u016bnas<\/li>\n<li>Martynas Padgurskis<\/li>\n<\/ul>\n<h2>RALIO KROSO KOMISIJA<\/h2>\n<ul>\n<li>Pirmininkas- <strong>KAZIMIERAS GUD\u017dI\u016aNAS<\/strong><\/li>\n<\/ul>\n<p><strong> Komisijos nariai:&nbsp;<\/strong><\/p>\n<ul>\n<li>Arvydas Galinis<\/li>\n<li>Kasparas Navickas<\/li>\n<li>Mindaugas Sidabras<\/li>\n<\/ul>\n<h2>4X4 KOMITETAS<\/h2>\n<ul>\n<li>Pirmininkas &#8211; <strong>MANTAS BERNICKIS<\/strong><\/li>\n<li>Pirmininko pavaduotojas &#8211; <strong>MARTYNAS VRUBLEVSKI<\/strong><\/li>\n<\/ul>\n<p><strong>Komiteto nariai:&nbsp;<\/strong><\/p>\n<ul>\n<li>Ar\u016bnas Baronas<\/li>\n<li>Mantas Grau\u017einis<\/li>\n<li>Edgaras Bira<\/li>\n<\/ul>\n<h2>DRIFT&#8217;O KOMITETAS<\/h2>\n<ul>\n<li>Pirmininkas &nbsp;&#8211;<strong> JUSTAS FURMANAVI\u010cIUS<\/strong><\/li>\n<li>Pirmininko pavaduotojas &#8211; <strong>MANTAS KULVINSKAS<\/strong><\/li>\n<\/ul>\n<p><strong>Komiteto nariai:<\/strong><\/p>\n<ul>\n<li>Gediminas \u0160liumpa<\/li>\n<\/ul>\n<h2>KIT\u0172 SPORTO \u0160AK\u0172 KOMITETAS<\/h2>\n<ul>\n<li>Pirmininkas &#8211; <b>SILVERIJUS LAP\u0116NAS<\/b><\/li>\n<li>Pirmininko pavaduotojas &#8211;<strong>EUGENIJUS ANDRULIS<\/strong><\/li>\n<\/ul>\n<p><strong>Komiteto nariai:&nbsp;<\/strong><\/p>\n<ul>\n<li>Saulius Stanaitis<\/li>\n<li>Darius Mork\u016bnas<\/li>\n<\/ul>\n<h2>DRAG&#8217;O KOMISIJA<\/h2>\n<ul>\n<li>Pirminink\u0117 &#8211; <strong>INDR\u0116 JANAUSKAIT\u0116<\/strong><\/li>\n<\/ul>\n<p><strong>Komisijos nariai:<\/strong><\/p>\n<ul>\n<li>Romualdas Ma\u017euolis<\/li>\n<li>Justas Pe\u010deli\u016bnas<\/li>\n<\/ul>\n<h2>TEIS\u0116J\u0172 KOMISIJA<\/h2>\n<ul>\n<li>Pirmininkas &#8211; <strong>KIPRAS ALEKNAVI\u010cIUS<\/strong><\/li>\n<\/ul>\n<p><strong>Komisijos nariai:<\/strong><\/p>\n<ul>\n<li>Vaiva \u0160l\u0117derien\u0117<\/li>\n<li>Tomas Bielevi\u010dius<\/li>\n<li>Justinas Randis<\/li>\n<\/ul>\n<h2>E-SPORTO KOMITETAS<\/h2>\n<ul>\n<li>Pirmininkas &#8211; <strong>GUSTAS GRINBERGAS<\/strong><\/li>\n<li>Pirmininko pavaduotojas &#8211; <strong>TADAS DOVIDAITIS<\/strong><\/li>\n<\/ul>\n<p><strong>Komiteto nariai:<\/strong><\/p>\n<ul>\n<li>Tauras Tunyla<\/li>\n<li>Laurynas Vaitiek\u016bnas<\/li>\n<li>Ignas Augustonis<\/li>\n<li>Paulius Deksnys<\/li>\n<li>Matas Mendelis<\/li>\n<\/ul>\n<p><\/p>","protected":false},"excerpt":{"rendered":"<p>SEKRETORIATO STRUKT\u016aRA LASF prezidentas &#8211; Egidijus JANAVI\u010cIUS &#8211;&nbsp;mob.: +370 685 01 303, el. p: egidijus.janavicius@lasf.lt&nbsp; &nbsp; LASF garb\u0117s prezidentas &#8211;&nbsp;Arnas PALIUK\u0116NAS LASF generalin\u0117 sekretor\u0117 &#8211; &#8230;<\/p>\n","protected":false},"author":19,"featured_media":0,"parent":0,"menu_order":0,"comment_status":"closed","ping_status":"closed","template":"","meta":{"footnotes":""},"class_list":["post-162","page","type-page","status-publish","hentry"],"_links":{"self":[{"href":"https:\/\/www.senas.lasf.lt\/lt\/wp-json\/wp\/v2\/pages\/162"}],"collection":[{"href":"https:\/\/www.senas.lasf.lt\/lt\/wp-json\/wp\/v2\/pages"}],"about":[{"href":"https:\/\/www.senas.lasf.lt\/lt\/wp-json\/wp\/v2\/types\/page"}],"author":[{"embeddable":true,"href":"https:\/\/www.senas.lasf.lt\/lt\/wp-json\/wp\/v2\/users\/19"}],"replies":[{"embeddable":true,"href":"https:\/\/www.senas.lasf.lt\/lt\/wp-json\/wp\/v2\/comments?post=162"}],"version-history":[{"count":343,"href":"https:\/\/www.senas.lasf.lt\/lt\/wp-json\/wp\/v2\/pages\/162\/revisions"}],"predecessor-version":[{"id":40568,"href":"https:\/\/www.senas.lasf.lt\/lt\/wp-json\/wp\/v2\/pages\/162\/revisions\/40568"}],"wp:attachment":[{"href":"https:\/\/www.senas.lasf.lt\/lt\/wp-json\/wp\/v2\/media?parent=162"}],"curies":[{"name":"wp","href":"https:\/\/api.w.org\/{rel}","templated":true}]}}