
{"id":1020,"date":"2013-11-26T13:05:26","date_gmt":"2013-11-26T11:05:26","guid":{"rendered":"http:\/\/www.senas.lasf.lt\/?page_id=1020"},"modified":"2024-12-09T17:27:45","modified_gmt":"2024-12-09T15:27:45","slug":"kova-su-dopingu","status":"publish","type":"page","link":"https:\/\/www.senas.lasf.lt\/lt\/kova-su-dopingu\/","title":{"rendered":"Kova su dopingu\/Manipuliavimas sporto var\u017eybomis"},"content":{"rendered":"<p><strong>KOVA SU DOPINGU<\/strong><\/p>\n<p>Tarptautin\u0117s automobili\u0173 sporto federacijos (FIA) Sporto kodekso priede\u201eA\u201c yra pagal Pasaulin\u0117s antidopingo agent\u016bros (WADA) kodeks\u0105 paruo\u0161tos \u2013 FIA antidopingo taisykl\u0117s. LASF b\u016bdama FIA nar\u0117, Lietuvoje atsakinga u\u017e FIA antidopingo taisykl\u0117se numatyt\u0173 priemoni\u0173 \u012fgyvendinim\u0105.<\/p>\n<p><strong><a href=\"https:\/\/www.senas.lasf.lt\/wp-content\/uploads\/2023\/08\/2021_PASAULINIS-ANTIDOPINGO-KODEKSAS-LT.pdf\" class=\"mtli_attachment mtli_pdf\">\u010cia pateikiamas Pasaulinio antidopingo kodekso tarptautinio standarto draud\u017eiamasis s\u0105ra\u0161as, \u012fsigaliojantis nuo 2021 m. sausio 1 d.&nbsp;<\/a><\/strong><\/p>\n<p><strong><a href=\"https:\/\/www.senas.lasf.lt\/wp-content\/uploads\/2023\/08\/2021_appendix_a.pdf\" class=\"mtli_attachment mtli_pdf\">FIA anti-dopingo reglamentas<\/a><\/strong><\/p>\n<p><strong>Dopingas ir automobili\u0173 sportas<\/strong><\/p>\n<p>Kiekvienas LASF sportininkas i\u0161siimdamas licencij\u0105 savo para\u0161u patvirtina, kad \u017eino apie draudim\u0105 naudoti draud\u017eiamus preparatus. Tai lie\u010dia visus sportininko licencij\u0105 turin\u010dius vairuotojus &#8211; nuo auk\u0161\u010diausio lygio iki m\u0117g\u0117j\u0173.<\/p>\n<p>Paprastai kalbant: dopingas ir automobili\u0173 sportas nesuderinami!<\/p>\n<p><strong>Kalbant apie b\u016bdingus m\u016bs\u0173 sporto pavojus ir fiziologinius poreikius, dopingo vartojimas yra ne tik nusikaltimas, bet ir kvailyst\u0117, nes dopingas automobili\u0173 sporte neduoda jokios naudos:<\/strong><\/p>\n<ul>\n<li>\u201eHormonai\u201c (kortizonas ir kortizono derivatai, vyri\u0161ki hormonai, augimo hormonai ir t.t.) skatinantys raumen\u0173 veikl\u0105, gali \u201epad\u0117ti\u201c krep\u0161inyje ar svori\u0173 kilnojime, ta\u010diau automobili\u0173 sporte i\u0161 \u0161i\u0173 produkt\u0173 jokios naudos.<\/li>\n<li>EPO, i\u0161gars\u0117j\u0119s Tour de France, padidina raudon\u0173j\u0173 kraujo k\u016bneli\u0173 kiek\u012f kraujyje ir leid\u017eia anaerobiniame sporte (dvira\u010di\u0173 sporte, ilg\u0173 distancij\u0173 b\u0117gime ir t.t.) pagerinti savo rezultatus. Automobili\u0173 sporte \u201efiziologinis variklis\u201c veikia labai skirtingame j\u0117gos lygyje, taigi toki\u0173 produkt\u0173 vartojimas yra beprasmis. Be to EPO sukelia kraujagysli\u0173 problemas, ypa\u010d s\u0117dint ilg\u0105 laiko tarp\u0105.<\/li>\n<li>\u201eVaistai nuo infarkto\u201c (naudojami gydant \u0161irdies problemas ir auk\u0161t\u0105 kraujo spaudim\u0105) sul\u0117tina \u0161irdies ritm\u0105. Kadangi puikiai \u017einoma, kad m\u016bs\u0173 sporte \u0161irdies ritmas \u017eymiai pakyla, buvo atlikti bandymai palyginant lenktyni\u0173 laikus su ir be vaist\u0173 nuo infarkto &#8211; joki\u0173 pakitim\u0173. Avarijos metu esant k\u016bno su\u017ealojimui, vaistai nuo infarkto gali sukelti rimt\u0105 ir kartais mirtin\u0105 traum\u0105.<\/li>\n<li>Tam tikri vaistai nuo astmos (kaip Ventolin) galb\u016bt padeda pagerinti kv\u0117pavim\u0105, ypatingai ilg\u0173 distancij\u0173 sporte. Automobili\u0173 sporte nesitik\u0117kite jokio skirtumo.<\/li>\n<li>\u201eAnti-miego\u201c preparatai (amfetaminas ir pana\u0161\u016bs produktai), ne paslaptis, buvo naudojami maratono raliuose, kurie t\u0119s\u0117si dien\u0105 ir nakt\u012f. Ta\u010diau tokios var\u017eybos jau nebeegzistuoja. Tad ir tokie produktai jau nebereikalingi. Jeigu j\u016bs pavarg\u0119s, vartokite leistinus \u201ebudinan\u010dius\u201c produktus (energetinius g\u0117rimus) \u2013 j\u0173 gausyb\u0117!<\/li>\n<li>Alkoholis ir narkotin\u0117s med\u017eiagos (kad ir kanap\u0117) naudojami da\u017eniausiai \u201e\u0161iaip sau juokais\u201c. Automobili\u0173 sporte jie \u012feina \u012f draud\u017eiam\u0173 preparat\u0173 s\u0105ra\u0161\u0105, nes j\u0173 savikontrol\u0117s \u0161alinimo poveikis ver\u010dia \u017emones ne\u012fprastai ir kartais kvailai rizikuoti. Toki\u0173 med\u017eiag\u0173 vartojimas ne tik stato \u012f pavoj\u0173 pa\u010dius sportininkus, bet ir kiekvien\u0105 esant\u012f \u0161alia, pavyzd\u017eiui &#8211; teis\u0117jus ir \u017ei\u016brovus.<\/li>\n<\/ul>\n<p><strong>K\u0105 daryti, jeigu reikia vartoti vaistus?<br \/>\n<\/strong><br \/>\nNevartokite vaist\u0173, kuri\u0173 nei\u0161ra\u0161\u0117 gydytojas. Jeigu turite sveikatos problem\u0173 konsultuokit\u0117s su kompetentingu gydytoju.<br \/>\nSavo gydytojui ar vaistininkui pasakykite, kad esate sportininkas. Jie turi i\u0161sam\u0173 s\u0105ra\u0161\u0105 t\u0173 med\u017eiag\u0173, kuri\u0173 jums neleid\u017eiama vartoti. Pirkdami vaistus be recepto, atid\u017eiai perskaitykite informacin\u012f lapel\u012f viduje, kuris informuos jus, ar vaistuose yra draud\u017eiam\u0173 med\u017eiag\u0173.<\/p>\n<p>Taip pat raginame pasitikrinti \u201e<strong>Medikament\u0173 paie\u0161koje\u201c<\/strong>&nbsp;ar j\u016bs\u0173 vartojami vaistai neturi draud\u017eiam\u0173 med\u017eiag\u0173.<\/p>\n<p><strong>K\u0105 daryti, jei gydymuisi reikia vartoti draud\u017eiamas med\u017eiagas?<\/strong><\/p>\n<p>Jeigu n\u0117ra kito alternatyvaus gydymo b\u016bdo, kai kuriais i\u0161skirtiniais atvejais leid\u017eiama vartoti tam tikras draud\u017eiamas med\u017eiagas. Tokiu atveju kreipkit\u0117s \u012f LASF ir tur\u0117site su savo daktaru u\u017epildyti I\u0161imties terapiniam vartojimui pra\u0161ym\u0105.<\/p>\n<p>Pra\u0161ymas turi b\u016bti pateiktas prie\u0161 var\u017eybas. Jeigu nesilaikysite \u0161i\u0173 taisykli\u0173, nors ir veiksite su geriausiomis intencijomis, o j\u016bs\u0173 testas bus teigiamas, jus susilauksite grie\u017et\u0173 sankcij\u0173.<\/p>\n<p><strong>Dopingo testas<br \/>\n<\/strong><br \/>\nDopingo testas gali b\u016bti atliekamas bet kuri\u0173 var\u017eyb\u0173 metu ar net po var\u017eyb\u0173, LASF, Lietuvos antidopingo asociacijos ar FIA iniciatyva.<br \/>\nJei j\u016bs esate pasirinktas patikrinimui, jums visk\u0105 paai\u0161kins ir informacij\u0105 suteiks kontrol\u0119 atliekantis pareig\u016bnas, kuris jus lyd\u0117s kol atvyksite \u012f dopingo patikrinimo punkt\u0105.<\/p>\n<p>Visiems, kurie atsisakys atlikti dopingo test\u0105 bus taikomi drausminiai veiksmai.<\/p>\n<p><strong>Dopingo kontrol\u0117s procesas<br \/>\n<\/strong><br \/>\nAtlikti dopingo kontrol\u0119 galite b\u016bti pasirinktas bet kuriuo metu ir nesvarbu kurioje vietoje jus b\u016btum\u0117te.<\/p>\n<p>Pla\u010diau apie tai kaip atliekama dopingo tikrinimo proced\u016bra galite atrasti &#8211;<a href=\"www.antidopingas.lt\"> www.antidopingas.lt<\/a><\/p>\n<p><strong>LASF ir FIA Drausmin\u0117s proced\u016bros<\/strong><\/p>\n<p>Jei m\u0117ginyje randama u\u017edraust\u0173 med\u017eiag\u0173, jums bus taikomos FIA reglamentuose nurodytos nuobaudos (diskvalifikacija, titul\u0173 at\u0117mimas ir t.t.).<\/p>\n<p><strong>Apibendrinimas<\/strong><\/p>\n<ul>\n<li>Sportininkas vartojantis doping\u0105 suk\u010diauja.<\/li>\n<li>Automobili\u0173 sporte dopingas ne tik neturi jokios prasm\u0117s, bet ir kelia gr\u0117sm\u0119 vaist\u0173 vartotojui ir kitiems.<\/li>\n<li>Pla\u010diau apie doping\u0105, kov\u0105 su juo ir tikrinimo proced\u016bras galite su\u017einoti &#8211; <a href=\"www.antidopingas.lt\">www.antidopingas.lt<\/a><\/li>\n<\/ul>\n<p>Raginame elgtis atsakingai d\u0117l savo paties interes\u0173 ir d\u0117l savo koleg\u0173 bei viso automobili\u0173 sporto presti\u017eo.<\/p>\n<p>Tinkamas, reguliarius treniravimasis ir sveikas gyvenimo b\u016bdas &#8211; kelias pergal\u0117s link.<\/p>\n<p><strong>Kontaktai<\/strong><\/p>\n<ul>\n<li>El.pa\u0161tas: <a href=\"code@WADA-ama.org\">code@WADA-ama.org<\/a><\/li>\n<\/ul>\n<p>&nbsp;<\/p>\n<p><strong>MANIPULIAVIMAS SPORTO VAR\u017dYBOMIS<\/strong><\/p>\n<p>Lietuvos automobili\u0173 sporto federacija laikosi Lietuvos antidopingo agent\u016bros&nbsp; rekomenduojam\u0173 prevencijos priemoni\u0173, kurios u\u017ekerta keli\u0105 manipuliavimui sporto var\u017eybomis keli\u0105.&nbsp; &nbsp;<\/p>\n<p>Nuoroda: https:\/\/antidopingas.lt\/sutartu-varzybu-prevencija\/&nbsp;<\/p>\n<p>Apie galim\u0105 manipuliavim\u0105 var\u017eybomis prane\u0161ti Etikos komisijai el. p. etika@lasf.lt, kuri veikdama \u012fsipareigoja laikytis konfidencialumo.&nbsp;<\/p>\n<p>U\u017e manipuliavim\u0105 sporto var\u017eybomis gali b\u016bti baud\u017eiama vadovaujantis Etikos kodeksu.&nbsp;<\/p>\n<p>Taip pat apie manipuliavim\u0105 var\u017eybomis prane\u0161ti galima antidopingo agent\u016brai:<\/p>\n<p>U\u017epild\u017eius prane\u0161imo form\u0105 : https:\/\/antidopingas.lt\/pranesimas-apie-pazeidima\/<br \/>\nTelefonu: +370 5 230 55 43<\/p>\n<ul>\n<li><a href=\"https:\/\/www.senas.lasf.lt\/wp-content\/uploads\/2024\/12\/Manipuliavimo-sporto-varzybomis-priemoniu-planas-1.pdf\" class=\"mtli_attachment mtli_pdf\">Manipuliavimo sporto var\u017eybomis priemoni\u0173 planas<\/a><\/li>\n<\/ul>\n<p><\/p>","protected":false},"excerpt":{"rendered":"<p>KOVA SU DOPINGU Tarptautin\u0117s automobili\u0173 sporto federacijos (FIA) Sporto kodekso priede\u201eA\u201c yra pagal Pasaulin\u0117s antidopingo agent\u016bros (WADA) kodeks\u0105 paruo\u0161tos \u2013 FIA antidopingo taisykl\u0117s. LASF b\u016bdama &#8230;<\/p>\n","protected":false},"author":19,"featured_media":0,"parent":0,"menu_order":0,"comment_status":"closed","ping_status":"closed","template":"","meta":{"footnotes":""},"class_list":["post-1020","page","type-page","status-publish","hentry"],"_links":{"self":[{"href":"https:\/\/www.senas.lasf.lt\/lt\/wp-json\/wp\/v2\/pages\/1020"}],"collection":[{"href":"https:\/\/www.senas.lasf.lt\/lt\/wp-json\/wp\/v2\/pages"}],"about":[{"href":"https:\/\/www.senas.lasf.lt\/lt\/wp-json\/wp\/v2\/types\/page"}],"author":[{"embeddable":true,"href":"https:\/\/www.senas.lasf.lt\/lt\/wp-json\/wp\/v2\/users\/19"}],"replies":[{"embeddable":true,"href":"https:\/\/www.senas.lasf.lt\/lt\/wp-json\/wp\/v2\/comments?post=1020"}],"version-history":[{"count":15,"href":"https:\/\/www.senas.lasf.lt\/lt\/wp-json\/wp\/v2\/pages\/1020\/revisions"}],"predecessor-version":[{"id":39620,"href":"https:\/\/www.senas.lasf.lt\/lt\/wp-json\/wp\/v2\/pages\/1020\/revisions\/39620"}],"wp:attachment":[{"href":"https:\/\/www.senas.lasf.lt\/lt\/wp-json\/wp\/v2\/media?parent=1020"}],"curies":[{"name":"wp","href":"https:\/\/api.w.org\/{rel}","templated":true}]}}