
{"id":98,"date":"2013-11-20T14:41:31","date_gmt":"2013-11-20T12:41:31","guid":{"rendered":"http:\/\/www.senas.lasf.lt\/?page_id=98"},"modified":"2024-12-12T14:20:04","modified_gmt":"2024-12-12T12:20:04","slug":"paraiskos","status":"publish","type":"page","link":"https:\/\/www.senas.lasf.lt\/en\/paraiskos\/","title":{"rendered":"Parai\u0161kos"},"content":{"rendered":"<p><strong>Nuo 2016 met\u0173 sausio 4 dienos visus dokumentus parai\u0161k\u0173 ir licencij\u0173 gamybai LASF administracija priima tik elektroniniu b\u016bdu per e-lasf sistem\u0105:&nbsp;<a href=\"https:\/\/sistema.lasf.lt\/app.php\">https:\/\/sistema.lasf.lt\/app.php<\/a><\/strong> \u0160iame puslapyje rasite visas parai\u0161kas, kurios b\u016btinos norint tapti LASF var\u017eyb\u0173 organizatoriumi, sportininku, teis\u0117ju ir t.t. Atkreipiame J\u016bs\u0173 d\u0117mes\u012f, kad visiems LASF licencij\u0173 tur\u0117tojams yra nustatyti atitinkami reikalavimai. Tod\u0117l raginame, prie\u0161 pateikiant parai\u0161kas \u012f LASF, susipa\u017einti su LASF veikl\u0105 reglamentuojan\u010diais dokumentais, LASF licencij\u0173 i\u0161davimo tvarka ir kategorij\u0173 suteikimo taisykl\u0117mis. <strong>Vadovaujantis LASF \u012estat\u0173 4.2 p.p Juridinis asmuo parei\u0161k\u0119s nor\u0105 tapti LASF tikruoju nariu, privalo pateikti LASF Tarybai:<\/strong><\/p>\n<ol>\n<li>Nustatytos formos&nbsp;pra\u0161ymas yra E-LASF sistemoje, pra\u0161ymas tapti LASF tikruoju nariu teikiamas per E-LASF sistem\u0105.<\/li>\n<li>Dviej\u0173 esam\u0173 LASF tikr\u0173j\u0173 nari\u0173 ra\u0161ti\u0161kas rekomendacijas;<\/li>\n<li>Lietuvos Respublikos juridini\u0173 asmen\u0173 registro i\u0161duoto registravimo pa\u017eym\u0117jimo kopij\u0105;<\/li>\n<li>\u012estat\u0173 kopij\u0105, kurioje yra nurodyta veiklos sritis bei r\u016b\u0161is susijusi su automobili\u0173 sportu;<\/li>\n<li>Savo veiklos apra\u0161ym\u0105;<\/li>\n<li>Jeigu naryst\u0117s siekiantis juridinis asmuo turi nari\u0173, tai pateikiamas j\u0173 s\u0105ra\u0161as;<\/li>\n<li>U\u017epildyta LASF nario anketa.<\/li>\n<\/ol>\n<p><strong>Vadovaujantis LASF \u012estat\u0173 5.2 p.p Juridinis asmuo, ne LASF narys, parei\u0161k\u0119s nor\u0105 tapti LASF asocijuotu nariu, privalo pateikti LASF Tarybai:<\/strong><\/p>\n<ol>\n<li>Nustatytos formos&nbsp;pra\u0161ymas yra E-LASF sistemoje, pra\u0161ymas tapti LASF asocijuotu nariu teikiamas per E-LASF sistem\u0105.<\/li>\n<li>U\u017epildyta LASF nario anketa.<\/li>\n<\/ol>\n<p><strong>D\u0116MESIO.<\/strong> Informuojame, kad nuo 2016 m. sausio 1 d. \u012fsigaliojo naujos draudimo s\u0105lygos var\u017eyb\u0173 dalyviams. Vadovaujantis LASVOVT 7 str. 4 p. 5) \u201eBet &nbsp;kuri\u0173 var\u017eyb\u0173 dalyvio draudimo suma privalo b\u016bti ne ma\u017eesn\u0117 nei vienas &nbsp;t\u016bkstantis penki \u0161imtai eur\u0173 (1500 Eur) ir turi apimti draudim\u0105 &nbsp;mirties, traum\u0173 ir invalidumo atveju. Dalyvio Draudimo polise privalo &nbsp;b\u016bti \u012fra\u0161as, jog draudimas galioja automobili\u0173 sporto treniruo\u010di\u0173 ir var\u017eyb\u0173 metu. Dalyvis draud\u017eiasi asmeni\u0161kai.\u201c LASF licencij\u0173 i\u0161davimo ir kategorij\u0173 suteikimo taisykl\u0117s. PRIEDAI:<\/p>\n<ol>\n<li><a href=\"https:\/\/www.senas.lasf.lt\/wp-content\/uploads\/2013\/11\/sutikimas2014.doc\" class=\"mtli_attachment mtli_doc\">T\u0117v\u0173 sutikimas d\u0117l nepilname\u010dio dalyvavimo automobili\u0173 var\u017eybose <\/a>;<\/li>\n<li><a href=\"https:\/\/www.senas.lasf.lt\/wp-content\/uploads\/2018\/09\/KANDIDATO-LASF-ORGANIZATORIAUS-PARAI\u0160KA-LICENCIJAI-GAUTI-2019.doc\" class=\"mtli_attachment mtli_doc\" target=\"_blank\" rel=\"noopener\">2019 m. parai\u0161ka LASF organizatoriaus licencijai gauti;<\/a><\/li>\n<li><a href=\"https:\/\/www.senas.lasf.lt\/wp-content\/uploads\/2013\/11\/srg2014.doc\" class=\"mtli_attachment mtli_doc\">Parai\u0161ka automobili\u0173 saugos r\u0117m\u0173 gamintojo (montuotojo) licencijai ir pa\u017eym\u0117jimui gauti<\/a>.<\/li>\n<li><a href=\"https:\/\/www.senas.lasf.lt\/wp-content\/uploads\/2019\/12\/SRG-registras-19-12.pdf\" class=\"mtli_attachment mtli_pdf\">Asmen\u0173, atliekan\u010di\u0173 automobili\u0173 saugos r\u0117m\u0173 gaminim\u0105 (montavim\u0105) pa\u017eym\u0117jim\u0173 registras.<\/a> <span style=\"color: #ff0000;\">(atnaujinta 2019-12-18)<\/span><\/li>\n<\/ol>\n<p><strong>KITOS PARAI\u0160KOS<\/strong><\/p>\n<ol>\n<li><a href=\"https:\/\/www.senas.lasf.lt\/wp-content\/uploads\/2020\/01\/2020-LARC\u030c-R-priedas-2-C\u030cempionato-parais\u030cka.docx\" class=\"mtli_attachment mtli_docx\">2020 m. LAR\u010c dalyvio parai\u0161ka<\/a><\/li>\n<li><a href=\"https:\/\/www.senas.lasf.lt\/wp-content\/uploads\/2020\/01\/2020-LARSC\u030c-R-priedas-2-c\u030cempionato-parais\u030cka-1.docx\" class=\"mtli_attachment mtli_docx\">2020 m. LARS\u010c dalyvio parai\u0161ka<\/a><\/li>\n<li><a href=\"https:\/\/www.senas.lasf.lt\/wp-content\/uploads\/2020\/01\/2020-LMRC\u030c-R-priedas-2-c\u030cempionato-parais\u030cka-1.docx\" class=\"mtli_attachment mtli_docx\">2020 m. LMR\u010c dalyvio parai\u0161ka<\/a><\/li>\n<li><a href=\"https:\/\/www.senas.lasf.lt\/wp-content\/uploads\/2020\/01\/2020-Street-race-c\u030cempionato-dalyvio-parais\u030cka.docx\" class=\"mtli_attachment mtli_docx\">2020 m. Street Race \u010dempionato dalyvio parai\u0161ka<\/a><\/li>\n<li><a href=\"https:\/\/www.senas.lasf.lt\/wp-content\/uploads\/2020\/02\/2020-slalomo-c\u030cempionato-dalyvio-parais\u030cka.docx\" class=\"mtli_attachment mtli_docx\">2020 m. Slalomo \u010dempionato dalyvio parai\u0161ka<\/a><\/li>\n<li><a href=\"https:\/\/www.senas.lasf.lt\/wp-content\/uploads\/2019\/07\/Paraiska_SATP_C5.docx\" class=\"mtli_attachment mtli_docx\">Parai\u0161ka LASF sportinio automobilio techniniui pasui <strong>(C kategorija)<\/strong> gauti ir atmintin\u0117<\/a> (<a href=\"https:\/\/www.senas.lasf.lt\/wp-content\/uploads\/2013\/12\/Paso_nuostatai_2016.pdf\" class=\"mtli_attachment mtli_pdf\" target=\"_blank\" rel=\"noopener\">LASF Sportinio automobilio techninio paso i\u0161davimo ir naudojimo nuostatai<\/a><a href=\"https:\/\/www.senas.lasf.lt\/wp-content\/uploads\/2013\/11\/techniniu-pasu_nuostatai-2015-08-12.pdf\" class=\"mtli_attachment mtli_pdf\" target=\"_blank\" rel=\"noopener\">,<\/a>) <span style=\"color: #ff0000;\">ATNAUJINTA 2017-06-12<\/span>;<\/li>\n<li><a href=\"https:\/\/www.senas.lasf.lt\/wp-content\/uploads\/2019\/07\/Paraiska_SATP_A_B_D_K_201623.docx\" class=\"mtli_attachment mtli_docx\">Parai\u0161ka LASF sportinio automobilio techniniui pasui <strong>(A, B, D, K kategorijos)<\/strong> gauti<\/a>;&nbsp;<span style=\"color: #ff0000;\">ATNAUJINTA 2017-06-12<\/span>;<\/li>\n<li><a href=\"https:\/\/www.senas.lasf.lt\/wp-content\/uploads\/2013\/11\/Homologacijai-prasymas-LASF-2016.doc\" class=\"mtli_attachment mtli_doc\">Homologacijos formos u\u017esakymo parai\u0161ka<\/a>;<\/li>\n<\/ol>\n<p><\/p>","protected":false},"excerpt":{"rendered":"<p>Nuo 2016 met\u0173 sausio 4 dienos visus dokumentus parai\u0161k\u0173 ir licencij\u0173 gamybai LASF administracija priima tik elektroniniu b\u016bdu per e-lasf sistem\u0105:&nbsp;https:\/\/sistema.lasf.lt\/app.php \u0160iame puslapyje rasite visas &#8230;<\/p>\n","protected":false},"author":19,"featured_media":0,"parent":0,"menu_order":0,"comment_status":"closed","ping_status":"closed","template":"","meta":{"footnotes":""},"class_list":["post-98","page","type-page","status-publish","hentry"],"_links":{"self":[{"href":"https:\/\/www.senas.lasf.lt\/en\/wp-json\/wp\/v2\/pages\/98"}],"collection":[{"href":"https:\/\/www.senas.lasf.lt\/en\/wp-json\/wp\/v2\/pages"}],"about":[{"href":"https:\/\/www.senas.lasf.lt\/en\/wp-json\/wp\/v2\/types\/page"}],"author":[{"embeddable":true,"href":"https:\/\/www.senas.lasf.lt\/en\/wp-json\/wp\/v2\/users\/19"}],"replies":[{"embeddable":true,"href":"https:\/\/www.senas.lasf.lt\/en\/wp-json\/wp\/v2\/comments?post=98"}],"version-history":[{"count":137,"href":"https:\/\/www.senas.lasf.lt\/en\/wp-json\/wp\/v2\/pages\/98\/revisions"}],"predecessor-version":[{"id":39645,"href":"https:\/\/www.senas.lasf.lt\/en\/wp-json\/wp\/v2\/pages\/98\/revisions\/39645"}],"wp:attachment":[{"href":"https:\/\/www.senas.lasf.lt\/en\/wp-json\/wp\/v2\/media?parent=98"}],"curies":[{"name":"wp","href":"https:\/\/api.w.org\/{rel}","templated":true}]}}