
{"id":8499,"date":"2016-04-12T15:24:26","date_gmt":"2016-04-12T13:24:26","guid":{"rendered":"http:\/\/www.senas.lasf.lt\/?page_id=8499"},"modified":"2023-09-14T12:11:51","modified_gmt":"2023-09-14T10:11:51","slug":"kontaktai","status":"publish","type":"page","link":"https:\/\/www.senas.lasf.lt\/en\/dragas\/kontaktai\/","title":{"rendered":"Contacts"},"content":{"rendered":"<p><strong>THE LITHUANIAN AUTOMOBILE SPORT FEDERATION<\/strong><\/p>\n<p>Savanori\u0173 ave. 56, Kaunas, LT-44210<\/p>\n<p>tel.\/fax.: +370 (37) 350026,&nbsp;e-mail:&nbsp;<a href=\"mailto:lasf@lasf.lt\">lasf@lasf.lt<\/a><\/p>\n<p><strong>Chairman of Drag commission: INDR\u0116 JANAUSKAIT\u0116<\/strong><\/p>\n<p>mob.: +3706121319<\/p>\n<p>el.pa\u0161tas: drag@lasf.lt<\/p>\n<p><strong>Vice-chairman of Drag commission: &#8211; TBA<\/strong><\/p>\n<p><strong>Committee members:<\/strong><\/p>\n<ul>\n<li>Romualdas Ma\u017euolis<\/li>\n<li>Justas Pe\u010deli\u016bnas<\/li>\n<\/ul>\n<p><\/p>","protected":false},"excerpt":{"rendered":"<p>THE LITHUANIAN AUTOMOBILE SPORT FEDERATION Savanori\u0173 ave. 56, Kaunas, LT-44210 tel.\/fax.: +370 (37) 350026,&nbsp;e-mail:&nbsp;lasf@lasf.lt Chairman of Drag commission: INDR\u0116 JANAUSKAIT\u0116 mob.: +3706121319 el.pa\u0161tas: drag@lasf.lt Vice-chairman &#8230;<\/p>\n","protected":false},"author":19,"featured_media":0,"parent":126,"menu_order":0,"comment_status":"closed","ping_status":"closed","template":"","meta":{"footnotes":""},"class_list":["post-8499","page","type-page","status-publish","hentry"],"_links":{"self":[{"href":"https:\/\/www.senas.lasf.lt\/en\/wp-json\/wp\/v2\/pages\/8499"}],"collection":[{"href":"https:\/\/www.senas.lasf.lt\/en\/wp-json\/wp\/v2\/pages"}],"about":[{"href":"https:\/\/www.senas.lasf.lt\/en\/wp-json\/wp\/v2\/types\/page"}],"author":[{"embeddable":true,"href":"https:\/\/www.senas.lasf.lt\/en\/wp-json\/wp\/v2\/users\/19"}],"replies":[{"embeddable":true,"href":"https:\/\/www.senas.lasf.lt\/en\/wp-json\/wp\/v2\/comments?post=8499"}],"version-history":[{"count":27,"href":"https:\/\/www.senas.lasf.lt\/en\/wp-json\/wp\/v2\/pages\/8499\/revisions"}],"predecessor-version":[{"id":34932,"href":"https:\/\/www.senas.lasf.lt\/en\/wp-json\/wp\/v2\/pages\/8499\/revisions\/34932"}],"up":[{"embeddable":true,"href":"https:\/\/www.senas.lasf.lt\/en\/wp-json\/wp\/v2\/pages\/126"}],"wp:attachment":[{"href":"https:\/\/www.senas.lasf.lt\/en\/wp-json\/wp\/v2\/media?parent=8499"}],"curies":[{"name":"wp","href":"https:\/\/api.w.org\/{rel}","templated":true}]}}