
{"id":8045,"date":"2016-03-01T15:28:57","date_gmt":"2016-03-01T13:28:57","guid":{"rendered":"http:\/\/www.senas.lasf.lt\/?page_id=8045"},"modified":"2023-12-20T14:18:53","modified_gmt":"2023-12-20T12:18:53","slug":"tapk-nariu","status":"publish","type":"page","link":"https:\/\/www.senas.lasf.lt\/en\/tapk-nariu\/","title":{"rendered":"Become a member"},"content":{"rendered":"<p>Nor\u0117dami \u012fsilieti \u012f gausi\u0105 ir oficiali\u0105 (pripa\u017eint\u0105 tiek LR vald\u017eios institucij\u0173, tiek tarptautin\u0117s FIA federacijos) Lietuvos automobili\u0173 sporto visuomen\u0119, J\u016bs tur\u0117tum\u0117te prisijungti prie Lietuvos automobili\u0173 sport\u0105 propaguojan\u010di\u0173 ir kultivuojan\u010di\u0173 klub\u0173 \u012fkurtos asociacijos \u2013 Lietuvos automobili\u0173 sporto federacijos (sutrumpintai \u2013 LASF).<\/p>\n<p>\u0160ios asociacijos pagrindinius tikslus apibr\u0117\u017eia, veikl\u0105 reglamentuoja ir Nari\u0173 teises bei pareigas \u012ftvirtina \u2013 LASF \u012fstatai.<\/p>\n<p>Pagrindiniai LASF tikslai \u2013 sporto pl\u0117tojimas, oficiali\u0173 Lietuvos \u010dempionat\u0173 vykdymas, santyki\u0173 tarp automobili\u0173 sporto visuomen\u0117s reguliavimas ir bendradarbiavimas su kitomis institucijomis.<\/p>\n<p>Nuo 2008 met\u0173, LASF atsirado dvi naryst\u0117s formos \u2013 \u201etikroji&#8221; naryst\u0117 ir asocijuota naryst\u0117.<\/p>\n<p>Atsi\u017evelgdami \u012f tai, kokia kryptimi J\u016bs\u0173 klubas vysto automobili\u0173 sporto veikl\u0105, J\u016bs t\u016br\u0117tum\u0117te pasirinkti vien\u0105 i\u0161 naryst\u0117s form\u0173.<br \/>\nBe abejo, tapdami tikraisiais LASF nariais ne tik \u012fgyjate visas LASF nario teises, t.y. \u2013 galite naudotis LASF teikiamomis paslaugomis, dalyvauti LASF veikloje, teikti pasi\u016blymus ir pageidavimus Komitetams, LASF Tarybai, Suva\u017eiavimui, gauti i\u0161 LASF informacij\u0105 apie LASF veikl\u0105, Tarybos ir komitet\u0173 pos\u0117d\u017eiuose priimtus sprendimus, bei skirti delegat\u0105 dalyvauti ir balsuoti Suva\u017eiavime, &#8211; bet galite palankiomis s\u0105lygomis dalyvauti Lietuvos automobili\u0173 sporto \u010dempionatuose (LASF narys nemokamai gauna vien\u0105 parei\u0161k\u0117jo licencij\u0105, kuri jam leid\u017eia pareik\u0161ti savo komand\u0105 LR \u010dempionatuose).<\/p>\n<p>Ta\u010diau jei J\u016bs\u0173 klubas nevysto profesionalaus sporto ir neturi \u017eenkli\u0173 finansini\u0173 pajam\u0173, galite pasirinkti asocijuotos naryst\u0117s form\u0105 \u2013 tokiu atveju nereikia mok\u0117ti LASF naryst\u0117s mokes\u010di\u0173, ta\u010diau , tokiomis pa\u010diomis s\u0105lygomis kaip LASF tikriesiems nariams, galima dalyvauti m\u0117g\u0117ji\u0161kose var\u017eybose ar E kategorijos licencij\u0173 reikalaujan\u010diuose \u010dempionatuose, pirmenyb\u0117se. LASF asocijuotas narys, vykdantis sportin\u0119 veikl\u0105, moka Suva\u017eiavimo nustatytus tikslinius \u012fna\u0161us federacijos veiklai remti.<\/p>\n<p>LASF tikraisiais nariais tapti galite:<\/p>\n<ul>\n<li>Pateik\u0119 ra\u0161ytin\u012f pra\u0161ym\u0105 LASF Tarybai ir dviej\u0173 esam\u0173 LASF nari\u0173 ra\u0161ti\u0161kas rekomendacijas;<\/li>\n<li>Taip pat turite pateikti Lietuvos Respublikos juridini\u0173 asmen\u0173 registro i\u0161duoto registravimo pa\u017eym\u0117jimo kopij\u0105 ir savo veiklos apra\u0161ym\u0105, o jei J\u016bs\u0173 organizacija turi nari\u0173, tai pateikiamas j\u0173 s\u0105ra\u0161as.<\/li>\n<\/ul>\n<p>Gavusi pra\u0161ym\u0105, Taryba pos\u0117dyje priims sprendim\u0105. Tarybai patenkinus pra\u0161ym\u0105, priimtasis narys per vien\u0105 m\u0117nes\u012f nuo Tarybos sprendimo privalo sumok\u0117ti nustatyto dyd\u017eio stojam\u0105j\u012f ir nario mokest\u012f. Nario teis\u0117s ir pareigos \u012fgyjamos sekan\u010di\u0105 darbo dien\u0105 po stojamojo ir nario mokes\u010di\u0173 sumok\u0117jimo.<\/p>\n<p>LASF asocijuotais nariais tapti galite:<\/p>\n<ul>\n<li>Pateik\u0119 ra\u0161ytin\u012f nustatytos formos pra\u0161ym\u0105 Tarybai, Lietuvos Respublikos juridini\u0173 asmen\u0173 registro i\u0161duot\u0105 registravimo pa\u017eym\u0117jimo kopij\u0105 ir savo veiklos apra\u0161ym\u0105.<\/li>\n<li>Gavusi pra\u0161ym\u0105, Taryba pos\u0117dyje priims sprendim\u0105.<\/li>\n<\/ul>\n<p><\/p>","protected":false},"excerpt":{"rendered":"<p>Nor\u0117dami \u012fsilieti \u012f gausi\u0105 ir oficiali\u0105 (pripa\u017eint\u0105 tiek LR vald\u017eios institucij\u0173, tiek tarptautin\u0117s FIA federacijos) Lietuvos automobili\u0173 sporto visuomen\u0119, J\u016bs tur\u0117tum\u0117te prisijungti prie Lietuvos automobili\u0173 &#8230;<\/p>\n","protected":false},"author":19,"featured_media":0,"parent":0,"menu_order":0,"comment_status":"closed","ping_status":"closed","template":"","meta":{"footnotes":""},"class_list":["post-8045","page","type-page","status-publish","hentry"],"_links":{"self":[{"href":"https:\/\/www.senas.lasf.lt\/en\/wp-json\/wp\/v2\/pages\/8045"}],"collection":[{"href":"https:\/\/www.senas.lasf.lt\/en\/wp-json\/wp\/v2\/pages"}],"about":[{"href":"https:\/\/www.senas.lasf.lt\/en\/wp-json\/wp\/v2\/types\/page"}],"author":[{"embeddable":true,"href":"https:\/\/www.senas.lasf.lt\/en\/wp-json\/wp\/v2\/users\/19"}],"replies":[{"embeddable":true,"href":"https:\/\/www.senas.lasf.lt\/en\/wp-json\/wp\/v2\/comments?post=8045"}],"version-history":[{"count":16,"href":"https:\/\/www.senas.lasf.lt\/en\/wp-json\/wp\/v2\/pages\/8045\/revisions"}],"predecessor-version":[{"id":35784,"href":"https:\/\/www.senas.lasf.lt\/en\/wp-json\/wp\/v2\/pages\/8045\/revisions\/35784"}],"wp:attachment":[{"href":"https:\/\/www.senas.lasf.lt\/en\/wp-json\/wp\/v2\/media?parent=8045"}],"curies":[{"name":"wp","href":"https:\/\/api.w.org\/{rel}","templated":true}]}}