
{"id":186,"date":"2013-11-22T09:07:44","date_gmt":"2013-11-22T07:07:44","guid":{"rendered":"http:\/\/www.senas.lasf.lt\/?page_id=186"},"modified":"2022-12-09T10:39:59","modified_gmt":"2022-12-09T08:39:59","slug":"senjoru-komitetas","status":"publish","type":"page","link":"https:\/\/www.senas.lasf.lt\/en\/kitos-strukturos\/senjoru-komitetas\/","title":{"rendered":"LASF sporto Senjor\u0173 komitetas"},"content":{"rendered":"<p><a href=\"https:\/\/www.senas.lasf.lt\/wp-content\/uploads\/2013\/11\/Sporto-senjoru-komiteto-nuostatai-2013.pdf\" class=\"mtli_attachment mtli_pdf\">LASF Automobili\u0173 sporto Senjor\u0173 komiteto darbo nuostatai<\/a>.<br \/>\n<strong><br \/>\nInformacija Lietuvos automobili\u0173 sporto Senjorams.<br \/>\n2010 metais savo jubiliejus min\u0117s \u0161ie Lietuvos automobili\u0173 sporto Senjorai:<\/strong><\/p>\n<p>Kostas Tamulionis &#8211; 80 m. 1930 04 05<br \/>\nAndris Zvingevics 60 m. 1950 05 06<br \/>\nMichail Ivanov &#8211; 70 m. 1940 06 04<br \/>\nRimgaudas Statnickas &#8211; 55 m. 1955 06 14<br \/>\nJevgenij Beznogov &#8211; 60 m. 1950 06 21<br \/>\nGeorg Valdek &#8211; 60 m. 1950 07 22<br \/>\nDiteris Manfredas Gocentas &#8211; 70 m. 1940 08 20<br \/>\nRaimondas Zinkevi\u010dius &#8211; 70 m. 1940 08 31<br \/>\nDarius Grinbergas &#8211; 40 m. 1970 09 01<br \/>\nEdvardas \u2013 Juozas Ramonas &#8211; 70 m. 1940 09 22<br \/>\nMichail Titov &#8211; 60 m. 1950 09 28<br \/>\nVytautas Gaspari\u016bnas &#8211; 75 m. 1935 10 20<br \/>\nVidmantas \u010ciutel\u0117 &#8211; 75 m. 1935 11 03<br \/>\nVia\u010deslav Ku\u010derov &#8211; 55 m. 1955 11 11<br \/>\nEugenijus Martin\u0117nas &#8211; 75 m. 1935 11 22<br \/>\nVitas Mar\u010diukaitis &#8211; 55 m. 1955 12 06<br \/>\nAlgirdas Gricius &#8211; 60 m. 1950 12 11<br \/>\nViktorija Vaicekauskien\u0117 &#8211; 70 m. 1940 12 17<br \/>\nSveikiname jubiliatus ir linkime did\u017eiausios s\u0117km\u0117s!<\/p>","protected":false},"excerpt":{"rendered":"<p>LASF Automobili\u0173 sporto Senjor\u0173 komiteto darbo nuostatai. Informacija Lietuvos automobili\u0173 sporto Senjorams. 2010 metais savo jubiliejus min\u0117s \u0161ie Lietuvos automobili\u0173 sporto Senjorai: Kostas Tamulionis &#8211; &#8230;<\/p>\n","protected":false},"author":19,"featured_media":0,"parent":172,"menu_order":0,"comment_status":"closed","ping_status":"closed","template":"","meta":{"footnotes":""},"class_list":["post-186","page","type-page","status-publish","hentry"],"_links":{"self":[{"href":"https:\/\/www.senas.lasf.lt\/en\/wp-json\/wp\/v2\/pages\/186"}],"collection":[{"href":"https:\/\/www.senas.lasf.lt\/en\/wp-json\/wp\/v2\/pages"}],"about":[{"href":"https:\/\/www.senas.lasf.lt\/en\/wp-json\/wp\/v2\/types\/page"}],"author":[{"embeddable":true,"href":"https:\/\/www.senas.lasf.lt\/en\/wp-json\/wp\/v2\/users\/19"}],"replies":[{"embeddable":true,"href":"https:\/\/www.senas.lasf.lt\/en\/wp-json\/wp\/v2\/comments?post=186"}],"version-history":[{"count":34,"href":"https:\/\/www.senas.lasf.lt\/en\/wp-json\/wp\/v2\/pages\/186\/revisions"}],"predecessor-version":[{"id":31099,"href":"https:\/\/www.senas.lasf.lt\/en\/wp-json\/wp\/v2\/pages\/186\/revisions\/31099"}],"up":[{"embeddable":true,"href":"https:\/\/www.senas.lasf.lt\/en\/wp-json\/wp\/v2\/pages\/172"}],"wp:attachment":[{"href":"https:\/\/www.senas.lasf.lt\/en\/wp-json\/wp\/v2\/media?parent=186"}],"curies":[{"name":"wp","href":"https:\/\/api.w.org\/{rel}","templated":true}]}}