
{"id":184,"date":"2013-11-22T09:07:25","date_gmt":"2013-11-22T07:07:25","guid":{"rendered":"http:\/\/www.senas.lasf.lt\/?page_id=184"},"modified":"2023-08-30T09:51:03","modified_gmt":"2023-08-30T07:51:03","slug":"saugaus-varzybu-organizavimo-komitetas","status":"publish","type":"page","link":"https:\/\/www.senas.lasf.lt\/en\/kitos-strukturos\/saugaus-varzybu-organizavimo-komitetas\/","title":{"rendered":"Safety organization commiteeSafety organization commiteeSafety organization commiteeSafety organization commiteeSafety organization commiteeSafety organization commiteeSafety organization commiteeSafety organization commiteeSafety organization commiteeSafety organization commiteeSafety organization commiteeSafety organization commiteeSafety organization commiteeSafety organization commiteeSafety organization commiteeSafety organization commitee"},"content":{"rendered":"<p><\/p>\n<p><p><strong>2013 m. SVO komiteto protokolai<\/strong><br \/>\n<a href=\"https:\/\/www.senas.lasf.lt\/wp-content\/uploads\/2013\/11\/SVO_posedzio_protokolas_Nr_01-2013_01_11.pdf\" class=\"mtli_attachment mtli_pdf\">Protokolas Nr. 2013-01, 2013-01-11<\/a>.\u00a0<a href=\"https:\/\/www.senas.lasf.lt\/wp-content\/uploads\/2013\/11\/SVO-SEMINARO-DALYVIAI13.pdf\" class=\"mtli_attachment mtli_pdf\">Priedas Nr. 1<\/a>, Priedas Nr2.<br \/>\n<a href=\"https:\/\/www.senas.lasf.lt\/wp-content\/uploads\/2013\/11\/protokolas-SVO-NR2.pdf\" class=\"mtli_attachment mtli_pdf\">Protokolas Nr. 2013-02, 2013-01-30<\/a>.<\/p>\n<p><strong>2012 m. SVO komiteto protokolai<\/strong><\/p>\n<p><a href=\"https:\/\/www.senas.lasf.lt\/wp-content\/uploads\/2013\/11\/2012-02-22-SVO-nariu-apklausos-protokolas.pdf\" class=\"mtli_attachment mtli_pdf\">Protokolas 2012-02-22<\/a>.<br \/>\n<a href=\"https:\/\/www.senas.lasf.lt\/wp-content\/uploads\/2013\/11\/2012-05-14_SVO_komiteto_protokolas.pdf\" class=\"mtli_attachment mtli_pdf\">Protokolas Nr. 2012-01, 2012-05-14<\/a>.\u00a0<a href=\"https:\/\/www.senas.lasf.lt\/wp-content\/uploads\/2013\/11\/Ligoniniu_sarasas_2012.pdf\" class=\"mtli_attachment mtli_pdf\">Ligonini\u0173, kurios teikia stacionarines chirurgijos ir reanimacijos paslaugas, s\u0105ra\u0161as<\/a>.<br \/>\n<a href=\"https:\/\/www.senas.lasf.lt\/wp-content\/uploads\/2013\/11\/2012_10_26_SVO_posedzio_protokolas_Nr_02.pdf\" class=\"mtli_attachment mtli_pdf\">Protokolas Nr. 2012-02, 2012-10-26<\/a>.<br \/>\n<a href=\"https:\/\/www.senas.lasf.lt\/wp-content\/uploads\/2013\/11\/SVO_posedzio_protokolas_Nr_03-2012_11_30.pdf\" class=\"mtli_attachment mtli_pdf\">Protokolas Nr. 2012-03, 2012-11-30<\/a>.<br \/>\n<a href=\"https:\/\/www.senas.lasf.lt\/wp-content\/uploads\/2013\/11\/SVO_posedzio_protokolas_Nr_04-2012_12_06.pdf\" class=\"mtli_attachment mtli_pdf\">Protokolas Nr. 2012-04, 2012-12-06<\/a>.<\/p>\n<p><a href=\"https:\/\/www.senas.lasf.lt\/wp-content\/uploads\/2013\/11\/SVO_reglamentas-2013_04_30.doc\" class=\"mtli_attachment mtli_doc\">2013 m. Saugaus var\u017eyb\u0173 organizavimo reglamentas su priedais<\/a>.<\/p>\n<p><a href=\"https:\/\/www.senas.lasf.lt\/wp-content\/uploads\/2013\/11\/SVO-komiteto-nuostatai-2013.pdf\" class=\"mtli_attachment mtli_pdf\">Saugaus var\u017eyb\u0173 organizavimo komiteto nuostatai<\/a>;<br \/>\n<a href=\"https:\/\/www.senas.lasf.lt\/wp-content\/uploads\/2013\/11\/trasu_inspektavimo_ir_kontroles.pdf\" class=\"mtli_attachment mtli_pdf\">Tras\u0173 inspektavimo ir var\u017eyb\u0173 saugos kontrol\u0117s reglamentas<\/a>;<br \/>\n<a href=\"https:\/\/www.senas.lasf.lt\/wp-content\/uploads\/2013\/11\/SVO-seminaro.doc\" class=\"mtli_attachment mtli_doc\">LASF SVO komiteto organizuoto seminaro teis\u0117jams, vykusio 2010-12-18 d., dalyvi\u0173 s\u0105ra\u0161as<\/a>.<\/p>\n<\/p>\n<p><\/p>","protected":false},"excerpt":{"rendered":"<p>2013 m. SVO komiteto protokolai Protokolas Nr. 2013-01, 2013-01-11.\u00a0Priedas Nr. 1, Priedas Nr2. Protokolas Nr. 2013-02, 2013-01-30. 2012 m. SVO komiteto protokolai Protokolas 2012-02-22. Protokolas &#8230;<\/p>\n","protected":false},"author":19,"featured_media":0,"parent":172,"menu_order":0,"comment_status":"closed","ping_status":"closed","template":"","meta":{"footnotes":""},"class_list":["post-184","page","type-page","status-publish","hentry"],"_links":{"self":[{"href":"https:\/\/www.senas.lasf.lt\/en\/wp-json\/wp\/v2\/pages\/184"}],"collection":[{"href":"https:\/\/www.senas.lasf.lt\/en\/wp-json\/wp\/v2\/pages"}],"about":[{"href":"https:\/\/www.senas.lasf.lt\/en\/wp-json\/wp\/v2\/types\/page"}],"author":[{"embeddable":true,"href":"https:\/\/www.senas.lasf.lt\/en\/wp-json\/wp\/v2\/users\/19"}],"replies":[{"embeddable":true,"href":"https:\/\/www.senas.lasf.lt\/en\/wp-json\/wp\/v2\/comments?post=184"}],"version-history":[{"count":85,"href":"https:\/\/www.senas.lasf.lt\/en\/wp-json\/wp\/v2\/pages\/184\/revisions"}],"predecessor-version":[{"id":34645,"href":"https:\/\/www.senas.lasf.lt\/en\/wp-json\/wp\/v2\/pages\/184\/revisions\/34645"}],"up":[{"embeddable":true,"href":"https:\/\/www.senas.lasf.lt\/en\/wp-json\/wp\/v2\/pages\/172"}],"wp:attachment":[{"href":"https:\/\/www.senas.lasf.lt\/en\/wp-json\/wp\/v2\/media?parent=184"}],"curies":[{"name":"wp","href":"https:\/\/api.w.org\/{rel}","templated":true}]}}