
{"id":182,"date":"2013-11-22T09:06:45","date_gmt":"2013-11-22T07:06:45","guid":{"rendered":"http:\/\/www.senas.lasf.lt\/?page_id=182"},"modified":"2014-07-30T13:27:51","modified_gmt":"2014-07-30T11:27:51","slug":"lietuvos-kartingo-akademija","status":"publish","type":"page","link":"https:\/\/www.senas.lasf.lt\/en\/kitos-strukturos\/lietuvos-kartingo-akademija\/","title":{"rendered":"Lithuania carting academy"},"content":{"rendered":"<p>\u0160\u012f savaitgal\u012f Tarptautin\u0117s automobili\u0173 sporto federacijos (FIA) ir Lietuvos automobili\u0173 sporto federacijos (LASF) suburtos kartingo akademijos studentai rinksis \u012f jau ketvirt\u0105 sesij\u0105.<\/p>\n<p>Kaip visada dvi dienas vykstantys teoriniai u\u017esi\u0117mimai vyksta pakaitomis su treniruo\u010di\u0173 va\u017eiavimais, tod\u0117l vaikai \u012fgytas \u017einias \u010dia pat gali pritaikyti praktikoje.<\/p>\n<p>\u0160i\u0105 savait\u0119 savo patirt\u012f jauniems sportininkams, kuri\u0173 dauguma \u012f kartingo trasas \u0161iemet i\u0161va\u017eiavo pirm\u0105 kart\u0105 gyvenime, perduos Jonas Gel\u017einis ir Kazimieras Vasiliauskas: du jauni, ta\u010diau jau labai patyr\u0119 lenktynininkai. Jonas atvyks tiesiai i\u0161 did\u017eiosios Britanijos, kur pra\u0117jus\u012f savaitgal\u012f i\u0161kovojo dvi i\u0161 eil\u0117s pergales \u201ePorsche Carrera Cup\u201c Did\u017eiosios Britanijos \u010dempionate.<\/p>\n<p>\u201eMan patinka dirbti su vaikais. Matau, kaip jie tobul\u0117ja ir kaip atid\u017eiai klausosi lenktyniavimo subtilybi\u0173. Ta\u010diau labiausiai \u017eavi j\u0173 i\u0161tverm\u0117. Po kartingo var\u017eyb\u0173 net suaug\u0119 vyrai i\u0161lipa visi\u0161kai i\u0161sek\u0119, o jaunieji sportininkai pra\u0117jus vos keletui minu\u010di\u0173 po fini\u0161o aplink kartodrom\u0105 jau mina dvira\u010dio ratus\u201c \u2013 pasakoja Jonas Gel\u017einis, kris \u0161iems vaikams paskaitas d\u0117sto nuo pat pirmosios sesijos.<\/p>\n<p>J. Gel\u017einis turi kuo pasidalinti \u2013 pernai jis lank\u0117 FIA jaun\u0173j\u0173 talent\u0173 akademij\u0105, \u012f kuri\u0105 buvo susirink\u0119 kelios de\u0161imtys pa\u010di\u0173 gabiausi\u0173 lenktyninink\u0173 talent\u0173 i\u0161 viso pasaulio.<\/p>\n<p>Kaip tikrus profesionalius lenktynininkus kartingo akademijos vaikus d\u0117stytojai \u0161i\u0105 savait\u0119 mokys kaip teisingai lenkti, kaip pasirinkti teisingas trajektorijas.<\/p>\n<p>Savo pritaikytas \u017einias jaunieji sportininkai gal\u0117s \u012fgyvendinti prakti\u0161kai jau sekmadien\u012f, nes Smalininkuose vyks penktasis Lietuvos kartingo \u010dempionato etapas.<\/p>","protected":false},"excerpt":{"rendered":"<p>\u0160\u012f savaitgal\u012f Tarptautin\u0117s automobili\u0173 sporto federacijos (FIA) ir Lietuvos automobili\u0173 sporto federacijos (LASF) suburtos kartingo akademijos studentai rinksis \u012f jau ketvirt\u0105 sesij\u0105. Kaip visada dvi &#8230;<\/p>\n","protected":false},"author":19,"featured_media":0,"parent":172,"menu_order":0,"comment_status":"closed","ping_status":"closed","template":"","meta":{"footnotes":""},"class_list":["post-182","page","type-page","status-publish","hentry"],"_links":{"self":[{"href":"https:\/\/www.senas.lasf.lt\/en\/wp-json\/wp\/v2\/pages\/182"}],"collection":[{"href":"https:\/\/www.senas.lasf.lt\/en\/wp-json\/wp\/v2\/pages"}],"about":[{"href":"https:\/\/www.senas.lasf.lt\/en\/wp-json\/wp\/v2\/types\/page"}],"author":[{"embeddable":true,"href":"https:\/\/www.senas.lasf.lt\/en\/wp-json\/wp\/v2\/users\/19"}],"replies":[{"embeddable":true,"href":"https:\/\/www.senas.lasf.lt\/en\/wp-json\/wp\/v2\/comments?post=182"}],"version-history":[{"count":11,"href":"https:\/\/www.senas.lasf.lt\/en\/wp-json\/wp\/v2\/pages\/182\/revisions"}],"predecessor-version":[{"id":2723,"href":"https:\/\/www.senas.lasf.lt\/en\/wp-json\/wp\/v2\/pages\/182\/revisions\/2723"}],"up":[{"embeddable":true,"href":"https:\/\/www.senas.lasf.lt\/en\/wp-json\/wp\/v2\/pages\/172"}],"wp:attachment":[{"href":"https:\/\/www.senas.lasf.lt\/en\/wp-json\/wp\/v2\/media?parent=182"}],"curies":[{"name":"wp","href":"https:\/\/api.w.org\/{rel}","templated":true}]}}