
{"id":180,"date":"2013-11-22T09:06:34","date_gmt":"2013-11-22T07:06:34","guid":{"rendered":"http:\/\/www.senas.lasf.lt\/?page_id=180"},"modified":"2024-02-12T14:53:34","modified_gmt":"2024-02-12T12:53:34","slug":"lasf-teiseju-komitetas","status":"publish","type":"page","link":"https:\/\/www.senas.lasf.lt\/en\/kitos-strukturos\/lasf-teiseju-komitetas\/","title":{"rendered":"Arbitrator committee"},"content":{"rendered":"<p><\/p>\n<p><p><strong>Teis\u0117j\u0173 komiteto nutarimai ir reglamentuojantys dokumentai<\/strong><\/p>\n<p><a href=\"https:\/\/www.senas.lasf.lt\/wp-content\/uploads\/2013\/11\/Teiseju-komiteto-nuostatai-redaguoti.pdf\" class=\"mtli_attachment mtli_pdf\">Teisej\u0173 komiteto nuostatai<\/a>.<\/p>\n<p><a href=\"https:\/\/www.senas.lasf.lt\/wp-content\/uploads\/2013\/11\/SKK-darbas.pdf\" class=\"mtli_attachment mtli_pdf\">Sporto komisar\u0173 kolegijos darbas<\/a>.<\/p>\n<p><a href=\"https:\/\/www.senas.lasf.lt\/wp-content\/uploads\/2013\/11\/LK-GR_Teiseju-brigados-darbo-organiz.pdf\" class=\"mtli_attachment mtli_pdf\">LK &#8211; GR teis\u0117j\u0173 brigados darbo organizavimas<\/a>.<\/p>\n<p><a href=\"https:\/\/www.senas.lasf.lt\/wp-content\/uploads\/2013\/11\/LK_GR_Teiseju-brigados-pareigybiniai-nuostatai.pdf\" class=\"mtli_attachment mtli_pdf\">LK -GR kontrolin\u0117s zonos teis\u0117j\u0173 pareigyb\u0117s instrukcijos<\/a>.<\/p>\n<p><a href=\"https:\/\/www.senas.lasf.lt\/wp-content\/uploads\/2013\/11\/LK-zonos-teiseju-darbas.pdf\" class=\"mtli_attachment mtli_pdf\">LK teis\u0117j\u0173 pareigyb\u0117s instrukcijos ir darbo organizavimas<\/a>.<\/p>\n<p><a href=\"https:\/\/www.senas.lasf.lt\/wp-content\/uploads\/2013\/11\/LAZL_Signalines-veliavos.pdf\" class=\"mtli_attachment mtli_pdf\">Automobili\u0173 sporte naudojamos signalin\u0117s v\u0117liavos ir j\u0173 reik\u0161m\u0117s<\/a>.<\/p>\n<p><a href=\"https:\/\/www.senas.lasf.lt\/wp-content\/uploads\/2013\/11\/Instrukcija-ziedo-teisejams.pdf\" class=\"mtli_attachment mtli_pdf\">Automobili\u0173 sporte naudojamos signalin\u0117s v\u0117liavos ir j\u0173 reik\u0161m\u0117s<\/a>.<\/p>\n<p><a href=\"https:\/\/www.senas.lasf.lt\/wp-content\/uploads\/2013\/11\/teisejai0821.pdf\" class=\"mtli_attachment mtli_pdf\">Teis\u0117j\u0173 sara\u0161as (2012.08.21 dienos informacija)<\/a>.<\/p>\n<p><strong>2012 met\u0173 LASF teis\u0117j\u0173 komiteto nutarimai:<\/strong><br \/>\n<a href=\"https:\/\/www.senas.lasf.lt\/wp-content\/uploads\/2013\/11\/komiteto-posedis_2012_01.pdf\" class=\"mtli_attachment mtli_pdf\">LASF Teis\u0117j\u0173 komiteto protokolas Nr. 1, 2012-03-12<\/a><\/p>\n<p><strong>2010 met\u0173 LASF teis\u0117j\u0173 komiteto nutarimai:<\/strong><br \/>\n<a href=\"https:\/\/www.senas.lasf.lt\/wp-content\/uploads\/2013\/11\/teiseju-protokolas-nr-2.doc\" class=\"mtli_attachment mtli_doc\">LASF Teis\u0117j\u0173 komiteto protokolas Nr. 2<\/a><br \/>\n<a href=\"https:\/\/www.senas.lasf.lt\/wp-content\/uploads\/2013\/11\/Teiseju-komitetas.doc\" class=\"mtli_attachment mtli_doc\">LASF Teis\u0117j\u0173 komiteto protokolas Nr. 3 ir jo priedai<\/a><\/p>\n<p><strong>2009 met\u0173 LASF teis\u0117j\u0173 komiteto nutarimai:<\/strong><br \/>\n<a href=\"https:\/\/www.senas.lasf.lt\/wp-content\/uploads\/2013\/11\/2009-07-23-Teiseju-komiteto-protokolas.pdf\" class=\"mtli_attachment mtli_pdf\">LASF Teis\u0117j\u0173 komiteto protokolas Nr. 1, 2009-07-23<\/a><\/p>\n<p><strong>2007 m. LASF Teis\u0117j\u0173 komiteto pos\u0117d\u017ei\u0173 protokolai:<br \/>\n<\/strong><a href=\"https:\/\/www.senas.lasf.lt\/wp-content\/uploads\/2013\/11\/2007-11-07-Teiseju-komiteto-protokolas.pdf\" class=\"mtli_attachment mtli_pdf\">LASF Teis\u0117j\u0173 komiteto protokolas Nr. 1, 2009-07-23<\/a><\/p>\n<p><strong>2012 metais savo jubiliejus min\u0117jo \u0161ie Lietuvos automobili\u0173 sporto Teis\u0117jai:<\/strong><\/p>\n<p>75 met\u0173<br \/>\nVASILIAUSKIEN\u0116 MARIJONA ALDONA 1937.08.06<\/p>\n<p>70 met\u0173<br \/>\nTU\u010cKUS PRANAS 1942.03.03<\/p>\n<p>65 met\u0173<br \/>\nJUOZELSKIS DALIUS 1947.02.20<br \/>\n\u0160\u010cIU\u010cKA GEDIMINAS 1947.07.26<br \/>\nVAN\u017dODIS LIONGINAS 1947.11.22<\/p>\n<p>60 met\u0173<br \/>\nLIESIS \u0160AR\u016aNAS 1952.01.03<br \/>\nVITKUS LEVONAS 1952.08.18<\/p>\n<p>55 met\u0173<br \/>\nBARKAUSKAS GYTIS 1957.03.08<br \/>\nSTEIK\u016aNIEN\u0116 LAIMA 1957.05.09<br \/>\nDRU\u010cKUVIEN\u0116 GERARDA 1957.09.20<\/p>\n<p>50 met\u0173<br \/>\nUDRAS K\u0118STUTIS 1962.03.06<br \/>\nJURGELEVI\u010cIUS ROLANDAS 1962.03.14<br \/>\nADOMAITIS GINTAUTAS 1962.08.02<br \/>\nJONKIEN\u0116 AUDRUT\u0116 1962.09.15<\/p>\n<p>45 met\u0173<br \/>\nSTANAITIS SAULIUS 1967.03.19<br \/>\nVENYS REMIGIJUS 1967.05.08<\/p>\n<p>40 met\u0173<br \/>\nZAMALAITIS DEIVIS 1972.01.01<br \/>\nPOLIUS SAULIUS 1972.02.12<br \/>\nANTANAVI\u010cIUS REMIGIJUS 1972.03.23<br \/>\nSAVICKIEN\u0116 INGRIDA 1972.04.25<br \/>\nLAPINSKAS VAIDAS 1972.07.05<br \/>\nVASILENKO VYTAUTAS 1972.09.30<br \/>\nKULNIEN\u0116 VIOLETA 1972.12.04<\/p>\n<\/p>\n<p><\/p>","protected":false},"excerpt":{"rendered":"<p>Teis\u0117j\u0173 komiteto nutarimai ir reglamentuojantys dokumentai Teisej\u0173 komiteto nuostatai. Sporto komisar\u0173 kolegijos darbas. LK &#8211; GR teis\u0117j\u0173 brigados darbo organizavimas. LK -GR kontrolin\u0117s zonos teis\u0117j\u0173 &#8230;<\/p>\n","protected":false},"author":19,"featured_media":0,"parent":172,"menu_order":0,"comment_status":"closed","ping_status":"closed","template":"","meta":{"footnotes":""},"class_list":["post-180","page","type-page","status-publish","hentry"],"_links":{"self":[{"href":"https:\/\/www.senas.lasf.lt\/en\/wp-json\/wp\/v2\/pages\/180"}],"collection":[{"href":"https:\/\/www.senas.lasf.lt\/en\/wp-json\/wp\/v2\/pages"}],"about":[{"href":"https:\/\/www.senas.lasf.lt\/en\/wp-json\/wp\/v2\/types\/page"}],"author":[{"embeddable":true,"href":"https:\/\/www.senas.lasf.lt\/en\/wp-json\/wp\/v2\/users\/19"}],"replies":[{"embeddable":true,"href":"https:\/\/www.senas.lasf.lt\/en\/wp-json\/wp\/v2\/comments?post=180"}],"version-history":[{"count":79,"href":"https:\/\/www.senas.lasf.lt\/en\/wp-json\/wp\/v2\/pages\/180\/revisions"}],"predecessor-version":[{"id":36324,"href":"https:\/\/www.senas.lasf.lt\/en\/wp-json\/wp\/v2\/pages\/180\/revisions\/36324"}],"up":[{"embeddable":true,"href":"https:\/\/www.senas.lasf.lt\/en\/wp-json\/wp\/v2\/pages\/172"}],"wp:attachment":[{"href":"https:\/\/www.senas.lasf.lt\/en\/wp-json\/wp\/v2\/media?parent=180"}],"curies":[{"name":"wp","href":"https:\/\/api.w.org\/{rel}","templated":true}]}}