
{"id":178,"date":"2013-11-22T09:06:19","date_gmt":"2013-11-22T07:06:19","guid":{"rendered":"http:\/\/www.senas.lasf.lt\/?page_id=178"},"modified":"2021-10-21T15:02:09","modified_gmt":"2021-10-21T13:02:09","slug":"lasf-techniniu-reikalavimu-komitetas","status":"publish","type":"page","link":"https:\/\/www.senas.lasf.lt\/en\/kitos-strukturos\/lasf-techniniu-reikalavimu-komitetas\/","title":{"rendered":"Committee for technical requirements"},"content":{"rendered":"<p><\/p>\n<p><a href=\"https:\/\/www.senas.lasf.lt\/wp-content\/uploads\/2013\/11\/Techniniu-reikalavimu-komiteto-nuostatai-2013.pdf\" class=\"mtli_attachment mtli_pdf\">Techniniu reikalavimu komiteto nuostatai 2013<\/a><\/p>\n<p>Saugos r\u0117m\u0173 montuotojo (gamintojo) pa\u017eym\u0117jim\u0173 registracijos \u017einiara\u0161tis &#8211;\u00a0<a href=\"https:\/\/www.senas.lasf.lt\/wp-content\/uploads\/2013\/11\/Saugos-remu_registracija-03_28.doc\" class=\"mtli_attachment mtli_doc\">\u010cIA<\/a><\/p>\n<p><strong>2011 m. FIA J pried\u0173 techniniai reikalavimai angl\u0173 kalba<\/strong><\/p>\n<p>251 straipsnis &#8211;\u00a0<a href=\"https:\/\/www.senas.lasf.lt\/wp-content\/uploads\/2013\/11\/251-2011_Appendix.doc\" class=\"mtli_attachment mtli_doc\">Klasifikacija ir apibr\u0117\u017eimai<\/a>;<br \/>\n252 straipsnis &#8211;\u00a0<a href=\"https:\/\/www.senas.lasf.lt\/wp-content\/uploads\/2013\/11\/252-2011_Appendix.doc\" class=\"mtli_attachment mtli_doc\">Bendrieji reikalavimai serijiniams automobiliams (grup\u0117 N), turistiniams automobiliams (grup\u0117 A), did\u017eioji, turizmo automobiliams (grup\u0117 B)<\/a>;<br \/>\n253 straipsnis &#8211;\u00a0<a href=\"https:\/\/www.senas.lasf.lt\/wp-content\/uploads\/2013\/11\/253-2011_Appendix.doc\" class=\"mtli_attachment mtli_doc\">Saugos \u012franga<\/a>;<br \/>\n254 straipsnis &#8211;\u00a0<a href=\"https:\/\/www.senas.lasf.lt\/wp-content\/uploads\/2013\/11\/254-2011_Appendix.doc\" class=\"mtli_attachment mtli_doc\">Techniniai reikalavimai serijiniams automobiliams (grup\u0117 N)<\/a>;<br \/>\n254 A straipsnis &#8211;\u00a0<a href=\"https:\/\/www.senas.lasf.lt\/wp-content\/uploads\/2013\/11\/254A-2011_Appendix.doc\" class=\"mtli_attachment mtli_doc\">Techniniai reikalavimai Super 2000 grup\u0117s automobiliams<\/a>;<br \/>\n255 straipsnis &#8211;\u00a0<a href=\"https:\/\/www.senas.lasf.lt\/wp-content\/uploads\/2013\/11\/255-2011_Appendix.doc\" class=\"mtli_attachment mtli_doc\">Techniniai reikalavimai turistiniams automobiliams (grup\u0117 A)<\/a>;<br \/>\n255 A straipsnis &#8211;\u00a0<a href=\"https:\/\/www.senas.lasf.lt\/wp-content\/uploads\/2013\/11\/255A-2011_Appendix.doc\" class=\"mtli_attachment mtli_doc\">Techniniai reikalavimai Super 2000\/WRC automobiliams<\/a>;<br \/>\n260 straipsnis &#8211;\u00a0<a href=\"https:\/\/www.senas.lasf.lt\/wp-content\/uploads\/2013\/11\/260-2011_Appendix.doc\" class=\"mtli_attachment mtli_doc\">Techniniai reikalavimai R grup\u0117s automobiliams<\/a>;<br \/>\n260 D straipsnis &#8211;\u00a0<a href=\"https:\/\/www.senas.lasf.lt\/wp-content\/uploads\/2013\/11\/260D-2011_Appendix.doc\" class=\"mtli_attachment mtli_doc\">Techniniai reikalavimai R3D ir R3T automobiliams<\/a>;<br \/>\n279 straipsnis &#8211;\u00a0<a href=\"https:\/\/www.senas.lasf.lt\/wp-content\/uploads\/2013\/11\/279-2011.doc\" class=\"mtli_attachment mtli_doc\">Techniniai reikalavimai automobili\u0173 kroso ir rali-kroso automobiliams<\/a>.<\/p>\n<p>2010 m. FIA J pried\u0173 techniniai reikalavimai: angl\u0173 ir lietuvi\u0173 kalbomis (ENG \/ LIT)<\/p>\n<p>251 straipsnis &#8211; Klasifikacija ir apibr\u0117\u017eimai:\u00a0<a href=\"https:\/\/www.senas.lasf.lt\/wp-content\/uploads\/2013\/11\/251-20101.doc\" class=\"mtli_attachment mtli_doc\">ENG<\/a>\u00a0\/\u00a0<a href=\"https:\/\/www.senas.lasf.lt\/wp-content\/uploads\/2013\/11\/251-2010redag_1.doc\" class=\"mtli_attachment mtli_doc\">LIT<\/a><br \/>\n252 straipsnis &#8211; Bendrieji reikalavimai serijiniams automobiliams (grup\u0117 N), turistiniams automobiliams (grup\u0117 A), did\u017eioji, turizmo automobiliams (grup\u0117 B):\u00a0<a href=\"https:\/\/www.senas.lasf.lt\/wp-content\/uploads\/2013\/11\/252-2010.doc\" class=\"mtli_attachment mtli_doc\">ENG<\/a>\u00a0\/\u00a0<a href=\"https:\/\/www.senas.lasf.lt\/wp-content\/uploads\/2013\/11\/252-2010redag_.doc\" class=\"mtli_attachment mtli_doc\">LIT<\/a><br \/>\n253 straipsnis &#8211; Saugos \u012franga:\u00a0<a href=\"https:\/\/www.senas.lasf.lt\/wp-content\/uploads\/2013\/11\/253-10-11.doc\" class=\"mtli_attachment mtli_doc\">ENG<\/a>\u00a0\/\u00a0<a href=\"https:\/\/www.senas.lasf.lt\/wp-content\/uploads\/2013\/11\/253-2010redag_.doc\" class=\"mtli_attachment mtli_doc\">LIT<\/a><br \/>\n254 straipsnis &#8211; Techniniai reikalavimai serijiniams automobiliams (grup\u0117 N):\u00a0<a href=\"https:\/\/www.senas.lasf.lt\/wp-content\/uploads\/2013\/11\/254_09-10.pdf\" class=\"mtli_attachment mtli_pdf\">ENG<\/a>\u00a0\/\u00a0<a href=\"https:\/\/www.senas.lasf.lt\/wp-content\/uploads\/2013\/11\/253-2010redag_1.doc\" class=\"mtli_attachment mtli_doc\">LIT<\/a><br \/>\n254 A straipsnis &#8211; Techniniai reikalavimai Super 2000 grup\u0117s automobiliams:\u00a0<a href=\"https:\/\/www.senas.lasf.lt\/wp-content\/uploads\/2013\/11\/254A_09-10.pdf\" class=\"mtli_attachment mtli_pdf\">ENG<\/a>\u00a0\/\u00a0<a href=\"https:\/\/www.senas.lasf.lt\/wp-content\/uploads\/2013\/11\/254A-2010redag_.doc\" class=\"mtli_attachment mtli_doc\">LIT<\/a><br \/>\n255 straipsnis &#8211; Techniniai reikalavimai turistiniams automobiliams (grup\u0117 A):\u00a0<a href=\"https:\/\/www.senas.lasf.lt\/wp-content\/uploads\/2013\/11\/255-2009-15112008.pdf\" class=\"mtli_attachment mtli_pdf\">ENG<\/a>\u00a0\/\u00a0<a href=\"https:\/\/www.senas.lasf.lt\/wp-content\/uploads\/2013\/11\/255-2010redaguota_.doc\" class=\"mtli_attachment mtli_doc\">LIT<\/a><br \/>\n279 straipsnis &#8211; Techniniai reikalavimai automobili\u0173 kroso ir rali-kroso automobiliams:\u00a0<a href=\"https:\/\/www.senas.lasf.lt\/wp-content\/uploads\/2013\/11\/279-2009.doc\" class=\"mtli_attachment mtli_doc\">ENG<\/a>\u00a0\/\u00a0<a href=\"https:\/\/www.senas.lasf.lt\/wp-content\/uploads\/2013\/11\/279-2010redag_.doc\" class=\"mtli_attachment mtli_doc\">LIT<\/a><br \/>\n261 straipsnis &#8211;\u00a0<a href=\"https:\/\/www.senas.lasf.lt\/wp-content\/uploads\/2013\/11\/261-10-11.doc\" class=\"mtli_attachment mtli_doc\">Techniniai reikalavimai \u017eiedini\u0173 lenktyni\u0173 (Super Production) automobiliams<\/a>\u00a0(vertimo n\u0117ra)<\/p>\n<p>Pastaba: dalis FIA J priedo straipsni\u0173 atnaujinti 2010 03 11, tod\u0117l kai kuri\u0173 straipsni\u0173 vertimai, atlikti 2009.11 m\u0117n. gali \u0161iek tiek skirtis.<\/p>\n<p>FIA prane\u0161imas &#8220;D\u0117l OMP Racing Sri (Italy) mark\u0117s, HTE-ONE modelio s\u0117dyni\u0173, kurios neatitinka FIA 8862-2009 standarto ir netinkamos naudoti&#8221; 09.07.2010 &#8211;\u00a0<a href=\"https:\/\/www.senas.lasf.lt\/wp-content\/uploads\/2013\/11\/FIA_pranesimas_del_sedyniu.jpg\">\u010dia<\/a>.<\/p>\n<p><a href=\"https:\/\/www.senas.lasf.lt\/wp-content\/uploads\/2013\/11\/Del-biodegalu_naudojimo.pdf\" class=\"mtli_attachment mtli_pdf\">Informacija &#8220;D\u0117l kuro naudojimo LAR\u010c&#8221;<\/a><\/p>\n<p><\/p>","protected":false},"excerpt":{"rendered":"<p>Techniniu reikalavimu komiteto nuostatai 2013 Saugos r\u0117m\u0173 montuotojo (gamintojo) pa\u017eym\u0117jim\u0173 registracijos \u017einiara\u0161tis &#8211;\u00a0\u010cIA 2011 m. FIA J pried\u0173 techniniai reikalavimai angl\u0173 kalba 251 straipsnis &#8211;\u00a0Klasifikacija &#8230;<\/p>\n","protected":false},"author":19,"featured_media":0,"parent":172,"menu_order":0,"comment_status":"closed","ping_status":"closed","template":"","meta":{"footnotes":""},"class_list":["post-178","page","type-page","status-publish","hentry"],"_links":{"self":[{"href":"https:\/\/www.senas.lasf.lt\/en\/wp-json\/wp\/v2\/pages\/178"}],"collection":[{"href":"https:\/\/www.senas.lasf.lt\/en\/wp-json\/wp\/v2\/pages"}],"about":[{"href":"https:\/\/www.senas.lasf.lt\/en\/wp-json\/wp\/v2\/types\/page"}],"author":[{"embeddable":true,"href":"https:\/\/www.senas.lasf.lt\/en\/wp-json\/wp\/v2\/users\/19"}],"replies":[{"embeddable":true,"href":"https:\/\/www.senas.lasf.lt\/en\/wp-json\/wp\/v2\/comments?post=178"}],"version-history":[{"count":51,"href":"https:\/\/www.senas.lasf.lt\/en\/wp-json\/wp\/v2\/pages\/178\/revisions"}],"predecessor-version":[{"id":27074,"href":"https:\/\/www.senas.lasf.lt\/en\/wp-json\/wp\/v2\/pages\/178\/revisions\/27074"}],"up":[{"embeddable":true,"href":"https:\/\/www.senas.lasf.lt\/en\/wp-json\/wp\/v2\/pages\/172"}],"wp:attachment":[{"href":"https:\/\/www.senas.lasf.lt\/en\/wp-json\/wp\/v2\/media?parent=178"}],"curies":[{"name":"wp","href":"https:\/\/api.w.org\/{rel}","templated":true}]}}