
{"id":176,"date":"2013-11-22T09:06:03","date_gmt":"2013-11-22T07:06:03","guid":{"rendered":"http:\/\/www.senas.lasf.lt\/?page_id=176"},"modified":"2024-11-08T09:54:13","modified_gmt":"2024-11-08T07:54:13","slug":"apeliacinis-teismas","status":"publish","type":"page","link":"https:\/\/www.senas.lasf.lt\/en\/kitos-strukturos\/apeliacinis-teismas\/","title":{"rendered":"Court of Appeal"},"content":{"rendered":"<p><a href=\"https:\/\/www.senas.lasf.lt\/wp-content\/uploads\/2013\/11\/Apeliacinio-teismo-nuostatai-2013-03-30.pdf\" class=\"mtli_attachment mtli_pdf\">Apeliacinio teismo nuostatai 2013 03 30<\/a><\/p>\n<p><a href=\"https:\/\/www.senas.lasf.lt\/wp-content\/uploads\/2013\/11\/LASF-Apeliacinio-teismo-pirmininko-informacija-ASK.pdf\" class=\"mtli_attachment mtli_pdf\">LASF Apeliacinio teismo pirmininko informacija ASK<\/a><\/p>\n<p><a href=\"https:\/\/www.senas.lasf.lt\/wp-content\/uploads\/2013\/11\/prasymas.jpg\">ASK &#8220;Vilky\u010diai&#8221; pra\u0161ymas<\/a><\/p>\n<p><a href=\"https:\/\/www.senas.lasf.lt\/wp-content\/uploads\/2013\/11\/LASF-Apeliacinio-teismo-pirmininko-informacija-ASK.pdf\" class=\"mtli_attachment mtli_pdf\">LASF Apeliacinio teismo pirmininko atsakymas \u012f ASK &#8220;Vilky\u010diai&#8221; 2009-10-28 dienos pra\u0161ym\u0105<\/a><\/p>\n<p>LASF Apeliacinio teismo sprendimai skelbiami, tik atskiru LASF Apeliacinio teismo sprendimu.<\/p>\n<p><b>LASF Apeliacinio teismo protokolai:<br \/>\n<\/b><br \/>\nLASF Apeliacinio teismo, vykusio 2012-10-16 dien\u0105 Protokolo i\u0161ra\u0161as &#8211;\u00a0<a href=\"https:\/\/www.senas.lasf.lt\/wp-content\/uploads\/2013\/11\/Apeliacinio-protokolas-2012-10-16_Israsas.pdf\" class=\"mtli_attachment mtli_pdf\">\u010cIA<\/a><\/p>\n<p>LASF Apeliacinio teismo, vykusio 2009-10-28 dien\u0105 Protokolo i\u0161ra\u0161as &#8211;\u00a0<a href=\"https:\/\/www.senas.lasf.lt\/wp-content\/uploads\/2013\/11\/Apeliacinis-LASFprotokolas-10-28-israsas.pdf\" class=\"mtli_attachment mtli_pdf\">\u010cIA<\/a><\/p>\n<p>LASF Apeliacinio teismo, vykusio 2009-06-18 Porotokolo i\u0161ra\u0161as &#8211;\u00a0<a href=\"https:\/\/www.senas.lasf.lt\/wp-content\/uploads\/2013\/11\/Apeliacinio-israsas.pdf\" class=\"mtli_attachment mtli_pdf\">\u010cIA<\/a><\/p>\n<p>LASF Apeliacinio teismo, vykusio 2009-01-08 Protokolas &#8211;\u00a0<a href=\"https:\/\/www.senas.lasf.lt\/wp-content\/uploads\/2013\/11\/apeliacinio-israsas-2009-01-08.doc\" class=\"mtli_attachment mtli_doc\">\u010cIA<\/a><\/p>\n<p>LASF Apeliacinio teismo, vykusio 2008-05-27 Protokolas &#8211;\u00a0<a href=\"https:\/\/www.senas.lasf.lt\/wp-content\/uploads\/2013\/11\/LASF_Apeliacinio_teismo_2008-05-27.pdf\" class=\"mtli_attachment mtli_pdf\">\u010cIA<\/a><\/p>\n<p>LASF Apeliacinio teismo, vykusio 2008-07-15 Protokolo I\u0161ra\u0161as &#8211;\u00a0<a href=\"https:\/\/www.senas.lasf.lt\/wp-content\/uploads\/2013\/11\/Israsas-is-apeliacinio-teismo_07-15.pdf\" class=\"mtli_attachment mtli_pdf\">\u010cIA<\/a><\/p>\n<p>LASF Apeliacinio teismo, vykusio 2008-07-15 ir 2008-07-23 Protokolo I\u0161ra\u0161as &#8211;\u00a0<a href=\"https:\/\/www.senas.lasf.lt\/wp-content\/uploads\/2013\/11\/Israsas-is-apeliacinio-teismo_07-23.pdf\" class=\"mtli_attachment mtli_pdf\">\u010cIA<\/a><\/p>\n<p>LASF Apeliacinio teismo arbitra\u017eo kolegijos pos\u0117d\u017eio vykusio 2008-09-16, protokolas &#8211;\u00a0<a href=\"https:\/\/www.senas.lasf.lt\/wp-content\/uploads\/2013\/11\/protokolas-2008-09-16.doc\" class=\"mtli_attachment mtli_doc\">\u010cIA<\/a><\/p>\n<p>LASF Apeliacinio teismo arbitra\u017eo kolegijos posed\u017eio vykusio 2008-09- 24, i\u0161ra\u0161as &#8211;\u00a0<a href=\"https:\/\/www.senas.lasf.lt\/wp-content\/uploads\/2013\/11\/09-24_israsas.doc\" class=\"mtli_attachment mtli_doc\">\u010cIA<\/a><\/p>","protected":false},"excerpt":{"rendered":"<p>Apeliacinio teismo nuostatai 2013 03 30 LASF Apeliacinio teismo pirmininko informacija ASK ASK &#8220;Vilky\u010diai&#8221; pra\u0161ymas LASF Apeliacinio teismo pirmininko atsakymas \u012f ASK &#8220;Vilky\u010diai&#8221; 2009-10-28 dienos &#8230;<\/p>\n","protected":false},"author":19,"featured_media":0,"parent":172,"menu_order":0,"comment_status":"closed","ping_status":"closed","template":"","meta":{"footnotes":""},"class_list":["post-176","page","type-page","status-publish","hentry"],"_links":{"self":[{"href":"https:\/\/www.senas.lasf.lt\/en\/wp-json\/wp\/v2\/pages\/176"}],"collection":[{"href":"https:\/\/www.senas.lasf.lt\/en\/wp-json\/wp\/v2\/pages"}],"about":[{"href":"https:\/\/www.senas.lasf.lt\/en\/wp-json\/wp\/v2\/types\/page"}],"author":[{"embeddable":true,"href":"https:\/\/www.senas.lasf.lt\/en\/wp-json\/wp\/v2\/users\/19"}],"replies":[{"embeddable":true,"href":"https:\/\/www.senas.lasf.lt\/en\/wp-json\/wp\/v2\/comments?post=176"}],"version-history":[{"count":27,"href":"https:\/\/www.senas.lasf.lt\/en\/wp-json\/wp\/v2\/pages\/176\/revisions"}],"predecessor-version":[{"id":39462,"href":"https:\/\/www.senas.lasf.lt\/en\/wp-json\/wp\/v2\/pages\/176\/revisions\/39462"}],"up":[{"embeddable":true,"href":"https:\/\/www.senas.lasf.lt\/en\/wp-json\/wp\/v2\/pages\/172"}],"wp:attachment":[{"href":"https:\/\/www.senas.lasf.lt\/en\/wp-json\/wp\/v2\/media?parent=176"}],"curies":[{"name":"wp","href":"https:\/\/api.w.org\/{rel}","templated":true}]}}