
{"id":172,"date":"2013-11-22T09:05:34","date_gmt":"2013-11-22T07:05:34","guid":{"rendered":"http:\/\/www.senas.lasf.lt\/?page_id=172"},"modified":"2024-10-31T14:00:25","modified_gmt":"2024-10-31T12:00:25","slug":"kitos-strukturos","status":"publish","type":"page","link":"https:\/\/www.senas.lasf.lt\/en\/kitos-strukturos\/","title":{"rendered":"Other institutions"},"content":{"rendered":"<p>\u0160ioje LASF puslapio dalyje galite susipa\u017einti su kitomis LASF strukt\u016bromis. \u0160is pavadinimas apima labai svarbias Lietuvos automobili\u0173 sporto gyvenimo sferas, nes \u0161i sporto \u0161aka negal\u0117t\u0173 gyvuoti be LASF teis\u0117j\u0173, LASF saugaus var\u017eyb\u0173 organizavimo ir LASF technini\u0173 reikalavim\u0173 komitet\u0173 ar gin\u010dus automobili\u0173 sporte sprend\u017eian\u010dios institucijos &#8211; LASF apeliacinio teismo. Taip pat LASF neu\u017emir\u0161ta ir t\u0173 \u017emoni\u0173, kuri\u0173 entuziazmas pagimd\u0117 Lietuvos automobili\u0173 sport\u0105, tod\u0117l LASF&#8217;e veikia LASF sporto senjor\u0173 komitetas.<\/p>","protected":false},"excerpt":{"rendered":"<p>\u0160ioje LASF puslapio dalyje galite susipa\u017einti su kitomis LASF strukt\u016bromis. \u0160is pavadinimas apima labai svarbias Lietuvos automobili\u0173 sporto gyvenimo sferas, nes \u0161i sporto \u0161aka negal\u0117t\u0173 &#8230;<\/p>\n","protected":false},"author":19,"featured_media":0,"parent":0,"menu_order":0,"comment_status":"closed","ping_status":"closed","template":"","meta":{"footnotes":""},"class_list":["post-172","page","type-page","status-publish","hentry"],"_links":{"self":[{"href":"https:\/\/www.senas.lasf.lt\/en\/wp-json\/wp\/v2\/pages\/172"}],"collection":[{"href":"https:\/\/www.senas.lasf.lt\/en\/wp-json\/wp\/v2\/pages"}],"about":[{"href":"https:\/\/www.senas.lasf.lt\/en\/wp-json\/wp\/v2\/types\/page"}],"author":[{"embeddable":true,"href":"https:\/\/www.senas.lasf.lt\/en\/wp-json\/wp\/v2\/users\/19"}],"replies":[{"embeddable":true,"href":"https:\/\/www.senas.lasf.lt\/en\/wp-json\/wp\/v2\/comments?post=172"}],"version-history":[{"count":11,"href":"https:\/\/www.senas.lasf.lt\/en\/wp-json\/wp\/v2\/pages\/172\/revisions"}],"predecessor-version":[{"id":39445,"href":"https:\/\/www.senas.lasf.lt\/en\/wp-json\/wp\/v2\/pages\/172\/revisions\/39445"}],"wp:attachment":[{"href":"https:\/\/www.senas.lasf.lt\/en\/wp-json\/wp\/v2\/media?parent=172"}],"curies":[{"name":"wp","href":"https:\/\/api.w.org\/{rel}","templated":true}]}}