
{"id":162,"date":"2013-11-22T09:04:23","date_gmt":"2013-11-22T07:04:23","guid":{"rendered":"http:\/\/www.senas.lasf.lt\/?page_id=162"},"modified":"2025-03-27T13:57:53","modified_gmt":"2025-03-27T11:57:53","slug":"lasf-struktura","status":"publish","type":"page","link":"https:\/\/www.senas.lasf.lt\/en\/lasf-struktura\/","title":{"rendered":"LASF structure"},"content":{"rendered":"<p><\/p>\n<h2><strong>SECRETARY STRUCTURE<\/strong><\/h2>\n<ul>\n<li>LASF President &#8211; <strong>Egidijus<\/strong> <strong>JANAVI\u010cIUS <\/strong>&#8211; mob.: +370 685 01 303, el. p: <a href=\"mailto:egidijus.janavicius@lasf.lt\">egidijus.janavicius@lasf.lt&nbsp; &nbsp;<\/a><\/li>\n<li>LASF Honorary President &#8211; <strong>Arnas PALIUK\u0116NAS<\/strong><\/li>\n<li>LASF secretary general&nbsp;&#8211; <strong>Indr\u0117 JANAUSKAIT\u0116 <\/strong>&#8211; tel.\/fax.:+370 37 350026 ,8-631 21319 el. p: <a href=\"projektai@lasf.lt\">projektai@lasf.lt<\/a><\/li>\n<li>LASF administrator&nbsp;&#8211; <strong>Tomas BIELEVI\u010cIUS <\/strong>&#8211; tel.\/fax.: +370 37 350026 , 8-615 46710 el. p:<a href=\"mailto: lasf@lasf.lt\"> lasf@lasf.lt<\/a><\/li>\n<li>LASF financier &#8211; <strong>Svetlana KNIURIEN\u0116<\/strong> &#8211; tel.\/fax.: +370 37 787534, el. p: <a href=\"mailto:buhalterija@lasf.lt\">buhalterija@lasf.lt<\/a><\/li>\n<\/ul>\n<h2>LASF TARYBA<\/h2>\n<ul>\n<li>LASF President &#8211; <strong>Egidijus JANAVI\u010cIUS<\/strong><\/li>\n<li>LASF Vice president &#8211; <strong>Vladas PLESKOVAS<\/strong><\/li>\n<li>LASF Council member &#8211; <strong>Sandra JANU\u0160AUSKAIT\u0116<\/strong><\/li>\n<li>LASF Council member &#8211; <strong>Ona JASINSKAIT\u0116<\/strong><\/li>\n<li>LASF Council member &#8211; <strong>Vitalijus PLASTININAS<\/strong><\/li>\n<li>LASF Council member &#8211; <strong>Povilas JANKAVI\u010cIUS<\/strong><\/li>\n<li>LASF Council member &#8211; <strong>Jonas DERE\u0160KEVI\u010cIUS<\/strong><\/li>\n<\/ul>\n<h2>APELIACINIS TEISMAS&nbsp;<\/h2>\n<p>Pirmininkas \u2013 <strong>Kazimieras<\/strong> <strong>VASILIAUSKAS<\/strong><\/p>\n<p><strong>&nbsp;Arbitrai:<\/strong><\/p>\n<ul>\n<li>Tadas Vasiliauskas<\/li>\n<li>Ugn\u0117 Ruk\u0161\u0117nait\u0117<\/li>\n<li>Saulius Jodeika<\/li>\n<li>Tomas Kuzmarskas<\/li>\n<li>\u0160ar\u016bnas Liesis<\/li>\n<li>Ingrida Savickien\u0117<\/li>\n<li>Kipras Aleknavi\u010dius<\/li>\n<li>Ieva Kliminskait\u0117 &#8211; Ju\u0161k\u0117<\/li>\n<\/ul>\n<h2>LASF ETIKOS IR DRAUSM\u0116S KOMISIJA<\/h2>\n<ul>\n<li>Pirminink\u0117- <strong>Kata\u017eina \u0160einiauskien\u0117<\/strong><\/li>\n<li>Pirminink\u0117s pavaduotojas &#8211; <strong>Povilas Bonkevi\u010dius<\/strong><\/li>\n<\/ul>\n<p><strong>Komisijos nariai:<\/strong><\/p>\n<ul>\n<li>Alvydas Banys<\/li>\n<li>Rolandas Sutkevi\u010dius<\/li>\n<li>Juozas \u010ciplys<\/li>\n<\/ul>\n<h2>\u017dIEDO KOMITETAS<\/h2>\n<ul>\n<li style=\"text-align: left;\">Pirmininkas &#8211; <b>TOMAS MARTINKUS<\/b><\/li>\n<li style=\"text-align: left;\">Pirmininko pavaduotojas &#8211; <strong>TOMAS LIUTKUS<\/strong><\/li>\n<\/ul>\n<p><strong>Komiteto nariai:<\/strong><\/p>\n<ul>\n<li>Vidmantas Poci\u016bnas<\/li>\n<li>Paulius Mile\u0161ka<\/li>\n<\/ul>\n<h2>LASF SPORTO SENJOR\u0172 KOMITETAS<\/h2>\n<ul>\n<li>Pirmininkas &#8211; <strong>\u0160AR\u016aNAS MA\u017dEIKA<\/strong><\/li>\n<li>Pirmininko pavaduotojas &#8211;&nbsp;<strong>ROMUALDAS MA\u017dUOLIS<\/strong><\/li>\n<\/ul>\n<p><strong>Komiteto nariai:<\/strong><\/p>\n<ul>\n<li><strong>&nbsp;<\/strong>Rimgaudas Statnickas<\/li>\n<li>Gintautas \u0160l\u0117deris<\/li>\n<li>Regimantas Bindokas<\/li>\n<li>Gintautas Firantas<\/li>\n<li>Mindaugas \u017dilionis<\/li>\n<\/ul>\n<h2>RALIO KOMITETAS<\/h2>\n<ul>\n<li>Pirmininkas &nbsp;&#8211;<strong> DARIUS \u0160ILEIKIS<\/strong><\/li>\n<li>Pirmininko pavaduotojas &#8211;&nbsp;<strong>TADAS VASILIAUSKAS<\/strong><\/li>\n<\/ul>\n<p><strong>Komiteto nariai:&nbsp;<\/strong><\/p>\n<ul>\n<li>Ram\u016bnas \u010capkauskas<\/li>\n<li>Paulius Mile\u0161ka<\/li>\n<li>Tadas Zdanavi\u010dius<\/li>\n<li>Eugenijus Andrulis<\/li>\n<li>Donatas Liesis<\/li>\n<\/ul>\n<h2>KROSO KOMITETAS<\/h2>\n<ul>\n<li>Pirmininkas &#8211; <strong>TBA<\/strong><\/li>\n<li>Pirmininko pavaduotojas &#8211;&nbsp; <strong>SAULIUS \u017dUNDA<\/strong><\/li>\n<\/ul>\n<p><strong> Komiteto nariai:&nbsp;<\/strong><\/p>\n<ul>\n<li>Jonas Ker\u0161ys<\/li>\n<li>Arvydas Galinis<\/li>\n<li>Mindaugas Sidabras<\/li>\n<\/ul>\n<h2>4X4 KOMITETAS<\/h2>\n<ul>\n<li>Pirmininkas &#8211; <strong>DARIUS LESKAUSKAS<\/strong><\/li>\n<li>Pirmininko pavaduotojas &#8211; <strong>MANTAS BERNICKIS<\/strong><\/li>\n<\/ul>\n<p><strong>Komiteto nariai:&nbsp;<\/strong><\/p>\n<ul>\n<li>Martynas Vrublevski<\/li>\n<li>Ar\u016bnas Baronas<\/li>\n<li>Edgaras Simanavi\u010dius<\/li>\n<li>Marius Liubartas<\/li>\n<li>Mantas Grau\u017einis<\/li>\n<\/ul>\n<h2>DRIFT&#8217;O KOMITETAS<\/h2>\n<ul>\n<li>Pirmininkas &nbsp;&#8211; <strong>TOMAS GRUZDYS<\/strong><\/li>\n<li>Pirmininko pavaduotojas &#8211;<strong>&nbsp;<\/strong><\/li>\n<\/ul>\n<p><strong>Komiteto nariai:<\/strong><\/p>\n<ul>\n<li>Gediminas \u0160liumpa<\/li>\n<li>Mantas Kulvinskas<\/li>\n<li>Justas Furmanavi\u010dius<\/li>\n<li>Darius Jur\u010diukonis<\/li>\n<\/ul>\n<h2>KIT\u0172 SPORTO \u0160AK\u0172 KOMITETAS<\/h2>\n<ul>\n<li>Pirmininkas &#8211; <b>SILVERIJUS LAP\u0116NAS<\/b><\/li>\n<li>Pirmininko pavaduotojas &#8211; <strong>EUGENIJUS ANDRULIS<\/strong><\/li>\n<\/ul>\n<p><strong>Komiteto nariai:&nbsp;<\/strong><\/p>\n<ul>\n<li>Justas Sinica<\/li>\n<li>Saulius Stanaitis<\/li>\n<\/ul>\n<h2>DRAG&#8217;O KOMISIJA<\/h2>\n<ul>\n<li>Pirminink\u0117 &#8211; <strong>INDR\u0116 JANAUSKAIT\u0116<\/strong><\/li>\n<li>Pirminink\u0117s pavaduotojas &#8211; <strong>TBA<\/strong><\/li>\n<\/ul>\n<p><strong>Komisijos nariai:<\/strong><\/p>\n<ul>\n<li>Romualdas Ma\u017euolis<\/li>\n<li>Justas Pe\u010deli\u016bnas<\/li>\n<\/ul>\n<h2>TEIS\u0116J\u0172 KOMISIJA<\/h2>\n<ul>\n<li>Pirmininkas &#8211; <strong>KIPRAS ALEKNAVI\u010cIUS<\/strong><\/li>\n<li>Pirmininko pavaduotojas &#8211; <strong>TOMAS BIELEVI\u010cIUS<\/strong><\/li>\n<\/ul>\n<p><strong>Komisijos nariai:<\/strong><\/p>\n<ul>\n<li>Vaiva \u0160l\u0117derien\u0117<\/li>\n<\/ul>\n<h2>E-SPORTO KOMITETAS<\/h2>\n<ul>\n<li>Pirmininkas &#8211; <strong>TADAS DOVIDAITIS<\/strong><\/li>\n<li>Pirmininko pavaduotojas &#8211;&nbsp;<strong>GUSTAS GRINBERGAS<\/strong><\/li>\n<\/ul>\n<p><strong>Komiteto nariai:<\/strong><\/p>\n<ul>\n<li><strong>&nbsp;<\/strong>Kazimieras Dambrauskis<\/li>\n<li>Tauras Tunyla<\/li>\n<li>Justas Jovai\u0161as<\/li>\n<li>Matas Mendelis<\/li>\n<\/ul>\n<p><\/p>","protected":false},"excerpt":{"rendered":"<p>SECRETARY STRUCTURE LASF President &#8211; Egidijus JANAVI\u010cIUS &#8211; mob.: +370 685 01 303, el. p: egidijus.janavicius@lasf.lt&nbsp; &nbsp; LASF Honorary President &#8211; Arnas PALIUK\u0116NAS LASF secretary &#8230;<\/p>\n","protected":false},"author":19,"featured_media":0,"parent":0,"menu_order":0,"comment_status":"closed","ping_status":"closed","template":"","meta":{"footnotes":""},"class_list":["post-162","page","type-page","status-publish","hentry"],"_links":{"self":[{"href":"https:\/\/www.senas.lasf.lt\/en\/wp-json\/wp\/v2\/pages\/162"}],"collection":[{"href":"https:\/\/www.senas.lasf.lt\/en\/wp-json\/wp\/v2\/pages"}],"about":[{"href":"https:\/\/www.senas.lasf.lt\/en\/wp-json\/wp\/v2\/types\/page"}],"author":[{"embeddable":true,"href":"https:\/\/www.senas.lasf.lt\/en\/wp-json\/wp\/v2\/users\/19"}],"replies":[{"embeddable":true,"href":"https:\/\/www.senas.lasf.lt\/en\/wp-json\/wp\/v2\/comments?post=162"}],"version-history":[{"count":342,"href":"https:\/\/www.senas.lasf.lt\/en\/wp-json\/wp\/v2\/pages\/162\/revisions"}],"predecessor-version":[{"id":40568,"href":"https:\/\/www.senas.lasf.lt\/en\/wp-json\/wp\/v2\/pages\/162\/revisions\/40568"}],"wp:attachment":[{"href":"https:\/\/www.senas.lasf.lt\/en\/wp-json\/wp\/v2\/media?parent=162"}],"curies":[{"name":"wp","href":"https:\/\/api.w.org\/{rel}","templated":true}]}}