
{"id":160,"date":"2013-11-22T09:03:59","date_gmt":"2013-11-22T07:03:59","guid":{"rendered":"http:\/\/www.senas.lasf.lt\/?page_id=160"},"modified":"2025-02-05T13:16:25","modified_gmt":"2025-02-05T11:16:25","slug":"kontaktai","status":"publish","type":"page","link":"https:\/\/www.senas.lasf.lt\/en\/kontaktai\/","title":{"rendered":"Contacts"},"content":{"rendered":"<p><strong>THE LITHUANIAN AUTOMOBILE SPORT FEDERATION<\/strong><\/p>\n<p><em>Address<\/em><\/p>\n<p>Savanori\u0173 ave., 56, 44210 Kaunas<\/p>\n<p>tel.: +370 (37) 350026,&nbsp;e-mail:&nbsp;<a href=\"mailto:lasf@lasf.lt\">lasf@lasf.lt<\/a><\/p>\n<p><iframe loading=\"lazy\" style=\"border: 0;\" src=\"https:\/\/www.google.com\/maps\/embed?pb=!1m18!1m12!1m3!1d3244.208673995848!2d23.913064335554107!3d54.90288795075452!2m3!1f0!2f0!3f0!3m2!1i1024!2i768!4f13.1!3m3!1m2!1s0x46e7189ff11b1e25%3A0x2cdb400e96f03ac1!2sSavanori%C5%B3+pr.+56%2C+Kaunas+44210!5e0!3m2!1slt!2slt!4v1486367607248\" width=\"100%\" height=\"150\" frameborder=\"0\" allowfullscreen=\"allowfullscreen\"><\/iframe><\/p>\n<p><strong>LASF President EGIDIJUS JANAVI\u010cIUS<\/strong><\/p>\n<p>cell: +370 685 01 303, e-mail: <a href=\"mailto:egidijus.janavicius@lasf.lt\">egidijus.janavicius@lasf.lt&nbsp;&nbsp;<\/a><\/p>\n<p><strong>LASF Honorary President ARNAS PALIUK\u0116NAS<\/strong><\/p>\n<p><strong>SECRETARY GENERAL INDR\u0116 JANAUSKAIT\u0116<\/strong><\/p>\n<p>cell: +370 63 121319 phone: +370(37) 350026, e-mail: <a href=\"projektai@lasf.lt\">projektai@lasf.lt<\/a><\/p>\n<p><strong>ADMINISTRATOR TOMAS BIELEVI\u010cIUS<\/strong><\/p>\n<p>cell: +370 615 46710 phone: +370(37) 350026, e-mail: <a href=\"mailto:lasf@lasf.lt\" target=\"_blank\" rel=\"noopener\">lasf@lasf.lt<\/a><\/p>\n<p><strong>FINANCIER SVETLANA KNIURIEN\u0116<\/strong><\/p>\n<p>cell: +370 615 46710 phone: +370 37 787534, e-mail: <a href=\"mailto:svetlana.kniuriene@lasf.lt\" target=\"_blank\" rel=\"noopener\">svetlana.kniuriene@lasf.lt<\/a><\/p>\n<p><strong>LASF&nbsp;BOARD<\/strong><\/p>\n<p>LASF President &#8211; <strong>EGIDIJUS JANAVI\u010cIUS<\/strong><\/p>\n<p>cell: +370 685 01 303, e-mail: <a href=\"mailto:egidijus.janavicius@lasf.lt\">egidijus.janavicius@lasf.lt&nbsp;&nbsp;<\/a><\/p>\n<p>LASF Vice president &#8211;<strong> VLADAS PLESKOVAS<\/strong><\/p>\n<p>e.mail: <a href=\"mailto:klasera@klasera.lt\">klasera@klasera.lt<\/a><\/p>\n<p>LASF Council member \u2013 <strong>Sandra JANU\u0160AUSKAIT\u0116<\/strong><\/p>\n<p>e.mail: <a href=\"mailto:janusauskaitesandra@gmail.com\">janusauskaitesandra@gmail.com<\/a><\/p>\n<p>LASF Council member \u2013 <strong>Ona Jasinskait\u0117<\/strong><\/p>\n<p>e.mail: <a href=\"mailto:ona.jasinskaite@gmail.com\">ona.jasinskaite@gmail.com<\/a><\/p>\n<p>LASF Council member <strong>\u2013<\/strong> <strong>Vitalijus PLASTININAS<\/strong><\/p>\n<p>e.mail: <a href=\"mailto:info@mazeikiuask.lt\">info@mazeikiuask.lt<\/a><\/p>\n<p>LASF Council member \u2013 <strong>Povilas JANKAVI\u010cIUS<\/strong><\/p>\n<p>e.mail: <a href=\"mailto:order@snapup.eu\">order@snapup.eu<\/a><\/p>\n<p>LASF Council member <strong>\u2013<\/strong> <strong>Jonas DERE\u0160KEVI\u010cIUS<\/strong><\/p>\n<p>e.mail: <a href=\"mailto:jonas.dereskevicius@gmail.com\">jonas.dereskevicius@gmail.com<\/a><\/p>\n<p><strong>LASF Committees<\/strong><\/p>\n<p><strong>Chairman of the Cross country Committee INDR\u0116 JANAUSKAIT\u0116<\/strong><\/p>\n<p>cellphone: +37063121319<\/p>\n<p>e.mail: <a href=\"mailto:krosas@lasf.lt\">krosas@lasf.lt<\/a><\/p>\n<p><strong>Chairman of the Ring Committee TOMAS MARTINKUS<\/strong><\/p>\n<p>cellphone:mob.: +37068407687<\/p>\n<p>e.mail: <a href=\"mailto:racing@lasf.lt\">racing@lasf.lt<\/a><\/p>\n<p><strong>4 x 4 Committee Chairman DARIUS LESKAUSKAS<\/strong><\/p>\n<p>cellphone:+37067638139<\/p>\n<p>e.mail: <a href=\"4x4@lasf.lt\">4\u00d74@lasf.lt<\/a><\/p>\n<p><strong>Other sports Committee Chairman SILVERIJUS LAP\u0116NAS<\/strong><\/p>\n<p>cellphone: +370 614 10 069<\/p>\n<p>e.mail: <a href=\"mailto:slalomas@lasf.lt\">slalomas@lasf.lt<\/a><\/p>\n<p><strong>Seniors Committee Chairman \u0160AR\u016aNAS MA\u017dEIKA<\/strong><\/p>\n<p>cellphone: +370 698 25644<\/p>\n<p><strong>Rally Committee Chairman DARIUS \u0160ILEIKIS<\/strong><\/p>\n<p>cellphone: +370 624 23838<\/p>\n<p>e.mail: <a href=\"mailto:rk@lasf.lt\">rk@lasf.lt<\/a><\/p>\n<p><strong>Drift Committee Chairman \u2013 TOMAS GRUZDYS<\/strong><\/p>\n<p>cellphone:+370 614 64368<\/p>\n<p>e.mail: <a href=\"mailto:drift@lasf.lt\">drift@lasf.lt<\/a><\/p>\n<p><strong>Drag Commission Chairman- INDR\u0116 JANAUSKAIT\u0116<\/strong><\/p>\n<p>cellphone: +37063121319<\/p>\n<p>e.mail: <a href=\"mailto:drag@lasf.lt\">drag@lasf.lt<\/a><\/p>\n<p><strong>E-Sports Committee Chairman- TADAS DOVIDAITIS<\/strong><\/p>\n<p>cellphone: +37062435487<\/p>\n<p>e.mail: esports@lasf.lt<\/p>\n<p><strong>CHAIRMAN OF THE COMMISSION OF JUDGES &#8211; KIPRAS ALEKNAVI\u010cIUS<\/strong><\/p>\n<p>mobile: +37068130867<\/p>\n<p>e-mail: teisejai@lasf.lt<\/p>","protected":false},"excerpt":{"rendered":"<p>THE LITHUANIAN AUTOMOBILE SPORT FEDERATION Address Savanori\u0173 ave., 56, 44210 Kaunas tel.: +370 (37) 350026,&nbsp;e-mail:&nbsp;lasf@lasf.lt LASF President EGIDIJUS JANAVI\u010cIUS cell: +370 685 01 303, e-mail: &#8230;<\/p>\n","protected":false},"author":19,"featured_media":0,"parent":0,"menu_order":0,"comment_status":"closed","ping_status":"closed","template":"","meta":{"footnotes":""},"class_list":["post-160","page","type-page","status-publish","hentry"],"_links":{"self":[{"href":"https:\/\/www.senas.lasf.lt\/en\/wp-json\/wp\/v2\/pages\/160"}],"collection":[{"href":"https:\/\/www.senas.lasf.lt\/en\/wp-json\/wp\/v2\/pages"}],"about":[{"href":"https:\/\/www.senas.lasf.lt\/en\/wp-json\/wp\/v2\/types\/page"}],"author":[{"embeddable":true,"href":"https:\/\/www.senas.lasf.lt\/en\/wp-json\/wp\/v2\/users\/19"}],"replies":[{"embeddable":true,"href":"https:\/\/www.senas.lasf.lt\/en\/wp-json\/wp\/v2\/comments?post=160"}],"version-history":[{"count":290,"href":"https:\/\/www.senas.lasf.lt\/en\/wp-json\/wp\/v2\/pages\/160\/revisions"}],"predecessor-version":[{"id":40133,"href":"https:\/\/www.senas.lasf.lt\/en\/wp-json\/wp\/v2\/pages\/160\/revisions\/40133"}],"wp:attachment":[{"href":"https:\/\/www.senas.lasf.lt\/en\/wp-json\/wp\/v2\/media?parent=160"}],"curies":[{"name":"wp","href":"https:\/\/api.w.org\/{rel}","templated":true}]}}