
{"id":149,"date":"2013-11-22T09:00:56","date_gmt":"2013-11-22T07:00:56","guid":{"rendered":"http:\/\/www.senas.lasf.lt\/?page_id=149"},"modified":"2025-04-07T07:30:10","modified_gmt":"2025-04-07T05:30:10","slug":"reg","status":"publish","type":"page","link":"https:\/\/www.senas.lasf.lt\/en\/dragas\/reg\/","title":{"rendered":"Regulations"},"content":{"rendered":"<p><\/p>\n<p><p><a href=\"https:\/\/www.senas.lasf.lt\/wp-content\/uploads\/2013\/11\/Drago-komiteto-nuostatai-2013.pdf\" class=\"mtli_attachment mtli_pdf\">LASF DRAG&#8221;o komiteto darbo nuostatai<\/a>.<br \/>\n<a href=\"https:\/\/www.senas.lasf.lt\/wp-content\/uploads\/2013\/11\/Kalendorius-2013-2.jpg\">2013 m var\u017eyb\u0173 kalendorius<\/a>.<br \/>\n<a href=\"https:\/\/www.senas.lasf.lt\/wp-content\/uploads\/2013\/11\/2013_DRAG_Reglamentas.pdf\" class=\"mtli_attachment mtli_pdf\">2013 m. Lietuvos automobili\u0173 Drag lenktyni\u0173 \u010dempionato Reglamentas.<\/a><br \/>\n<a href=\"https:\/\/www.senas.lasf.lt\/wp-content\/uploads\/2013\/11\/2013_DRAG_Techniniai_reikalavimai.pdf\" class=\"mtli_attachment mtli_pdf\">2013 m. Lietuvos automobili\u0173 Drag lenktyni\u0173 \u010dempionato, Priedas Nr. 2 techniniai reikalavimai.<\/a><\/p>\n<\/p>\n<p><\/p>","protected":false},"excerpt":{"rendered":"<p>LASF DRAG&#8221;o komiteto darbo nuostatai. 2013 m var\u017eyb\u0173 kalendorius. 2013 m. Lietuvos automobili\u0173 Drag lenktyni\u0173 \u010dempionato Reglamentas. 2013 m. Lietuvos automobili\u0173 Drag lenktyni\u0173 \u010dempionato, Priedas &#8230;<\/p>\n","protected":false},"author":19,"featured_media":0,"parent":126,"menu_order":0,"comment_status":"closed","ping_status":"closed","template":"","meta":{"footnotes":""},"class_list":["post-149","page","type-page","status-publish","hentry"],"_links":{"self":[{"href":"https:\/\/www.senas.lasf.lt\/en\/wp-json\/wp\/v2\/pages\/149"}],"collection":[{"href":"https:\/\/www.senas.lasf.lt\/en\/wp-json\/wp\/v2\/pages"}],"about":[{"href":"https:\/\/www.senas.lasf.lt\/en\/wp-json\/wp\/v2\/types\/page"}],"author":[{"embeddable":true,"href":"https:\/\/www.senas.lasf.lt\/en\/wp-json\/wp\/v2\/users\/19"}],"replies":[{"embeddable":true,"href":"https:\/\/www.senas.lasf.lt\/en\/wp-json\/wp\/v2\/comments?post=149"}],"version-history":[{"count":71,"href":"https:\/\/www.senas.lasf.lt\/en\/wp-json\/wp\/v2\/pages\/149\/revisions"}],"predecessor-version":[{"id":40638,"href":"https:\/\/www.senas.lasf.lt\/en\/wp-json\/wp\/v2\/pages\/149\/revisions\/40638"}],"up":[{"embeddable":true,"href":"https:\/\/www.senas.lasf.lt\/en\/wp-json\/wp\/v2\/pages\/126"}],"wp:attachment":[{"href":"https:\/\/www.senas.lasf.lt\/en\/wp-json\/wp\/v2\/media?parent=149"}],"curies":[{"name":"wp","href":"https:\/\/api.w.org\/{rel}","templated":true}]}}