
{"id":145,"date":"2013-11-22T09:00:29","date_gmt":"2013-11-22T07:00:29","guid":{"rendered":"http:\/\/www.senas.lasf.lt\/?page_id=145"},"modified":"2025-02-11T10:01:46","modified_gmt":"2025-02-11T08:01:46","slug":"reglamentai","status":"publish","type":"page","link":"https:\/\/www.senas.lasf.lt\/en\/driftas\/reglamentai\/","title":{"rendered":"Regulations"},"content":{"rendered":"<p><\/p>\n<p><p><a href=\"https:\/\/www.senas.lasf.lt\/wp-content\/uploads\/2013\/11\/Drifto-komiteto-nuostatai-2013.pdf\" class=\"mtli_attachment mtli_pdf\">LASF Drift&#8217;o komiteto darbo nuostatai<\/a><\/p>\n<p><strong>2013 m. Lietuvos Drifto \u010dempionat\u0105 reglamentuojantys dokumentai<\/strong><\/p>\n<p><a href=\"https:\/\/www.senas.lasf.lt\/wp-content\/uploads\/2013\/11\/LDC_taisykles_FIN.pdf\" class=\"mtli_attachment mtli_pdf\">2013 m. Lietuvos Drifto \u010cempionato (LD\u010c) Reglamentas ir Taisykl\u0117s<\/a><br \/>\nPriedai:<\/p>\n<ol>\n<li><a href=\"https:\/\/www.senas.lasf.lt\/wp-content\/uploads\/2013\/11\/teisejavimo-tasykles-priedas-nr1_FIN.pdf\" class=\"mtli_attachment mtli_pdf\">Teis\u0117javimo taisykl\u0117s<\/a>;<\/li>\n<li><a href=\"https:\/\/www.senas.lasf.lt\/wp-content\/uploads\/2013\/11\/Techninis-reglamentas_priedas_2_-PRO_STREET_DRIFTAS.pdf\" class=\"mtli_attachment mtli_pdf\">Techniniai reikalavimai: &#8220;PRO&#8221; ir &#8220;STREET&#8221; klas\u0117ms<\/a>;<\/li>\n<li><a href=\"https:\/\/www.senas.lasf.lt\/wp-content\/uploads\/2013\/11\/SVO-drifto-trasoms-priedas-nr3-2012-11-30.pdf\" class=\"mtli_attachment mtli_pdf\">Reikalavimai &#8220;PRO&#8221; lygos Drift&#8217;o var\u017eyb\u0173 trasoms<\/a>;<\/li>\n<li><a href=\"https:\/\/www.senas.lasf.lt\/wp-content\/uploads\/2013\/11\/Priedas4-Reklamos_Schema.pdf\" class=\"mtli_attachment mtli_pdf\">Reklama ant sportinio automobilio<\/a>.<\/li>\n<\/ol>\n<p><\/p>","protected":false},"excerpt":{"rendered":"<p>LASF Drift&#8217;o komiteto darbo nuostatai 2013 m. Lietuvos Drifto \u010dempionat\u0105 reglamentuojantys dokumentai 2013 m. Lietuvos Drifto \u010cempionato (LD\u010c) Reglamentas ir Taisykl\u0117s Priedai: Teis\u0117javimo taisykl\u0117s; Techniniai &#8230;<\/p>\n","protected":false},"author":19,"featured_media":0,"parent":124,"menu_order":0,"comment_status":"closed","ping_status":"closed","template":"","meta":{"footnotes":""},"class_list":["post-145","page","type-page","status-publish","hentry"],"_links":{"self":[{"href":"https:\/\/www.senas.lasf.lt\/en\/wp-json\/wp\/v2\/pages\/145"}],"collection":[{"href":"https:\/\/www.senas.lasf.lt\/en\/wp-json\/wp\/v2\/pages"}],"about":[{"href":"https:\/\/www.senas.lasf.lt\/en\/wp-json\/wp\/v2\/types\/page"}],"author":[{"embeddable":true,"href":"https:\/\/www.senas.lasf.lt\/en\/wp-json\/wp\/v2\/users\/19"}],"replies":[{"embeddable":true,"href":"https:\/\/www.senas.lasf.lt\/en\/wp-json\/wp\/v2\/comments?post=145"}],"version-history":[{"count":66,"href":"https:\/\/www.senas.lasf.lt\/en\/wp-json\/wp\/v2\/pages\/145\/revisions"}],"predecessor-version":[{"id":40209,"href":"https:\/\/www.senas.lasf.lt\/en\/wp-json\/wp\/v2\/pages\/145\/revisions\/40209"}],"up":[{"embeddable":true,"href":"https:\/\/www.senas.lasf.lt\/en\/wp-json\/wp\/v2\/pages\/124"}],"wp:attachment":[{"href":"https:\/\/www.senas.lasf.lt\/en\/wp-json\/wp\/v2\/media?parent=145"}],"curies":[{"name":"wp","href":"https:\/\/api.w.org\/{rel}","templated":true}]}}