
{"id":143,"date":"2013-11-22T09:00:16","date_gmt":"2013-11-22T07:00:16","guid":{"rendered":"http:\/\/www.senas.lasf.lt\/?page_id=143"},"modified":"2024-10-22T07:41:11","modified_gmt":"2024-10-22T05:41:11","slug":"rezultatai","status":"publish","type":"page","link":"https:\/\/www.senas.lasf.lt\/en\/driftas\/rezultatai\/","title":{"rendered":"ResultsResults"},"content":{"rendered":"<p><\/p>\n<p><p>Ryt\u0173 Europos Driftingo \u010dempionato 4 etapas<\/p>\n<p><a href=\"https:\/\/www.senas.lasf.lt\/wp-content\/uploads\/2013\/11\/EEDC-2013-stage-4-Drivers-list1.pdf\" class=\"mtli_attachment mtli_pdf\">Dalyvi\u0173 s\u0105ra\u0161as<\/a>.<br \/>\n<a href=\"https:\/\/www.senas.lasf.lt\/wp-content\/uploads\/2013\/11\/EEDC-2013-stage-4-Qualification-scores.pdf\" class=\"mtli_attachment mtli_pdf\">Kvalifikaciniai va\u017eiavimai<\/a>.<br \/>\n<a href=\"https:\/\/www.senas.lasf.lt\/wp-content\/uploads\/2013\/11\/EEDC-2013-stage-4-Top16-FINAL-STANDINGS.pdf\" class=\"mtli_attachment mtli_pdf\">Finaliniai va\u017eiavimai<\/a>.<br \/>\n<a href=\"https:\/\/www.senas.lasf.lt\/wp-content\/uploads\/2013\/11\/Driftas_1_2_2013-rezultatai.png\">2013 m. Lietuvos Drifto \u010dempionato rezultatai po 2 etap\u0173<\/a>.<\/p>\n<\/p>\n<p><\/p>","protected":false},"excerpt":{"rendered":"<p>Ryt\u0173 Europos Driftingo \u010dempionato 4 etapas Dalyvi\u0173 s\u0105ra\u0161as. Kvalifikaciniai va\u017eiavimai. Finaliniai va\u017eiavimai. 2013 m. Lietuvos Drifto \u010dempionato rezultatai po 2 etap\u0173.<\/p>\n","protected":false},"author":19,"featured_media":0,"parent":124,"menu_order":0,"comment_status":"closed","ping_status":"closed","template":"","meta":{"footnotes":""},"class_list":["post-143","page","type-page","status-publish","hentry"],"_links":{"self":[{"href":"https:\/\/www.senas.lasf.lt\/en\/wp-json\/wp\/v2\/pages\/143"}],"collection":[{"href":"https:\/\/www.senas.lasf.lt\/en\/wp-json\/wp\/v2\/pages"}],"about":[{"href":"https:\/\/www.senas.lasf.lt\/en\/wp-json\/wp\/v2\/types\/page"}],"author":[{"embeddable":true,"href":"https:\/\/www.senas.lasf.lt\/en\/wp-json\/wp\/v2\/users\/19"}],"replies":[{"embeddable":true,"href":"https:\/\/www.senas.lasf.lt\/en\/wp-json\/wp\/v2\/comments?post=143"}],"version-history":[{"count":231,"href":"https:\/\/www.senas.lasf.lt\/en\/wp-json\/wp\/v2\/pages\/143\/revisions"}],"predecessor-version":[{"id":39416,"href":"https:\/\/www.senas.lasf.lt\/en\/wp-json\/wp\/v2\/pages\/143\/revisions\/39416"}],"up":[{"embeddable":true,"href":"https:\/\/www.senas.lasf.lt\/en\/wp-json\/wp\/v2\/pages\/124"}],"wp:attachment":[{"href":"https:\/\/www.senas.lasf.lt\/en\/wp-json\/wp\/v2\/media?parent=143"}],"curies":[{"name":"wp","href":"https:\/\/api.w.org\/{rel}","templated":true}]}}