
{"id":138,"date":"2013-11-22T08:59:38","date_gmt":"2013-11-22T06:59:38","guid":{"rendered":"http:\/\/www.senas.lasf.lt\/?page_id=138"},"modified":"2025-04-28T10:20:09","modified_gmt":"2025-04-28T08:20:09","slug":"rezultatai","status":"publish","type":"page","link":"https:\/\/www.senas.lasf.lt\/en\/krosas\/rezultatai\/","title":{"rendered":"Results"},"content":{"rendered":"<p>&nbsp;<\/p>\n<p><strong>2013 m. Lietuvos (NEZ, Baltijos \u0161ali\u0173 taur\u0117s &#8211; BC) autokroso \u010dempionatas<\/strong><\/p>\n<p>NEZ, Baltijos autokroso I etapas Latvijoje 2013.04.28.<\/p>\n<p>Rezultatai:&nbsp;<a href=\"https:\/\/www.senas.lasf.lt\/wp-content\/uploads\/2013\/11\/2013_of_rez_B600_28_04.pdf\" class=\"mtli_attachment mtli_pdf\">NEZ B600<\/a>,&nbsp;<a href=\"https:\/\/www.senas.lasf.lt\/wp-content\/uploads\/2013\/11\/2013_of-rez_B1600_28-04.pdf\" class=\"mtli_attachment mtli_pdf\">NEZ B1600<\/a>,&nbsp;<a href=\"https:\/\/www.senas.lasf.lt\/wp-content\/uploads\/2013\/11\/2013_of_rez_B6000_28_04.pdf\" class=\"mtli_attachment mtli_pdf\">NEZ \/ BC B6000<\/a>,&nbsp;<a href=\"https:\/\/www.senas.lasf.lt\/wp-content\/uploads\/2013\/11\/2013_of-rez_VAZ_28-04.pdf\" class=\"mtli_attachment mtli_pdf\">BC VAZ<\/a>,&nbsp;<a href=\"https:\/\/www.senas.lasf.lt\/wp-content\/uploads\/2013\/11\/2013_of_rez_1600_28_04.pdf\" class=\"mtli_attachment mtli_pdf\">BC 1600<\/a>,&nbsp;<a href=\"https:\/\/www.senas.lasf.lt\/wp-content\/uploads\/2013\/11\/2013_of_rez_2000S_28_04.pdf\" class=\"mtli_attachment mtli_pdf\">BC 2000S<\/a>,&nbsp;<a href=\"https:\/\/www.senas.lasf.lt\/wp-content\/uploads\/2013\/11\/2013_of_rez_Open_28_04.pdf\" class=\"mtli_attachment mtli_pdf\">BC OPEN<\/a>,&nbsp;<a href=\"https:\/\/www.senas.lasf.lt\/wp-content\/uploads\/2013\/11\/2013_of_rez_D12_28_04.pdf\" class=\"mtli_attachment mtli_pdf\">BC D-12<\/a>.<\/p>\n<p>NEZ, Baltijos autokroso II etapas, Lietuvos autokroso \u010dempionato I etapas, Lietuvoje, Marijampol\u0117s trasoje 2013.05.12.<\/p>\n<p>Rezultatai:&nbsp;<a href=\"https:\/\/www.senas.lasf.lt\/wp-content\/uploads\/2013\/11\/rezultatai.rar\">NEZ B600, NEZ B1600, NEZ \/ BC B6000, BC VAZ, BC 1600 \/ LT D-1A, BC 2000S \/ LT D-4, BC OPEN \/ D-OPEN, BC D-12. Komandin\u0117 \u012fskaita<\/a>.<\/p>\n<p>Lietuvos autokroso \u010dempionato II etapas, Lietuvoje, Ukmerg\u0117s &#8220;Versm\u0117s&#8221; trasoje 2013.06.01.<\/p>\n<p>Rezultatai:&nbsp;<a href=\"https:\/\/www.senas.lasf.lt\/wp-content\/uploads\/2013\/11\/D-1A-results.pdf\" class=\"mtli_attachment mtli_pdf\">D-1A&nbsp;<\/a>,&nbsp;<a href=\"https:\/\/www.senas.lasf.lt\/wp-content\/uploads\/2013\/11\/D-4-results.pdf\" class=\"mtli_attachment mtli_pdf\">D-4&nbsp;<\/a>,&nbsp;<a href=\"https:\/\/www.senas.lasf.lt\/wp-content\/uploads\/2013\/11\/D-OPEN-results.pdf\" class=\"mtli_attachment mtli_pdf\">D-Open<\/a>,&nbsp;<a href=\"https:\/\/www.senas.lasf.lt\/wp-content\/uploads\/2013\/11\/D-3A-AWD-results.pdf\" class=\"mtli_attachment mtli_pdf\">D-3A AWD<\/a>,&nbsp;<a href=\"https:\/\/www.senas.lasf.lt\/wp-content\/uploads\/2013\/11\/D-3A-RWD.pdf\" class=\"mtli_attachment mtli_pdf\">D-3A RWD<\/a>,&nbsp;<a href=\"https:\/\/www.senas.lasf.lt\/wp-content\/uploads\/2013\/11\/Komandine-iskaita-1.pdf\" class=\"mtli_attachment mtli_pdf\">Komandiniai<\/a><\/p>\n<p><a href=\"https:\/\/www.senas.lasf.lt\/wp-content\/uploads\/2013\/11\/2013-m-Lietuvos-autokroso-cempionato-rezultatai-po-2-etapu.xls\" class=\"mtli_attachment mtli_xls\">2013 m. Lietuvos automobili\u0173 kroso \u010dempionato rezultatai po II etap\u0173<\/a><\/p>\n<p>Lietuvos autokroso \u010dempionato III etapas, Lietuvoje, Taurag\u0117je Sungaili\u0161ki\u0173 trasoje 2013.07.07<\/p>\n<p>Rezultatai:&nbsp;<a href=\"https:\/\/www.senas.lasf.lt\/wp-content\/uploads\/2013\/11\/D-1A-result-1.pdf\" class=\"mtli_attachment mtli_pdf\">D-1A<\/a>,&nbsp;<a href=\"https:\/\/www.senas.lasf.lt\/wp-content\/uploads\/2013\/11\/D-4-result.pdf\" class=\"mtli_attachment mtli_pdf\">D-4<\/a>,&nbsp;<a href=\"https:\/\/www.senas.lasf.lt\/wp-content\/uploads\/2013\/11\/D-OPEN-result.pdf\" class=\"mtli_attachment mtli_pdf\">D-Open<\/a>,&nbsp;<a href=\"https:\/\/www.senas.lasf.lt\/wp-content\/uploads\/2013\/11\/D-3A-AWD-result.pdf\" class=\"mtli_attachment mtli_pdf\">D-3A AWD<\/a>,&nbsp;<a href=\"https:\/\/www.senas.lasf.lt\/wp-content\/uploads\/2013\/11\/D-3A-RWD-result.pdf\" class=\"mtli_attachment mtli_pdf\">D-3A RWD<\/a>,&nbsp;<a href=\"https:\/\/www.senas.lasf.lt\/wp-content\/uploads\/2013\/11\/Komandine-iskaita.pdf\" class=\"mtli_attachment mtli_pdf\">Komandiniai<\/a>.<\/p>\n<p>Lietuvos autokroso \u010dempionato IV etapas, Baltijos \u0161ali\u0173 autokroso Taur\u0117s etapas Lietuvoje, Vilky\u010di\u0173 autokroso trasoje 2013.08.11<\/p>\n<p>LT Rezultatai:&nbsp;<a href=\"https:\/\/www.senas.lasf.lt\/wp-content\/uploads\/2013\/11\/Lietuvos-kroso-4-as-etapas-D-1A.pdf\" class=\"mtli_attachment mtli_pdf\">D-1A<\/a>,&nbsp;<a href=\"https:\/\/www.senas.lasf.lt\/wp-content\/uploads\/2013\/11\/Lietuvos-kroso-4-as-etapas-D-4.pdf\" class=\"mtli_attachment mtli_pdf\">D-4<\/a>,&nbsp;<a href=\"https:\/\/www.senas.lasf.lt\/wp-content\/uploads\/2013\/11\/Lietuvos-kroso-4-as-etapas-D-OPEN.pdf\" class=\"mtli_attachment mtli_pdf\">D-Open<\/a>,&nbsp;<a href=\"https:\/\/www.senas.lasf.lt\/wp-content\/uploads\/2013\/11\/Lietuvos-kroso-4-as-etapas-D-3A-AWD.pdf\" class=\"mtli_attachment mtli_pdf\">D-3A AWD<\/a>,&nbsp;<a href=\"https:\/\/www.senas.lasf.lt\/wp-content\/uploads\/2013\/11\/Lietuvos-kroso-4-as-etapas-D-3A-RWD.pdf\" class=\"mtli_attachment mtli_pdf\">D-3A RWD<\/a>,&nbsp;<a href=\"https:\/\/www.senas.lasf.lt\/wp-content\/uploads\/2013\/11\/Lietuvos-kroso-4-as-etapas-Komandine.pdf\" class=\"mtli_attachment mtli_pdf\">Komandiniai<\/a>.<br \/>\nBaltijos \u0161ali\u0173 autokroso rezultatai:&nbsp;<a href=\"https:\/\/www.senas.lasf.lt\/wp-content\/uploads\/2013\/11\/Baltic-autocross-cup-3rd-event-D-1600_D1A.pdf\" class=\"mtli_attachment mtli_pdf\">BC 1600<\/a>,&nbsp;<a href=\"https:\/\/www.senas.lasf.lt\/wp-content\/uploads\/2013\/11\/Baltic-autocross-cup-3rd-event-D-2000_D4.pdf\" class=\"mtli_attachment mtli_pdf\">BC 2000<\/a>,&nbsp;<a href=\"https:\/\/www.senas.lasf.lt\/wp-content\/uploads\/2013\/11\/Baltic-autocross-cup-3rd-event-D-OPEN.pdf\" class=\"mtli_attachment mtli_pdf\">BC OPEN<\/a>.<\/p>\n<p>Lietuvos autokroso \u010dempionato V etapas, 2013.09.15<\/p>\n<p>2013 m. Lietuvos automobili\u0173 kroso \u010dempionato rezultat\u0173 suvestin\u0117 po V etap\u0173 &#8211;&nbsp;<a title=\"\u010cIA\" href=\"http:\/\/www.autokrosas.lt\/2013_Rezultatai\/LAC.htm\" target=\"_blank\" rel=\"noopener\">\u010cIA<\/a>.<\/p>\n<p><a title=\"2013 m. NEZ ir Baltijos \u0161ali\u0173 autokroso taur\u0117s rezultatai\" href=\"http:\/\/www.autokrosas.lt\/2013_Rezultatai\/2013_NEZ_BC_rezultatai.htm\" target=\"_blank\" rel=\"noopener\">2013 m. NEZ ir Baltijos \u0161ali\u0173 autokroso taur\u0117s rezultatai<\/a>&nbsp;po 3 etap\u0173.<\/p>\n<p>Informacija apie var\u017eybas per Lietuvos rytas, TV, laidoje &#8220;Teritorija&#8221;,&nbsp;<a title=\"www.teritorija.tv\/lt\/Laidu_irasai\/i:86\" href=\"http:\/\/teritorija.tv\/lt\/Laidu_irasai\/i:86\" target=\"_blank\" rel=\"noopener\">teritorija.tv\/lt\/Laidu_irasai\/i:86<\/a><\/p>\n<p><strong>2013 m. Lietuvos (NEZ, Europos) automobili\u0173 rali-kroso \u010dempionatas<\/strong><\/p>\n<p>I etapo rezultatai Latvijoje. 2013-07-14:&nbsp;<a href=\"https:\/\/www.senas.lasf.lt\/wp-content\/uploads\/2013\/11\/NEZ_Official_res_Super-1600.pdf\" class=\"mtli_attachment mtli_pdf\">D-1A<\/a>&nbsp;(NEZ Super 1600),&nbsp;<a href=\"https:\/\/www.senas.lasf.lt\/wp-content\/uploads\/2013\/11\/NEZ_Official_res_2000.pdf\" class=\"mtli_attachment mtli_pdf\">D-4<\/a>&nbsp;(NEZ 2000),&nbsp;<a href=\"https:\/\/www.senas.lasf.lt\/wp-content\/uploads\/2013\/11\/NEZ_Official_res_Supercars.pdf\" class=\"mtli_attachment mtli_pdf\">D-1<\/a>&nbsp;(NEZ Supercars),&nbsp;<a href=\"https:\/\/www.senas.lasf.lt\/wp-content\/uploads\/2013\/11\/NEZ_Official_res_Open.pdf\" class=\"mtli_attachment mtli_pdf\">NEZ Open<\/a>. Komandiniai NEZ \u0161ali\u0173.<br \/>\n<a href=\"https:\/\/www.senas.lasf.lt\/wp-content\/uploads\/2013\/11\/2013-m-Lietuvos-rali_kroso-cempionato-rezultatai-po_I-etapo.xls\" class=\"mtli_attachment mtli_xls\">2013 m. Lietuvos automobili\u0173 rali-kroso \u010dempionato rezultatai po I etapo<\/a><\/p>\n<p>II etapo rezultatai Vilky\u010diuose 2013-07-21:&nbsp;<a href=\"https:\/\/www.senas.lasf.lt\/wp-content\/uploads\/2013\/11\/Results-NEZ.xls\" class=\"mtli_attachment mtli_xls\">Oficial\u016bs rezultatai (NEZ)<\/a>.&nbsp;<a href=\"https:\/\/www.senas.lasf.lt\/wp-content\/uploads\/2013\/11\/komandiniai.xls\" class=\"mtli_attachment mtli_xls\">Komandiniai<\/a>.&nbsp;<a href=\"https:\/\/www.senas.lasf.lt\/wp-content\/uploads\/2013\/11\/Nations-cup.xls\" class=\"mtli_attachment mtli_xls\">Nacij\u0173 taur\u0117s<\/a>.<\/p>\n<p><a title=\"2013 m. NEZ \u0160iaur\u0117s Europos zonos \u0161ali\u0173 rali-kroso \u010dempionato rezultatai\" href=\"http:\/\/www.autokrosas.lt\/2013_Rezultatai\/NEZ.htm\" target=\"_blank\" rel=\"noopener\">2013 m. NEZ \u0160iaur\u0117s Europos zonos \u0161ali\u0173 rali-kroso \u010dempionato rezultatai<\/a><\/p>\n<p><a href=\"https:\/\/www.senas.lasf.lt\/wp-content\/uploads\/2013\/11\/2013NEZ-Cup-Buggy-6000-Buggy-1600-Buggy-600_final.doc\" class=\"mtli_attachment mtli_doc\">2013 m. NEZ \u0160iaur\u0117s Europos zonos \u0161ali\u0173 automobili\u0173 kroso Taur\u0117s rezultatai<\/a><\/p>\n<p><a href=\"https:\/\/www.senas.lasf.lt\/wp-content\/uploads\/2013\/11\/2013_Baltijos_autokroso-taures-rezultatai.pdf\" class=\"mtli_attachment mtli_pdf\">2013 m. Baltijos \u0161ali\u0173 autokroso taur\u0117s rezultatai<\/a><\/p>\n<p><a title=\"2013 m. Europos rali kroso \u010dempionato rezultatai\" href=\"http:\/\/www.autokrosas.lt\/2013_Rezultatai\/ERC.htm\" target=\"_blank\" rel=\"noopener\">2013 m. Europos rali kroso \u010dempionato rezultatai<\/a><\/p>\n<p><a href=\"https:\/\/www.senas.lasf.lt\/wp-content\/uploads\/2013\/11\/2013_Regioniniu-rezultatai-po-5-etapu_galutiniai.xls\" class=\"mtli_attachment mtli_xls\">2013 m. Regionini\u0173 automobili\u0173 kroso var\u017eyb\u0173 rezultatai po V etap\u0173.<\/a>&nbsp;2013 10 28<\/p>","protected":false},"excerpt":{"rendered":"<p>&nbsp; 2013 m. Lietuvos (NEZ, Baltijos \u0161ali\u0173 taur\u0117s &#8211; BC) autokroso \u010dempionatas NEZ, Baltijos autokroso I etapas Latvijoje 2013.04.28. Rezultatai:&nbsp;NEZ B600,&nbsp;NEZ B1600,&nbsp;NEZ \/ BC B6000,&nbsp;BC &#8230;<\/p>\n","protected":false},"author":19,"featured_media":0,"parent":122,"menu_order":0,"comment_status":"closed","ping_status":"closed","template":"","meta":{"footnotes":""},"class_list":["post-138","page","type-page","status-publish","hentry"],"_links":{"self":[{"href":"https:\/\/www.senas.lasf.lt\/en\/wp-json\/wp\/v2\/pages\/138"}],"collection":[{"href":"https:\/\/www.senas.lasf.lt\/en\/wp-json\/wp\/v2\/pages"}],"about":[{"href":"https:\/\/www.senas.lasf.lt\/en\/wp-json\/wp\/v2\/types\/page"}],"author":[{"embeddable":true,"href":"https:\/\/www.senas.lasf.lt\/en\/wp-json\/wp\/v2\/users\/19"}],"replies":[{"embeddable":true,"href":"https:\/\/www.senas.lasf.lt\/en\/wp-json\/wp\/v2\/comments?post=138"}],"version-history":[{"count":447,"href":"https:\/\/www.senas.lasf.lt\/en\/wp-json\/wp\/v2\/pages\/138\/revisions"}],"predecessor-version":[{"id":40830,"href":"https:\/\/www.senas.lasf.lt\/en\/wp-json\/wp\/v2\/pages\/138\/revisions\/40830"}],"up":[{"embeddable":true,"href":"https:\/\/www.senas.lasf.lt\/en\/wp-json\/wp\/v2\/pages\/122"}],"wp:attachment":[{"href":"https:\/\/www.senas.lasf.lt\/en\/wp-json\/wp\/v2\/media?parent=138"}],"curies":[{"name":"wp","href":"https:\/\/api.w.org\/{rel}","templated":true}]}}